{"id":873,"date":"2022-07-27T07:07:07","date_gmt":"2022-07-27T10:07:07","guid":{"rendered":"https:\/\/pontocomapalavradotcom.wordpress.com\/?page_id=873"},"modified":"2024-01-18T22:07:22","modified_gmt":"2024-01-19T01:07:22","slug":"sobre","status":"publish","type":"page","link":"https:\/\/pontocomapalavra.com\/index.php\/sobre\/","title":{"rendered":"Sobre"},"content":{"rendered":"\n<p>Este site visa dar a sua parcela de contribui\u00e7\u00e3o junto ao reino de Deus. Para tanto estamos trazendo at\u00e9 voc\u00ea \u00e1udio livros que nos possam ajudar pela luz que muitos irm\u00e3o receberam e tem recebido acerca do eterno prop\u00f3sito de Deus: Cristo Jesus, assim como da Sua igreja Nele e do Seu Reino por meio Dele.<\/p>\n\n\n\n<p>Em tempo s\u00f3 a t\u00edtulo de esclarecimento comunicamos que o site n\u00e3o \u00e9 monetizado e que voc\u00ea pode se sentir confort\u00e1vel para que segundo a dire\u00e7\u00e3o de Deus, pelo Esp\u00edrito Santo e em Seu Filho Jesus Cristo comentar, bem como curtir ou n\u00e3o.<\/p>\n\n\n\n<p>Para mais contatos este \u00e9 nosso e-mail: pontocomapalavra@gmail.com<\/p>\n","protected":false},"excerpt":{"rendered":"<p>Este site visa dar a sua parcela de contribui\u00e7\u00e3o junto ao reino de Deus. Para tanto estamos trazendo at\u00e9 voc\u00ea \u00e1udio livros que nos possam ajudar pela luz que muitos irm\u00e3o receberam e tem recebido acerca do eterno prop\u00f3sito de Deus: Cristo Jesus, assim como da Sua igreja Nele e do Seu Reino por meio&hellip; <br \/> <a class=\"read-more\" href=\"https:\/\/pontocomapalavra.com\/index.php\/sobre\/\">Read more<\/a><\/p>\n","protected":false},"author":1,"featured_media":0,"parent":0,"menu_order":0,"comment_status":"closed","ping_status":"closed","template":"","meta":{"_monsterinsights_skip_tracking":false,"_monsterinsights_sitenote_active":false,"_monsterinsights_sitenote_note":"","_monsterinsights_sitenote_category":0,"footnotes":""},"aioseo_notices":[],"_links":{"self":[{"href":"https:\/\/pontocomapalavra.com\/index.php\/wp-json\/wp\/v2\/pages\/873"}],"collection":[{"href":"https:\/\/pontocomapalavra.com\/index.php\/wp-json\/wp\/v2\/pages"}],"about":[{"href":"https:\/\/pontocomapalavra.com\/index.php\/wp-json\/wp\/v2\/types\/page"}],"author":[{"embeddable":true,"href":"https:\/\/pontocomapalavra.com\/index.php\/wp-json\/wp\/v2\/users\/1"}],"replies":[{"embeddable":true,"href":"https:\/\/pontocomapalavra.com\/index.php\/wp-json\/wp\/v2\/comments?post=873"}],"version-history":[{"count":1,"href":"https:\/\/pontocomapalavra.com\/index.php\/wp-json\/wp\/v2\/pages\/873\/revisions"}],"predecessor-version":[{"id":3534,"href":"https:\/\/pontocomapalavra.com\/index.php\/wp-json\/wp\/v2\/pages\/873\/revisions\/3534"}],"wp:attachment":[{"href":"https:\/\/pontocomapalavra.com\/index.php\/wp-json\/wp\/v2\/media?parent=873"}],"curies":[{"name":"wp","href":"https:\/\/api.w.org\/{rel}","templated":true}]}}