{"id":845,"date":"2022-07-26T08:24:40","date_gmt":"2022-07-26T11:24:40","guid":{"rendered":"https:\/\/pontocomapalavradotcom.wordpress.com\/?page_id=845"},"modified":"2024-01-19T20:33:52","modified_gmt":"2024-01-19T23:33:52","slug":"filmes","status":"publish","type":"page","link":"https:\/\/pontocomapalavra.com\/index.php\/extras\/filmes\/","title":{"rendered":"Filmes"},"content":{"rendered":"\n<p><a href=\"https:\/\/pontocomapalavra.com\/index.php\/extras\/filmes\/filme-jesus-segundo-o-evangelho-de-mateus-1964\" target=\"_blank\" rel=\"noopener\" title=\"\">Filme Jesus Segundo o Evangelho de Mateus 1964<\/a><\/p>\n\n\n\n<p><a href=\"https:\/\/www.youtube.com\/watch?v=Z9917ltDKXY\" target=\"_blank\" rel=\"noreferrer noopener\">Filme Jesus Segundo o Evangelho de Mateus<\/a><\/p>\n\n\n\n<p><a href=\"https:\/\/www.youtube.com\/watch?v=mLO5FPz6YqM\" target=\"_blank\" rel=\"noreferrer noopener\">Filme Jesus Segundo o Evangelho de Lucas<\/a><\/p>\n\n\n\n<p><a href=\"https:\/\/youtu.be\/Cwunu4_3114\" target=\"_blank\" rel=\"noreferrer noopener\">Filme Jesus Segundo o Evangelho de Jo\u00e3o<\/a><\/p>\n\n\n\n<p><a href=\"https:\/\/www.youtube.com\/watch?v=HwYn-igPPBs\" target=\"_blank\" rel=\"noreferrer noopener\">Filme Jesus de Nazar\u00e9 1977<\/a><\/p>\n\n\n\n<p>Filme Atos dos Ap\u00f3stolos<\/p>\n","protected":false},"excerpt":{"rendered":"<p>Filme Jesus Segundo o Evangelho de Mateus 1964 Filme Jesus Segundo o Evangelho de Mateus Filme Jesus Segundo o Evangelho de Lucas Filme Jesus Segundo o Evangelho de Jo\u00e3o Filme Jesus de Nazar\u00e9 1977 Filme Atos dos Ap\u00f3stolos<\/p>\n","protected":false},"author":1,"featured_media":0,"parent":838,"menu_order":0,"comment_status":"closed","ping_status":"closed","template":"","meta":{"_monsterinsights_skip_tracking":false,"_monsterinsights_sitenote_active":false,"_monsterinsights_sitenote_note":"","_monsterinsights_sitenote_category":0,"footnotes":""},"aioseo_notices":[],"_links":{"self":[{"href":"https:\/\/pontocomapalavra.com\/index.php\/wp-json\/wp\/v2\/pages\/845"}],"collection":[{"href":"https:\/\/pontocomapalavra.com\/index.php\/wp-json\/wp\/v2\/pages"}],"about":[{"href":"https:\/\/pontocomapalavra.com\/index.php\/wp-json\/wp\/v2\/types\/page"}],"author":[{"embeddable":true,"href":"https:\/\/pontocomapalavra.com\/index.php\/wp-json\/wp\/v2\/users\/1"}],"replies":[{"embeddable":true,"href":"https:\/\/pontocomapalavra.com\/index.php\/wp-json\/wp\/v2\/comments?post=845"}],"version-history":[{"count":1,"href":"https:\/\/pontocomapalavra.com\/index.php\/wp-json\/wp\/v2\/pages\/845\/revisions"}],"predecessor-version":[{"id":3805,"href":"https:\/\/pontocomapalavra.com\/index.php\/wp-json\/wp\/v2\/pages\/845\/revisions\/3805"}],"up":[{"embeddable":true,"href":"https:\/\/pontocomapalavra.com\/index.php\/wp-json\/wp\/v2\/pages\/838"}],"wp:attachment":[{"href":"https:\/\/pontocomapalavra.com\/index.php\/wp-json\/wp\/v2\/media?parent=845"}],"curies":[{"name":"wp","href":"https:\/\/api.w.org\/{rel}","templated":true}]}}