{"id":816,"date":"2022-07-26T08:17:00","date_gmt":"2022-07-26T11:17:00","guid":{"rendered":"https:\/\/pontocomapalavradotcom.wordpress.com\/?page_id=816"},"modified":"2024-01-18T22:48:43","modified_gmt":"2024-01-19T01:48:43","slug":"romeu-bornelli","status":"publish","type":"page","link":"https:\/\/pontocomapalavra.com\/index.php\/mensagens\/romeu-bornelli\/","title":{"rendered":"Romeu Bornelli"},"content":{"rendered":"\n<p><a href=\"https:\/\/pontocomapalavra.com\/index.php\/mensagens\/romeu-bornelli\/a-casa-de-deus\/\" title=\"\">A Casa de Deus<\/a><\/p>\n\n\n\n<p><a href=\"https:\/\/pontocomapalavra.com\/index.php\/mensagens\/romeu-bornelli\/a-casa-de-deus-e-o-sumo-sacerdote\/\" title=\"\">A Casa de Deus e o Sumo Sacerdote <\/a><\/p>\n\n\n\n<p><a href=\"https:\/\/pontocomapalavra.com\/index.php\/mensagens\/romeu-bornelli\/a-dispensacao-do-misterio\/\" title=\"\">A Dispensa\u00e7\u00e3o do Mist\u00e9rio<\/a><\/p>\n\n\n\n<p><a href=\"https:\/\/pontocomapalavra.com\/index.php\/mensagens\/romeu-bornelli\/a-edificacao-da-casa-de-deus-e-a-visao-espiritual\/\" title=\"\">A Edifica\u00e7\u00e3o da Casa de Deus e a Vis\u00e3o Espiritual<\/a><\/p>\n\n\n\n<p><a href=\"https:\/\/pontocomapalavra.com\/index.php\/mensagens\/romeu-bornelli\/ate-a-plenitude-de-cristo\/\" title=\"\">A Fun\u00e7\u00e3o do Deserto na Carreira Crist\u00e3 &#8211; At\u00e9 a Plenitude de Cristo<\/a><\/p>\n\n\n\n<p><a href=\"https:\/\/pontocomapalavra.com\/index.php\/mensagens\/romeu-bornelli\/a-natureza-da-genuina-vida-crista-e-do-servico-cristao\/\" title=\"\">A Natureza da Genu\u00edna Vida Crist\u00e3 e do Servi\u00e7o Crist\u00e3o<\/a><\/p>\n\n\n\n<p><a href=\"https:\/\/pontocomapalavra.com\/index.php\/mensagens\/romeu-bornelli\/a-pessoa-e-obra-do-espirito-santo\/\" title=\"\">A Pessoa e Obra do Esp\u00edrito Santo<\/a><\/p>\n\n\n\n<p><a href=\"https:\/\/pontocomapalavra.com\/index.php\/mensagens\/romeu-bornelli\/a-quem-enviarei\/\" title=\"\">A Quem Enviarei <\/a><\/p>\n\n\n\n<p><a href=\"https:\/\/pontocomapalavra.com\/index.php\/mensagens\/romeu-bornelli\/a-restauracao-do-testemunho-do-senhor\/\" title=\"\">A Restaura\u00e7\u00e3o do Testemunho do Senhor<\/a><\/p>\n\n\n\n<p><a href=\"https:\/\/pontocomapalavra.com\/index.php\/mensagens\/romeu-bornelli\/a-revelacao-messianica-dos-salmos\/\" title=\"\">A Revela\u00e7\u00e3o Messi\u00e2nica dos Salmos<\/a><\/p>\n\n\n\n<p><a href=\"https:\/\/pontocomapalavra.com\/index.php\/mensagens\/romeu-bornelli\/ageu-uma-mensagem-aos-edificadores\/\" title=\"\">Ageu: Uma Mensagem aos Edificadores<\/a><\/p>\n\n\n\n<p><a href=\"https:\/\/pontocomapalavra.com\/index.php\/mensagens\/romeu-bornelli\/amor-que-nao-se-apaga\/\" title=\"\">Amor que n\u00e3o se Apaga<\/a><\/p>\n\n\n\n<p><a href=\"https:\/\/pontocomapalavra.com\/index.php\/mensagens\/romeu-bornelli\/as-necessidades-de-deus\/\" title=\"\">As Necessidades de Deus<\/a><\/p>\n\n\n\n<p><a href=\"https:\/\/pontocomapalavra.com\/index.php\/mensagens\/romeu-bornelli\/as-quatro-ancoras\/\" title=\"\">As Quatro \u00c2ncoras<\/a><\/p>\n\n\n\n<p><a href=\"https:\/\/pontocomapalavra.com\/index.php\/mensagens\/romeu-bornelli\/cantico-dos-canticos\/\" title=\"\">C\u00e2nticos dos C\u00e2nticos <\/a><\/p>\n\n\n\n<p><a href=\"https:\/\/pontocomapalavra.com\/index.php\/mensagens\/romeu-bornelli\/cinco-paralelos-de-pedro-e-paulo-em-ato\/\" title=\"\">Cinco Paralelos do Minist\u00e9rio de Pedro e Paulo em Atos<\/a><\/p>\n\n\n\n<p>Companheiros da Voca\u00e7\u00e3o Celestial<\/p>\n\n\n\n<p><a href=\"https:\/\/pontocomapalavra.com\/index.php\/mensagens\/romeu-bornelli\/comunhao-consagracao-e-servico\/\" title=\"\">Comunh\u00e3o, Consagra\u00e7\u00e3o e Servi\u00e7o<\/a><\/p>\n\n\n\n<p>Comunh\u00e3o Crist\u00e3 a Sua Fonte a Sua Beleza e os Seus Desafios<\/p>\n\n\n\n<p><a href=\"https:\/\/pontocomapalavra.com\/index.php\/mensagens\/romeu-bornelli\/comunhao-e-mutualidade\/\" title=\"\">Comunh\u00e3o e Mutualidade<\/a><\/p>\n\n\n\n<p><a href=\"https:\/\/pontocomapalavra.com\/index.php\/mensagens\/romeu-bornelli\/cooperar-no-pleno-proposito-de-deus\/\" title=\"\">Cooperar no Pleno Prop\u00f3sito de Deus<\/a><\/p>\n\n\n\n<p><a href=\"https:\/\/pontocomapalavra.com\/index.php\/mensagens\/romeu-bornelli\/cristo-a-trindade-e-a-noiva\/\" title=\"\">Cristo, A Trindade e a Noiva<\/a><\/p>\n\n\n\n<p>Cristo e a Igreja<\/p>\n\n\n\n<p><a href=\"https:\/\/pontocomapalavra.com\/index.php\/mensagens\/romeu-bornelli\/cristo-o-mordomo-aprovado\/\" title=\"\">Cristo, o Mordomo Aprovado<\/a><\/p>\n\n\n\n<p><a href=\"https:\/\/pontocomapalavra.com\/index.php\/mensagens\/romeu-bornelli\/de-ur-a-moria-a-testemunha-e-o-testemunho-de-deus\/\" title=\"\">De Ur \u00e0 Mori\u00e1, a Testemunha e o Testemunho de Deus<\/a><\/p>\n\n\n\n<p><a href=\"https:\/\/pontocomapalavra.com\/index.php\/mensagens\/romeu-bornelli\/desafios-e-demandas-a-plenitude-de-cristo\/\" title=\"\">Desafios e Demandas \u00e0 Plenitude de Cristo<\/a><\/p>\n\n\n\n<p><a href=\"https:\/\/pontocomapalavra.com\/index.php\/mensagens\/romeu-bornelli\/estudo-no-livro-de-jo\/\" title=\"\">Estudo no Livro de J\u00f3<\/a><\/p>\n\n\n\n<p>Expia\u00e7\u00e3o e Propicia\u00e7\u00e3o <\/p>\n\n\n\n<p>G\u00e1latas: Gra\u00e7a, Liberdade e Santidade<\/p>\n\n\n\n<p>Hebreus: Alcan\u00e7ando a Recompensa da Heran\u00e7a<\/p>\n\n\n\n<p><a href=\"https:\/\/pontocomapalavra.com\/index.php\/mensagens\/romeu-bornelli\/levanta-te-e-resplandece\/\" title=\"\">Levanta-te e Resplandece <\/a><\/p>\n\n\n\n<p>Lideran\u00e7a Espiritual suas Evid\u00eancias na Vida de Paulo, Pedro e Jo\u00e3o<\/p>\n\n\n\n<p><a href=\"https:\/\/pontocomapalavra.com\/index.php\/mensagens\/romeu-bornelli\/luz-nas-suas-habitacoes\/\" title=\"\">Luz nas suas Habita\u00e7\u00f5es<\/a><\/p>\n\n\n\n<p>Malaquias: O Ju\u00edzo na Casa de Deus<\/p>\n\n\n\n<p><a href=\"https:\/\/pontocomapalavra.com\/index.php\/mensagens\/romeu-bornelli\/maschilim-os-salmos-didaticos\/\" title=\"\">Maschilim: Os Salmos Did\u00e1ticos<\/a><\/p>\n\n\n\n<p>Maturidade Espiritual<\/p>\n\n\n\n<p><a href=\"https:\/\/pontocomapalavra.com\/index.php\/mensagens\/romeu-bornelli\/ministerio\/\" title=\"\">Minist\u00e9rio<\/a><\/p>\n\n\n\n<p><a href=\"https:\/\/pontocomapalavra.com\/index.php\/mensagens\/romeu-bornelli\/a-natureza-da-obra-de-deus\/\" title=\"\">Natureza Espiritual da Obra de Deus<\/a><\/p>\n\n\n\n<p>Neemias e a Cidade de Deus<\/p>\n\n\n\n<p>Notas no Evangelho de Jo\u00e3o<\/p>\n\n\n\n<p>O Caminho da Experi\u00eancia Espiritual &#8211; 1 Cor\u00edntios 13<\/p>\n\n\n\n<p>O Caminho da Frutifica\u00e7\u00e3o &#8211; Jac\u00f3 e as Quatro Colunas<\/p>\n\n\n\n<p>O Deserto no Caminho das Riquezas Insond\u00e1veis de Cristo<\/p>\n\n\n\n<p><a href=\"https:\/\/pontocomapalavra.com\/index.php\/mensagens\/romeu-bornelli\/o-fardo-pela-gloria-de-deus\/\" title=\"\">O Fardo pela Gl\u00f3ria de Deus<\/a><\/p>\n\n\n\n<p><a href=\"https:\/\/pontocomapalavra.com\/index.php\/mensagens\/romeu-bornelli\/o-lugar-da-casa-de-deus\/\" title=\"\">O Lugar da Casa de Deus<\/a><\/p>\n\n\n\n<p>O Modelo da Vida e Minist\u00e9rio de Paulo<\/p>\n\n\n\n<p><a href=\"https:\/\/pontocomapalavra.com\/index.php\/mensagens\/romeu-bornelli\/o-reino-dos-ceus-e-o-discipulado-a-cristo\/\" title=\"\">O Reino dos C\u00e9us e o Discipulado \u00e0 Cristo<\/a><\/p>\n\n\n\n<p>O Segredo da Amizade com Deus<\/p>\n\n\n\n<p><a href=\"https:\/\/pontocomapalavra.com\/index.php\/mensagens\/romeu-bornelli\/o-tempo-se-abrevia\/\" target=\"_blank\" rel=\"noopener\" title=\"\">O Tempo se Abrevia<\/a><\/p>\n\n\n\n<p><a href=\"https:\/\/pontocomapalavra.com\/index.php\/mensagens\/romeu-bornelli\/o-testemunho-de-deus\/\" title=\"\">O Testemunho de Deus<\/a><\/p>\n\n\n\n<p><a href=\"https:\/\/pontocomapalavradotcom.wordpress.com\/mensagens\/romeu-bornelli\/o-testemunho-de-deus-nas-crises-de-cristo\/\">O Testemunho d<\/a><a href=\"https:\/\/pontocomapalavra.com\/index.php\/mensagens\/romeu-bornelli\/o-testemunho-de-deus-nas-crises-de-cristo\/\" title=\"e\">e<\/a><a href=\"https:\/\/pontocomapalavradotcom.wordpress.com\/mensagens\/romeu-bornelli\/o-testemunho-de-deus-nas-crises-de-cristo\/\"> Deus Nas Crises de Cristo<\/a><\/p>\n\n\n\n<p>O Trabalho Transformador de Deus no Livro de J\u00f3<\/p>\n\n\n\n<p>O Triplo Aleluia e as Duas Grandes Ceias<\/p>\n\n\n\n<p><a href=\"https:\/\/pontocomapalavra.com\/index.php\/mensagens\/romeu-bornelli\/oracao-de-paulo-no-carcere\/\" title=\"\">Ora\u00e7\u00f5es de Paulo no C\u00e1rcere <\/a><\/p>\n\n\n\n<p>Pelas suas Pisaduras Fomos Sarados<\/p>\n\n\n\n<p><a href=\"https:\/\/pontocomapalavra.com\/index.php\/mensagens\/romeu-bornelli\/porque-de-deus-somos-cooperadores\/\" title=\"\">Porque de Deus Somos Cooperadores<\/a><\/p>\n\n\n\n<p>Preparando a Noiva para a Vinda do Senhor<\/p>\n\n\n\n<p>Restaura\u00e7\u00e3o do Testamento do Senhor &#8211; Altar, Cruz e Alicerce<\/p>\n\n\n\n<p><a href=\"https:\/\/pontocomapalavra.com\/index.php\/mensagens\/romeu-bornelli\/retornos-essenciais-para-uma-vida-crista-normal\/\" title=\"\">Retornos Essenciais Para Uma Vida Crist\u00e3 Normal<\/a><\/p>\n\n\n\n<p>Rogo-te que Mostres a Tua Gl\u00f3ria<\/p>\n\n\n\n<p>Rute: Um Vislumbre do Pleno Prop\u00f3sito de Deus<\/p>\n\n\n\n<p>Sacerd\u00f3cio Santo e Adora\u00e7\u00e3o<\/p>\n\n\n\n<p>Tessalonicenses: O Significado e as Implica\u00e7\u00f5es da Parousia do Senhor<\/p>\n\n\n\n<p><a href=\"https:\/\/pontocomapalavra.com\/index.php\/mensagens\/romeu-bornelli\/unidade-e-comunhao\/\" title=\"\">Unidade e Comunh\u00e3o<\/a><\/p>\n\n\n\n<p><a href=\"https:\/\/pontocomapalavra.com\/index.php\/mensagens\/romeu-bornelli\/vai-alta-a-noite\/\" title=\"\">Vai Alta a Noite<\/a><\/p>\n\n\n\n<p><a href=\"https:\/\/pontocomapalavra.com\/index.php\/mensagens\/romeu-bornelli\/vivifica-nos-e-invocaremos-o-teu-nome\/\" title=\"\">Vivifica-nos e Invocaremos o Teu Nome<\/a><\/p>\n\n\n\n<p><a href=\"https:\/\/pontocomapalavra.com\/index.php\/mensagens\/romeu-bornelli\/visitas-a-betania\/\" title=\"\">Visitas \u00e0 Bet\u00e2nia<\/a><\/p>\n","protected":false},"excerpt":{"rendered":"<p>A Casa de Deus A Casa de Deus e o Sumo Sacerdote A Dispensa\u00e7\u00e3o do Mist\u00e9rio A Edifica\u00e7\u00e3o da Casa de Deus e a Vis\u00e3o Espiritual A Fun\u00e7\u00e3o do Deserto na Carreira Crist\u00e3 &#8211; At\u00e9 a Plenitude de Cristo A Natureza da Genu\u00edna Vida Crist\u00e3 e do Servi\u00e7o Crist\u00e3o A Pessoa e Obra do Esp\u00edrito&hellip; <br \/> <a class=\"read-more\" href=\"https:\/\/pontocomapalavra.com\/index.php\/mensagens\/romeu-bornelli\/\">Read more<\/a><\/p>\n","protected":false},"author":1,"featured_media":0,"parent":791,"menu_order":0,"comment_status":"closed","ping_status":"closed","template":"","meta":{"_monsterinsights_skip_tracking":false,"_monsterinsights_sitenote_active":false,"_monsterinsights_sitenote_note":"","_monsterinsights_sitenote_category":0,"footnotes":""},"aioseo_notices":[],"_links":{"self":[{"href":"https:\/\/pontocomapalavra.com\/index.php\/wp-json\/wp\/v2\/pages\/816"}],"collection":[{"href":"https:\/\/pontocomapalavra.com\/index.php\/wp-json\/wp\/v2\/pages"}],"about":[{"href":"https:\/\/pontocomapalavra.com\/index.php\/wp-json\/wp\/v2\/types\/page"}],"author":[{"embeddable":true,"href":"https:\/\/pontocomapalavra.com\/index.php\/wp-json\/wp\/v2\/users\/1"}],"replies":[{"embeddable":true,"href":"https:\/\/pontocomapalavra.com\/index.php\/wp-json\/wp\/v2\/comments?post=816"}],"version-history":[{"count":56,"href":"https:\/\/pontocomapalavra.com\/index.php\/wp-json\/wp\/v2\/pages\/816\/revisions"}],"predecessor-version":[{"id":3568,"href":"https:\/\/pontocomapalavra.com\/index.php\/wp-json\/wp\/v2\/pages\/816\/revisions\/3568"}],"up":[{"embeddable":true,"href":"https:\/\/pontocomapalavra.com\/index.php\/wp-json\/wp\/v2\/pages\/791"}],"wp:attachment":[{"href":"https:\/\/pontocomapalavra.com\/index.php\/wp-json\/wp\/v2\/media?parent=816"}],"curies":[{"name":"wp","href":"https:\/\/api.w.org\/{rel}","templated":true}]}}