{"id":814,"date":"2022-07-26T08:16:32","date_gmt":"2022-07-26T11:16:32","guid":{"rendered":"https:\/\/pontocomapalavradotcom.wordpress.com\/?page_id=814"},"modified":"2024-01-19T19:08:54","modified_gmt":"2024-01-19T22:08:54","slug":"rodrigo-abarca","status":"publish","type":"page","link":"https:\/\/pontocomapalavra.com\/index.php\/mensagens\/rodrigo-abarca\/","title":{"rendered":"Rodrigo Abarca"},"content":{"rendered":"\n<p><a href=\"https:\/\/pontocomapalavra.com\/index.php\/mensagens\/rodrigo-abarca\/a-igreja-no-tempo-do-fim\/\" title=\"\">A Igreja no Tempo do Fim<\/a><\/p>\n\n\n\n<p><a href=\"https:\/\/pontocomapalavra.com\/index.php\/mensagens\/rodrigo-abarca\/a-pessoa-e-obra-do-espirito-santo\/\" title=\"\">A Pessoa e Obra do Esp\u00edrito Santo <\/a><\/p>\n\n\n\n<p><a href=\"https:\/\/pontocomapalavra.com\/index.php\/mensagens\/rodrigo-abarca\/a-vida-devocional-do-senhor-jesus\/\" title=\"\">A Vida Devocional do Senhor Jesus<\/a><\/p>\n\n\n\n<p><a href=\"https:\/\/pontocomapalavra.com\/index.php\/mensagens\/rodrigo-abarca\/consagracao-e-sacerdocio\/\" title=\"\">Consagra\u00e7\u00e3o e Sacerd\u00f3cio<\/a><\/p>\n\n\n\n<p><a href=\"https:\/\/pontocomapalavra.com\/index.php\/mensagens\/rodrigo-abarca\/o-que-e-a-igreja-e-a-obra-de-deus\/\" title=\"\">O Que \u00e9 a Igreja e a Obra de Deus<\/a><\/p>\n","protected":false},"excerpt":{"rendered":"<p>A Igreja no Tempo do Fim A Pessoa e Obra do Esp\u00edrito Santo A Vida Devocional do Senhor Jesus Consagra\u00e7\u00e3o e Sacerd\u00f3cio O Que \u00e9 a Igreja e a Obra de Deus<\/p>\n","protected":false},"author":1,"featured_media":0,"parent":791,"menu_order":0,"comment_status":"closed","ping_status":"closed","template":"","meta":{"_monsterinsights_skip_tracking":false,"_monsterinsights_sitenote_active":false,"_monsterinsights_sitenote_note":"","_monsterinsights_sitenote_category":0,"footnotes":""},"aioseo_notices":[],"_links":{"self":[{"href":"https:\/\/pontocomapalavra.com\/index.php\/wp-json\/wp\/v2\/pages\/814"}],"collection":[{"href":"https:\/\/pontocomapalavra.com\/index.php\/wp-json\/wp\/v2\/pages"}],"about":[{"href":"https:\/\/pontocomapalavra.com\/index.php\/wp-json\/wp\/v2\/types\/page"}],"author":[{"embeddable":true,"href":"https:\/\/pontocomapalavra.com\/index.php\/wp-json\/wp\/v2\/users\/1"}],"replies":[{"embeddable":true,"href":"https:\/\/pontocomapalavra.com\/index.php\/wp-json\/wp\/v2\/comments?post=814"}],"version-history":[{"count":6,"href":"https:\/\/pontocomapalavra.com\/index.php\/wp-json\/wp\/v2\/pages\/814\/revisions"}],"predecessor-version":[{"id":3760,"href":"https:\/\/pontocomapalavra.com\/index.php\/wp-json\/wp\/v2\/pages\/814\/revisions\/3760"}],"up":[{"embeddable":true,"href":"https:\/\/pontocomapalavra.com\/index.php\/wp-json\/wp\/v2\/pages\/791"}],"wp:attachment":[{"href":"https:\/\/pontocomapalavra.com\/index.php\/wp-json\/wp\/v2\/media?parent=814"}],"curies":[{"name":"wp","href":"https:\/\/api.w.org\/{rel}","templated":true}]}}