{"id":812,"date":"2022-07-26T08:16:02","date_gmt":"2022-07-26T11:16:02","guid":{"rendered":"https:\/\/pontocomapalavradotcom.wordpress.com\/?page_id=812"},"modified":"2024-01-19T18:59:33","modified_gmt":"2024-01-19T21:59:33","slug":"luiz-fontes","status":"publish","type":"page","link":"https:\/\/pontocomapalavra.com\/index.php\/mensagens\/luiz-fontes\/","title":{"rendered":"Luiz Fontes"},"content":{"rendered":"\n<p><a href=\"https:\/\/pontocomapalavra.com\/index.php\/mensagens\/luiz-fontes\/a-natureza-e-o-carater-eterno-da-palavra-de-deus\/\" title=\"\">A Natureza e o Car\u00e1ter Eterno da Palavra de Deus<\/a><\/p>\n\n\n\n<p><a href=\"https:\/\/pontocomapalavra.com\/index.php\/mensagens\/luiz-fontes\/a-nova-jerusalem-uma-cidade-nupcial\/\" title=\"\">A Nova Jerusal\u00e9m &#8211; Uma Cidade Nupcial<\/a><\/p>\n\n\n\n<p><a href=\"https:\/\/pontocomapalavra.com\/index.php\/mensagens\/luiz-fontes\/chuva-serodia\/\" title=\"\">Chuva Ser\u00f3dia<\/a><\/p>\n\n\n\n<p><a href=\"https:\/\/pontocomapalavra.com\/index.php\/mensagens\/luiz-fontes\/o-governo-de-deus-sobre-a-sua-casa-sobre-o-seu-povo\/\" title=\"\">O Governo de Deus Sobre a Sua Casa, Sobre o Seu Povo<\/a><\/p>\n\n\n\n<p><a href=\"https:\/\/pontocomapalavra.com\/index.php\/mensagens\/luiz-fontes\/o-sacerdocio-de-cristo-jesus\/\" title=\"\">O Sacerd\u00f3cio de Cristo Jesus<\/a><\/p>\n\n\n\n<p><a href=\"https:\/\/pontocomapalavra.com\/index.php\/mensagens\/luiz-fontes\/preparando-a-noiva-para-a-volta-do-senhor\/\" title=\"\">Preparando a Noiva para a Volta do Senhor<\/a><\/p>\n\n\n\n<p><a href=\"https:\/\/pontocomapalavra.com\/index.php\/mensagens\/luiz-fontes\/renovacao-da-mente\/\" title=\"\">Renova\u00e7\u00e3o da Mente <\/a><\/p>\n","protected":false},"excerpt":{"rendered":"<p>A Natureza e o Car\u00e1ter Eterno da Palavra de Deus A Nova Jerusal\u00e9m &#8211; Uma Cidade Nupcial Chuva Ser\u00f3dia O Governo de Deus Sobre a Sua Casa, Sobre o Seu Povo O Sacerd\u00f3cio de Cristo Jesus Preparando a Noiva para a Volta do Senhor Renova\u00e7\u00e3o da Mente<\/p>\n","protected":false},"author":1,"featured_media":0,"parent":791,"menu_order":0,"comment_status":"closed","ping_status":"closed","template":"","meta":{"_monsterinsights_skip_tracking":false,"_monsterinsights_sitenote_active":false,"_monsterinsights_sitenote_note":"","_monsterinsights_sitenote_category":0,"footnotes":""},"aioseo_notices":[],"_links":{"self":[{"href":"https:\/\/pontocomapalavra.com\/index.php\/wp-json\/wp\/v2\/pages\/812"}],"collection":[{"href":"https:\/\/pontocomapalavra.com\/index.php\/wp-json\/wp\/v2\/pages"}],"about":[{"href":"https:\/\/pontocomapalavra.com\/index.php\/wp-json\/wp\/v2\/types\/page"}],"author":[{"embeddable":true,"href":"https:\/\/pontocomapalavra.com\/index.php\/wp-json\/wp\/v2\/users\/1"}],"replies":[{"embeddable":true,"href":"https:\/\/pontocomapalavra.com\/index.php\/wp-json\/wp\/v2\/comments?post=812"}],"version-history":[{"count":8,"href":"https:\/\/pontocomapalavra.com\/index.php\/wp-json\/wp\/v2\/pages\/812\/revisions"}],"predecessor-version":[{"id":3753,"href":"https:\/\/pontocomapalavra.com\/index.php\/wp-json\/wp\/v2\/pages\/812\/revisions\/3753"}],"up":[{"embeddable":true,"href":"https:\/\/pontocomapalavra.com\/index.php\/wp-json\/wp\/v2\/pages\/791"}],"wp:attachment":[{"href":"https:\/\/pontocomapalavra.com\/index.php\/wp-json\/wp\/v2\/media?parent=812"}],"curies":[{"name":"wp","href":"https:\/\/api.w.org\/{rel}","templated":true}]}}