{"id":806,"date":"2022-07-26T08:13:45","date_gmt":"2022-07-26T11:13:45","guid":{"rendered":"https:\/\/pontocomapalavradotcom.wordpress.com\/?page_id=806"},"modified":"2024-01-19T20:05:46","modified_gmt":"2024-01-19T23:05:46","slug":"gino-iafrancesco","status":"publish","type":"page","link":"https:\/\/pontocomapalavra.com\/index.php\/mensagens\/gino-iafrancesco\/","title":{"rendered":"Gino Iafrancesco"},"content":{"rendered":"\n<p><a href=\"https:\/\/pontocomapalavra.com\/index.php\/mensagens\/gino-iafrancesco\/a-presente-verdade\/\" title=\"\">A Presente Verdade<\/a><\/p>\n\n\n\n<p><a href=\"https:\/\/pontocomapalavra.com\/index.php\/mensagens\/gino-iafrancesco\/a-trindade-e-o-evangelho\/\" title=\"\">A Trindade e o Evangelho<\/a><\/p>\n\n\n\n<p><a href=\"https:\/\/pontocomapalavra.com\/index.php\/mensagens\/gino-iafrancesco\/da-revelacao-de-jesus-cristo\/\" title=\"\">Da Revela\u00e7\u00e3o de Jesus Cristo<\/a><\/p>\n\n\n\n<p><a href=\"https:\/\/pontocomapalavra.com\/index.php\/mensagens\/gino-iafrancesco\/do-calvario-ao-pentecostes\/\" title=\"\">Do Calv\u00e1rio ao Pentecostes<\/a><\/p>\n\n\n\n<p><a href=\"https:\/\/pontocomapalavra.com\/index.php\/mensagens\/gino-iafrancesco\/economia-da-plenitude-de-cristo\/\" title=\"\">Economia da Plenitude dos Tempos<\/a><\/p>\n\n\n\n<p><a href=\"https:\/\/pontocomapalavra.com\/index.php\/mensagens\/gino-iafrancesco\/edificacion-y-reino\" title=\"\">Edificaci\u00f3n y Reino<\/a><\/p>\n\n\n\n<p><a href=\"https:\/\/pontocomapalavra.com\/index.php\/mensagens\/gino-iafrancesco\/edificando-o-testemunho-de-deus\/\" title=\"\">Edificando o Testemunho de Deus<\/a><\/p>\n\n\n\n<p><a href=\"https:\/\/pontocomapalavra.com\/index.php\/mensagens\/gino-iafrancesco\/el-varon-del-trono-y-el-misterio-de-cristo\/\" title=\"\">El Var\u00f3n del Rrono y El Misterio de Cristo<\/a><\/p>\n\n\n\n<p><a href=\"https:\/\/pontocomapalavra.com\/index.php\/mensagens\/gino-iafrancesco\/estudio-biblico-en-romanos\/\" title=\"\">Estudio B\u00edblico en Romanos<\/a><\/p>\n\n\n\n<p><a href=\"https:\/\/pontocomapalavra.com\/index.php\/mensagens\/gino-iafrancesco\/estudo-biblico-em-daniel\/\" title=\"\">Estudo B\u00edblico em Daniel<\/a><\/p>\n\n\n\n<p><a href=\"https:\/\/pontocomapalavra.com\/index.php\/mensagens\/gino-iafrancesco\/exegesis-cosmogonica-toledot-canon-y-genesis-126\/\" title=\"\">Exeg\u00e9sis Cosmogonica, Toledot, Canon y Genesis 1:26<\/a><\/p>\n\n\n\n<p><a href=\"https:\/\/pontocomapalavra.com\/index.php\/mensagens\/gino-iafrancesco\/facamos-o-homem\/\" title=\"\">Fa\u00e7amos o Homem<\/a><\/p>\n\n\n\n<p><a href=\"https:\/\/pontocomapalavra.com\/index.php\/mensagens\/gino-iafrancesco\/kairos-sentidos-e-elementos\/\" title=\"\">Kair\u00f3s, Sentidos e Elementos<\/a><\/p>\n\n\n\n<p><a href=\"https:\/\/pontocomapalavra.com\/index.php\/mensagens\/gino-iafrancesco\/la-multiforme-sabedoria-de-dios\/\" title=\"\">La Multiforme Sabedoria de Dios<\/a><\/p>\n\n\n\n<p><a href=\"https:\/\/pontocomapalavra.com\/index.php\/mensagens\/gino-iafrancesco\/o-cantico-de-moises\/\" title=\"\">O C\u00e2ntico de Mois\u00e9s<\/a><\/p>\n\n\n\n<p><a href=\"https:\/\/pontocomapalavra.com\/index.php\/mensagens\/gino-iafrancesco\/o-novo-e-o-velho-homem\/\" title=\"\">O Novo e o Velho Homem<\/a><\/p>\n\n\n\n<p><a href=\"https:\/\/pontocomapalavra.com\/index.php\/mensagens\/gino-iafrancesco\/o-reino\/\" title=\"\">O Reino<\/a><\/p>\n\n\n\n<p><a href=\"https:\/\/pontocomapalavra.com\/index.php\/mensagens\/gino-iafrancesco\/presciencia-soberania-e-cantico-de-moises\/\" title=\"\">Presci\u00eancia, Soberania e C\u00e2ntico de Mois\u00e9s <\/a><\/p>\n\n\n\n<p><a href=\"https:\/\/pontocomapalavra.com\/index.php\/mensagens\/gino-iafrancesco\/prioridad-arcaica-de-las-toledot\/\" title=\"\">Prioridad Arcaica de las Toledot<\/a><\/p>\n\n\n\n<p><a href=\"https:\/\/pontocomapalavra.com\/index.php\/mensagens\/gino-iafrancesco\/saber-considerarse-y-presentarse-en-cristo\/\" title=\"\">Saber, Considerarse y Presentarse en Cristo<\/a><\/p>\n\n\n\n<p><a href=\"https:\/\/pontocomapalavra.com\/index.php\/mensagens\/gino-iafrancesco\/uma-leitura-em-apocalipse\/\" title=\"\">Uma Leitura em Apocalipse <\/a><\/p>\n\n\n\n<p><a href=\"https:\/\/pontocomapalavra.com\/index.php\/mensagens\/gino-iafrancesco\/uma-leitura-na-carta-aos-efesios\/\" title=\"\">Uma Leitura na Carta aos Ef\u00e9sios<\/a><\/p>\n","protected":false},"excerpt":{"rendered":"<p>A Presente Verdade A Trindade e o Evangelho Da Revela\u00e7\u00e3o de Jesus Cristo Do Calv\u00e1rio ao Pentecostes Economia da Plenitude dos Tempos Edificaci\u00f3n y Reino Edificando o Testemunho de Deus El Var\u00f3n del Rrono y El Misterio de Cristo Estudio B\u00edblico en Romanos Estudo B\u00edblico em Daniel Exeg\u00e9sis Cosmogonica, Toledot, Canon y Genesis 1:26 Fa\u00e7amos&hellip; <br \/> <a class=\"read-more\" href=\"https:\/\/pontocomapalavra.com\/index.php\/mensagens\/gino-iafrancesco\/\">Read more<\/a><\/p>\n","protected":false},"author":1,"featured_media":0,"parent":791,"menu_order":0,"comment_status":"closed","ping_status":"closed","template":"","meta":{"_monsterinsights_skip_tracking":false,"_monsterinsights_sitenote_active":false,"_monsterinsights_sitenote_note":"","_monsterinsights_sitenote_category":0,"footnotes":""},"aioseo_notices":[],"_links":{"self":[{"href":"https:\/\/pontocomapalavra.com\/index.php\/wp-json\/wp\/v2\/pages\/806"}],"collection":[{"href":"https:\/\/pontocomapalavra.com\/index.php\/wp-json\/wp\/v2\/pages"}],"about":[{"href":"https:\/\/pontocomapalavra.com\/index.php\/wp-json\/wp\/v2\/types\/page"}],"author":[{"embeddable":true,"href":"https:\/\/pontocomapalavra.com\/index.php\/wp-json\/wp\/v2\/users\/1"}],"replies":[{"embeddable":true,"href":"https:\/\/pontocomapalavra.com\/index.php\/wp-json\/wp\/v2\/comments?post=806"}],"version-history":[{"count":45,"href":"https:\/\/pontocomapalavra.com\/index.php\/wp-json\/wp\/v2\/pages\/806\/revisions"}],"predecessor-version":[{"id":3799,"href":"https:\/\/pontocomapalavra.com\/index.php\/wp-json\/wp\/v2\/pages\/806\/revisions\/3799"}],"up":[{"embeddable":true,"href":"https:\/\/pontocomapalavra.com\/index.php\/wp-json\/wp\/v2\/pages\/791"}],"wp:attachment":[{"href":"https:\/\/pontocomapalavra.com\/index.php\/wp-json\/wp\/v2\/media?parent=806"}],"curies":[{"name":"wp","href":"https:\/\/api.w.org\/{rel}","templated":true}]}}