{"id":804,"date":"2022-07-26T08:13:09","date_gmt":"2022-07-26T11:13:09","guid":{"rendered":"https:\/\/pontocomapalavradotcom.wordpress.com\/?page_id=804"},"modified":"2024-01-19T18:39:59","modified_gmt":"2024-01-19T21:39:59","slug":"gerson-lima","status":"publish","type":"page","link":"https:\/\/pontocomapalavra.com\/index.php\/mensagens\/gerson-lima\/","title":{"rendered":"Gerson Lima"},"content":{"rendered":"\n<p><a href=\"https:\/\/pontocomapalavra.com\/index.php\/mensagens\/gerson-lima\/a-importancia-de-conhecer-a-vontade-de-deus\/\" title=\"\">A Import\u00e2ncia de Conhecer a Vontade de Deus<\/a><\/p>\n\n\n\n<p>A Obra de Deus Procede da Palavra de Deus<\/p>\n\n\n\n<p><a href=\"https:\/\/pontocomapalavra.com\/index.php\/mensagens\/gerson-lima\/a-palavra-de-deus\/\" title=\"\">A Palavra de Deus<\/a><\/p>\n\n\n\n<p>A Palavra de Deus \u00e0 Ezequiel<\/p>\n\n\n\n<p><a href=\"https:\/\/pontocomapalavra.com\/index.php\/mensagens\/gerson-lima\/a-paternidade-de-deus-na-familia\/\" title=\"\">A Paternidade de Deus na Fam\u00edlia<\/a><\/p>\n\n\n\n<p><a href=\"https:\/\/pontocomapalavra.com\/index.php\/mensagens\/gerson-lima\/a-restauracao-do-testemunho-de-deus\/\" title=\"\">A Restaura\u00e7\u00e3o do Testemunho de Deus<\/a><\/p>\n\n\n\n<p>Andando no Mesmo Esp\u00edrito<\/p>\n\n\n\n<p>Apascenta as Minhas Ovelhas<\/p>\n\n\n\n<p>Chamados para Edificar a sua Igreja<\/p>\n\n\n\n<p><a href=\"https:\/\/pontocomapalavra.com\/index.php\/mensagens\/gerson-lima\/costurando-as-rede\/\" title=\"\">Costurando as Redes<\/a><\/p>\n\n\n\n<p>Estamos Edificando a Casa de Deus<\/p>\n\n\n\n<p><a href=\"https:\/\/pontocomapalavra.com\/index.php\/mensagens\/gerson-lima\/focando-no-que-e-essencial\/\" title=\"\">Focando no que \u00e9 Essencial<\/a><\/p>\n\n\n\n<p><a href=\"https:\/\/pontocomapalavra.com\/index.php\/mensagens\/gerson-lima\/-lima\/os-principios-da-casa-de-deus-o-altar-e-a-disciplina-do-reino\/\" title=\"\">Os Princ\u00edpios da Casa de Deus<\/a><\/p>\n\n\n\n<p>O Desafio do Tempo do Fim<\/p>\n\n\n\n<p>O Essencial para Sermos um Assembleia B\u00edblica e Espiritual<\/p>\n\n\n\n<p>Quem \u00e9 Jesus para Voc\u00ea<\/p>\n\n\n\n<p>Voltando ao Poder de Deus<\/p>\n","protected":false},"excerpt":{"rendered":"<p>A Import\u00e2ncia de Conhecer a Vontade de Deus A Obra de Deus Procede da Palavra de Deus A Palavra de Deus A Palavra de Deus \u00e0 Ezequiel A Paternidade de Deus na Fam\u00edlia A Restaura\u00e7\u00e3o do Testemunho de Deus Andando no Mesmo Esp\u00edrito Apascenta as Minhas Ovelhas Chamados para Edificar a sua Igreja Costurando as&hellip; <br \/> <a class=\"read-more\" href=\"https:\/\/pontocomapalavra.com\/index.php\/mensagens\/gerson-lima\/\">Read more<\/a><\/p>\n","protected":false},"author":1,"featured_media":0,"parent":791,"menu_order":0,"comment_status":"closed","ping_status":"closed","template":"","meta":{"_monsterinsights_skip_tracking":false,"_monsterinsights_sitenote_active":false,"_monsterinsights_sitenote_note":"","_monsterinsights_sitenote_category":0,"footnotes":""},"aioseo_notices":[],"_links":{"self":[{"href":"https:\/\/pontocomapalavra.com\/index.php\/wp-json\/wp\/v2\/pages\/804"}],"collection":[{"href":"https:\/\/pontocomapalavra.com\/index.php\/wp-json\/wp\/v2\/pages"}],"about":[{"href":"https:\/\/pontocomapalavra.com\/index.php\/wp-json\/wp\/v2\/types\/page"}],"author":[{"embeddable":true,"href":"https:\/\/pontocomapalavra.com\/index.php\/wp-json\/wp\/v2\/users\/1"}],"replies":[{"embeddable":true,"href":"https:\/\/pontocomapalavra.com\/index.php\/wp-json\/wp\/v2\/comments?post=804"}],"version-history":[{"count":9,"href":"https:\/\/pontocomapalavra.com\/index.php\/wp-json\/wp\/v2\/pages\/804\/revisions"}],"predecessor-version":[{"id":3739,"href":"https:\/\/pontocomapalavra.com\/index.php\/wp-json\/wp\/v2\/pages\/804\/revisions\/3739"}],"up":[{"embeddable":true,"href":"https:\/\/pontocomapalavra.com\/index.php\/wp-json\/wp\/v2\/pages\/791"}],"wp:attachment":[{"href":"https:\/\/pontocomapalavra.com\/index.php\/wp-json\/wp\/v2\/media?parent=804"}],"curies":[{"name":"wp","href":"https:\/\/api.w.org\/{rel}","templated":true}]}}