{"id":802,"date":"2022-07-26T08:12:39","date_gmt":"2022-07-26T11:12:39","guid":{"rendered":"https:\/\/pontocomapalavradotcom.wordpress.com\/?page_id=802"},"modified":"2024-01-19T18:16:25","modified_gmt":"2024-01-19T21:16:25","slug":"claudio-calovi-pereira","status":"publish","type":"page","link":"https:\/\/pontocomapalavra.com\/index.php\/mensagens\/claudio-calovi-pereira\/","title":{"rendered":"Claudio Calovi Pereira"},"content":{"rendered":"\n<p>A Fam\u00edlia Crist\u00e3 Nos Tempos do Fim <\/p>\n\n\n\n<p>A Palavra de Deus e o Testemunho de Jesus Cristo<\/p>\n\n\n\n<p>A Renova\u00e7\u00e3o da Mente na Era da Cultura Digital<\/p>\n\n\n\n<p><a href=\"https:\/\/pontocomapalavra.com\/index.php\/mensagens\/claudio-calovi-pereira\/a-vida-crista-natureza-crescimento-e-plenitude\/\" title=\"\">A Vida Crist\u00e3: Natureza, Crescimento e Plenitude<\/a><\/p>\n\n\n\n<p>A Vida de Cristo Filho de Filho de Deus e Filho do Homem<\/p>\n\n\n\n<p><a href=\"https:\/\/pontocomapalavra.com\/index.php\/mensagens\/claudio-calovi-pereira\/a-vinda-do-rei-e-do-reino\/\" title=\"\">A Vinda do Rei e do Reino<\/a><\/p>\n\n\n\n<p>As Insond\u00e1veis Riquezas de Cristo como Reveladas ao Ap\u00f3stolo Jo\u00e3o<\/p>\n\n\n\n<p><a href=\"https:\/\/pontocomapalavra.com\/index.php\/mensagens\/claudio-calovi-pereira\/-calovi-pereira\/atos-242\/\" title=\"\">As Reuni\u00f5es da Igreja &#8211; Atos 2:42<\/a><\/p>\n\n\n\n<p><a href=\"https:\/\/pontocomapalavra.com\/index.php\/mensagens\/claudio-calovi-pereira\/ate-cristo-ser-formado-em-nos\/\" title=\"\">At\u00e9 Cristo Ser Formado em N\u00f3s<\/a><\/p>\n\n\n\n<p><a href=\"https:\/\/pontocomapalavra.com\/index.php\/mensagens\/claudio-calovi-pereira\/conferencia-de-casais\/\" title=\"\">Confer\u00eancia de Casais<\/a><\/p>\n\n\n\n<p>Cristo, Centro de Converg\u00eancia do Crist\u00e3o, da Igreja e do Universo<\/p>\n\n\n\n<p>Enoque, Andando com Deus Rumo ao Andamento<\/p>\n\n\n\n<p><a href=\"https:\/\/pontocomapalavra.com\/index.php\/mensagens\/claudio-calovi-pereira\/habacuque\/\" title=\"\">Habacuque<\/a><\/p>\n\n\n\n<p><a href=\"https:\/\/pontocomapalavra.com\/index.php\/mensagens\/claudio-calovi-pereira\/a-vida-nas-regioes-celestiais-em-cristo\/\" title=\"\">Josu\u00e9 &#8211; A Vida nas Regi\u00f5es Celestiais em Cristo<\/a><\/p>\n\n\n\n<p><a href=\"https:\/\/pontocomapalavra.com\/index.php\/mensagens\/claudio-calovi-pereira\/testemunho-e-restauracao-a-mensagem-de-esdras-e-neemias\/\" title=\"\">Testemunho e Restaura\u00e7\u00e3o &#8211; A Mensagem de Esdras e Neemias<\/a><\/p>\n","protected":false},"excerpt":{"rendered":"<p>A Fam\u00edlia Crist\u00e3 Nos Tempos do Fim A Palavra de Deus e o Testemunho de Jesus Cristo A Renova\u00e7\u00e3o da Mente na Era da Cultura Digital A Vida Crist\u00e3: Natureza, Crescimento e Plenitude A Vida de Cristo Filho de Filho de Deus e Filho do Homem A Vinda do Rei e do Reino As Insond\u00e1veis&hellip; <br \/> <a class=\"read-more\" href=\"https:\/\/pontocomapalavra.com\/index.php\/mensagens\/claudio-calovi-pereira\/\">Read more<\/a><\/p>\n","protected":false},"author":1,"featured_media":0,"parent":791,"menu_order":0,"comment_status":"closed","ping_status":"closed","template":"","meta":{"_monsterinsights_skip_tracking":false,"_monsterinsights_sitenote_active":false,"_monsterinsights_sitenote_note":"","_monsterinsights_sitenote_category":0,"footnotes":""},"aioseo_notices":[],"_links":{"self":[{"href":"https:\/\/pontocomapalavra.com\/index.php\/wp-json\/wp\/v2\/pages\/802"}],"collection":[{"href":"https:\/\/pontocomapalavra.com\/index.php\/wp-json\/wp\/v2\/pages"}],"about":[{"href":"https:\/\/pontocomapalavra.com\/index.php\/wp-json\/wp\/v2\/types\/page"}],"author":[{"embeddable":true,"href":"https:\/\/pontocomapalavra.com\/index.php\/wp-json\/wp\/v2\/users\/1"}],"replies":[{"embeddable":true,"href":"https:\/\/pontocomapalavra.com\/index.php\/wp-json\/wp\/v2\/comments?post=802"}],"version-history":[{"count":9,"href":"https:\/\/pontocomapalavra.com\/index.php\/wp-json\/wp\/v2\/pages\/802\/revisions"}],"predecessor-version":[{"id":3712,"href":"https:\/\/pontocomapalavra.com\/index.php\/wp-json\/wp\/v2\/pages\/802\/revisions\/3712"}],"up":[{"embeddable":true,"href":"https:\/\/pontocomapalavra.com\/index.php\/wp-json\/wp\/v2\/pages\/791"}],"wp:attachment":[{"href":"https:\/\/pontocomapalavra.com\/index.php\/wp-json\/wp\/v2\/media?parent=802"}],"curies":[{"name":"wp","href":"https:\/\/api.w.org\/{rel}","templated":true}]}}