{"id":800,"date":"2022-07-26T08:11:52","date_gmt":"2022-07-26T11:11:52","guid":{"rendered":"https:\/\/pontocomapalavradotcom.wordpress.com\/?page_id=800"},"modified":"2024-01-19T17:56:09","modified_gmt":"2024-01-19T20:56:09","slug":"claudimir-de-morais","status":"publish","type":"page","link":"https:\/\/pontocomapalavra.com\/index.php\/mensagens\/claudimir-de-morais\/","title":{"rendered":"Claudimir de Morais"},"content":{"rendered":"\n<p>A Perspectiva Eterna do Crist\u00e3o<\/p>\n\n\n\n<p><a href=\"https:\/\/pontocomapalavra.com\/index.php\/mensagens\/claudimir-de-morais\/acautelai-vos-e-guarda-vos-da-avareza\/\" title=\"\">Acautelai-vos da Avareza<\/a><\/p>\n\n\n\n<p><a href=\"https:\/\/pontocomapalavra.com\/index.php\/mensagens\/claudimir-de-morais\/adorar-em-espirito-e-verdade-verdadeiros-adoradores\/\" title=\"\">Adorar em Esp\u00edrito e Verdade &#8211; Verdadeiros Adoradores<\/a><\/p>\n\n\n\n<p><a href=\"https:\/\/pontocomapalavra.com\/index.php\/mensagens\/claudimir-de-morais\/as-atitudes-que-devemos-cultivar-na-assembleia\/\" title=\"\">As Atitudes que Devemos Cultivar na Assembleia<\/a><\/p>\n\n\n\n<p>As Sete Colunas da Vida Crist\u00e3 <\/p>\n\n\n\n<p><a href=\"https:\/\/pontocomapalavra.com\/index.php\/mensagens\/claudimir-de-morais\/avanco-progresso-e-estagnacao-espiritual\/\" title=\"\">Avan\u00e7o, Progresso e Estagna\u00e7\u00e3o Espiritual<\/a><\/p>\n\n\n\n<p><a href=\"https:\/\/pontocomapalavra.com\/index.php\/mensagens\/claudimir-de-morais\/mateus-capitulo-13-o-reino-do-senhor-jesus-cristo\/\" title=\"\">Mateus 13, O Reino do Rei Ausente<\/a><\/p>\n\n\n\n<p><a href=\"https:\/\/pontocomapalavra.com\/index.php\/mensagens\/claudimir-de-morais\/o-amor-o-teste-final-para-a-obra-de-deus\/\" title=\"\">O Amor, o Teste Final para a Obra de Deus<\/a><\/p>\n\n\n\n<p>O Destino do Homem<\/p>\n\n\n\n<p>O Erro dos G\u00e1latas<\/p>\n\n\n\n<p>O Que Acontece Quando nos Tornamos Crist\u00e3os<\/p>\n\n\n\n<p><a href=\"https:\/\/pontocomapalavra.com\/index.php\/mensagens\/claudimir-de-morais\/o-supremo-proposito-de-deus-em-cristo\/\" title=\"\">O Supremo Prop\u00f3sito de Deus em Cristo Jesus<\/a><\/p>\n\n\n\n<p>O Testemunho de Jesus em Tempos de Decl\u00ednio Espiritual<\/p>\n\n\n\n<p><a href=\"https:\/\/pontocomapalavra.com\/index.php\/mensagens\/claudimir-de-morais\/uma-tao-grande-salvacao\/\" title=\"\">Uma T\u00e3o Grande Salva\u00e7\u00e3o<\/a><\/p>\n","protected":false},"excerpt":{"rendered":"<p>A Perspectiva Eterna do Crist\u00e3o Acautelai-vos da Avareza Adorar em Esp\u00edrito e Verdade &#8211; Verdadeiros Adoradores As Atitudes que Devemos Cultivar na Assembleia As Sete Colunas da Vida Crist\u00e3 Avan\u00e7o, Progresso e Estagna\u00e7\u00e3o Espiritual Mateus 13, O Reino do Rei Ausente O Amor, o Teste Final para a Obra de Deus O Destino do Homem&hellip; <br \/> <a class=\"read-more\" href=\"https:\/\/pontocomapalavra.com\/index.php\/mensagens\/claudimir-de-morais\/\">Read more<\/a><\/p>\n","protected":false},"author":1,"featured_media":0,"parent":791,"menu_order":0,"comment_status":"closed","ping_status":"closed","template":"","meta":{"_monsterinsights_skip_tracking":false,"_monsterinsights_sitenote_active":false,"_monsterinsights_sitenote_note":"","_monsterinsights_sitenote_category":0,"footnotes":""},"aioseo_notices":[],"_links":{"self":[{"href":"https:\/\/pontocomapalavra.com\/index.php\/wp-json\/wp\/v2\/pages\/800"}],"collection":[{"href":"https:\/\/pontocomapalavra.com\/index.php\/wp-json\/wp\/v2\/pages"}],"about":[{"href":"https:\/\/pontocomapalavra.com\/index.php\/wp-json\/wp\/v2\/types\/page"}],"author":[{"embeddable":true,"href":"https:\/\/pontocomapalavra.com\/index.php\/wp-json\/wp\/v2\/users\/1"}],"replies":[{"embeddable":true,"href":"https:\/\/pontocomapalavra.com\/index.php\/wp-json\/wp\/v2\/comments?post=800"}],"version-history":[{"count":10,"href":"https:\/\/pontocomapalavra.com\/index.php\/wp-json\/wp\/v2\/pages\/800\/revisions"}],"predecessor-version":[{"id":3680,"href":"https:\/\/pontocomapalavra.com\/index.php\/wp-json\/wp\/v2\/pages\/800\/revisions\/3680"}],"up":[{"embeddable":true,"href":"https:\/\/pontocomapalavra.com\/index.php\/wp-json\/wp\/v2\/pages\/791"}],"wp:attachment":[{"href":"https:\/\/pontocomapalavra.com\/index.php\/wp-json\/wp\/v2\/media?parent=800"}],"curies":[{"name":"wp","href":"https:\/\/api.w.org\/{rel}","templated":true}]}}