{"id":798,"date":"2022-07-26T08:10:08","date_gmt":"2022-07-26T11:10:08","guid":{"rendered":"https:\/\/pontocomapalavradotcom.wordpress.com\/?page_id=798"},"modified":"2024-01-19T17:37:45","modified_gmt":"2024-01-19T20:37:45","slug":"christian-chen","status":"publish","type":"page","link":"https:\/\/pontocomapalavra.com\/index.php\/mensagens\/christian-chen\/","title":{"rendered":"Christian Chen"},"content":{"rendered":"\n<p><a href=\"https:\/\/pontocomapalavra.com\/index.php\/mensagens\/christian-chen\/o-reino-invertido\/\" title=\"\">O Reino Invertido<\/a><\/p>\n\n\n\n<p><a href=\"https:\/\/pontocomapalavra.com\/index.php\/mensagens\/christian-chen\/o-ultimo-chamado-de-nosso-senhor-ser-vencedor\/\" title=\"\">O \u00daltimo Chamado de Nosso Senhor &#8211; Ser Vencedor<\/a><\/p>\n\n\n\n<p><a href=\"https:\/\/pontocomapalavra.com\/index.php\/mensagens\/christian-chen\/os-salmos-de-davi-segundo-a-vida-do-quebrantamento-a-perfeicao\/\" title=\"\">Os Salmos de Davi Segundo a Sua Vida do Quebrantamento \u00e0 Perfei\u00e7\u00e3o<\/a><\/p>\n\n\n\n<p><a href=\"https:\/\/pontocomapalavra.com\/index.php\/mensagens\/christian-chen\/salmos-de-davi-o-custo-da-lideranca-espiritual\/\" title=\"\">Os Salmos de Davi Segundo a Sua Vida, o Custo da Lideran\u00e7a<\/a><\/p>\n\n\n\n<p><a href=\"https:\/\/pontocomapalavra.com\/index.php\/mensagens\/christian-chen\/os-sussurros-do-espirito-santo\/\" title=\"\">Os Sussuros do Esp\u00edrito Santo <\/a><\/p>\n\n\n\n<p><a href=\"https:\/\/pontocomapalavra.com\/index.php\/mensagens\/christian-chen\/zacarias-primeira-parte\/\" title=\"\">Zacarias &#8211; Primeira Parte<\/a><\/p>\n\n\n\n<p><a href=\"https:\/\/pontocomapalavra.com\/index.php\/mensagens\/christian-chen\/zacarias-segunda-parte\/\" title=\"\">Zacarias &#8211; Segunda Parte<\/a><\/p>\n","protected":false},"excerpt":{"rendered":"<p>O Reino Invertido O \u00daltimo Chamado de Nosso Senhor &#8211; Ser Vencedor Os Salmos de Davi Segundo a Sua Vida do Quebrantamento \u00e0 Perfei\u00e7\u00e3o Os Salmos de Davi Segundo a Sua Vida, o Custo da Lideran\u00e7a Os Sussuros do Esp\u00edrito Santo Zacarias &#8211; Primeira Parte Zacarias &#8211; Segunda Parte<\/p>\n","protected":false},"author":1,"featured_media":0,"parent":791,"menu_order":0,"comment_status":"closed","ping_status":"closed","template":"","meta":{"_monsterinsights_skip_tracking":false,"_monsterinsights_sitenote_active":false,"_monsterinsights_sitenote_note":"","_monsterinsights_sitenote_category":0,"footnotes":""},"aioseo_notices":[],"_links":{"self":[{"href":"https:\/\/pontocomapalavra.com\/index.php\/wp-json\/wp\/v2\/pages\/798"}],"collection":[{"href":"https:\/\/pontocomapalavra.com\/index.php\/wp-json\/wp\/v2\/pages"}],"about":[{"href":"https:\/\/pontocomapalavra.com\/index.php\/wp-json\/wp\/v2\/types\/page"}],"author":[{"embeddable":true,"href":"https:\/\/pontocomapalavra.com\/index.php\/wp-json\/wp\/v2\/users\/1"}],"replies":[{"embeddable":true,"href":"https:\/\/pontocomapalavra.com\/index.php\/wp-json\/wp\/v2\/comments?post=798"}],"version-history":[{"count":7,"href":"https:\/\/pontocomapalavra.com\/index.php\/wp-json\/wp\/v2\/pages\/798\/revisions"}],"predecessor-version":[{"id":3648,"href":"https:\/\/pontocomapalavra.com\/index.php\/wp-json\/wp\/v2\/pages\/798\/revisions\/3648"}],"up":[{"embeddable":true,"href":"https:\/\/pontocomapalavra.com\/index.php\/wp-json\/wp\/v2\/pages\/791"}],"wp:attachment":[{"href":"https:\/\/pontocomapalavra.com\/index.php\/wp-json\/wp\/v2\/media?parent=798"}],"curies":[{"name":"wp","href":"https:\/\/api.w.org\/{rel}","templated":true}]}}