{"id":791,"date":"2022-07-26T08:06:42","date_gmt":"2022-07-26T11:06:42","guid":{"rendered":"https:\/\/pontocomapalavradotcom.wordpress.com\/?page_id=791"},"modified":"2024-12-12T15:42:32","modified_gmt":"2024-12-12T18:42:32","slug":"mensagens","status":"publish","type":"page","link":"https:\/\/pontocomapalavra.com\/index.php\/mensagens\/","title":{"rendered":"Mensagens"},"content":{"rendered":"\n<p class=\"has-black-color has-text-color has-link-color has-small-font-size wp-elements-0d8798f521b12fe7eaf31b0ff488d567\"><a href=\"https:\/\/pontocomapalavra.com\/index.php\/mensagens\/celso-machado\/\" title=\"\">C\u00e9lso Machado<\/a><\/p>\n\n\n\n<p class=\"has-link-color has-small-font-size wp-elements-0fe6f1c9f7745257d88f37027d5b980e\"><\/p>\n\n\n\n<p class=\"has-black-color has-text-color has-link-color has-small-font-size wp-elements-27cda898ef9eefc8ad22590cefec5f13\"><a href=\"https:\/\/pontocomapalavra.com\/index.php\/mensagens\/christian-chen\/\" title=\"\">Christian Chen<\/a><\/p>\n\n\n\n<p class=\"has-link-color has-small-font-size wp-elements-0fe6f1c9f7745257d88f37027d5b980e\"><\/p>\n\n\n\n<p class=\"has-black-color has-text-color has-link-color has-small-font-size wp-elements-62b94e6c6ba0c8299698fc0b525dc7a1\"><a href=\"https:\/\/pontocomapalavra.com\/index.php\/mensagens\/claudimir-de-morais\/\" title=\"\">Claudimir de Morais<\/a><\/p>\n\n\n\n<p class=\"has-link-color has-small-font-size wp-elements-0fe6f1c9f7745257d88f37027d5b980e\"><\/p>\n\n\n\n<p class=\"has-black-color has-text-color has-link-color has-small-font-size wp-elements-1da246006851c2554e92a5ff4751f5b0\"><a href=\"https:\/\/pontocomapalavra.com\/index.php\/mensagens\/claudio-calovi-pereira\/\" title=\"\">Claudio Calovi Pereira<\/a><\/p>\n\n\n\n<p class=\"has-link-color has-small-font-size wp-elements-0fe6f1c9f7745257d88f37027d5b980e\"><\/p>\n\n\n\n<p class=\"has-black-color has-text-color has-link-color has-small-font-size wp-elements-659c65c4413b6ea845505e8921b5acf7\"><a href=\"https:\/\/pontocomapalavra.com\/index.php\/mensagens\/claudio-kuchenbecker\/\" title=\"\">Claudio Kuchenbecker<\/a><\/p>\n\n\n\n<p class=\"has-link-color has-small-font-size wp-elements-0fe6f1c9f7745257d88f37027d5b980e\"><\/p>\n\n\n\n<p class=\"has-black-color has-text-color has-link-color has-small-font-size wp-elements-64fdd654cc677b22b8c3e9469ee8d699\"><a href=\"https:\/\/pontocomapalavra.com\/index.php\/mensagens\/clecio-lima\/\" title=\"\">Cl\u00e9cio Lima<\/a><\/p>\n\n\n\n<p class=\"has-link-color has-small-font-size wp-elements-0fe6f1c9f7745257d88f37027d5b980e\"><\/p>\n\n\n\n<p class=\"has-black-color has-text-color has-link-color has-small-font-size wp-elements-25be93367c8fc287c7dca29f422c939f\"><a href=\"https:\/\/pontocomapalavra.com\/index.php\/mensagens\/dana-congdon\/\" title=\"\">Dana Cogdon<\/a><\/p>\n\n\n\n<p class=\"has-link-color has-small-font-size wp-elements-0fe6f1c9f7745257d88f37027d5b980e\"><\/p>\n\n\n\n<p class=\"has-black-color has-text-color has-link-color has-small-font-size wp-elements-bc05a50e931bf9f1c6897b57c679f4ad\"><a href=\"http:\/\/pontocomapalavra.com\/index.php\/mensagens\/daniel-queiroz-de-moraes\/\" title=\"\">Daniel Queiroz de Moraes<\/a><\/p>\n\n\n\n<p class=\"has-link-color has-small-font-size wp-elements-0fe6f1c9f7745257d88f37027d5b980e\"><\/p>\n\n\n\n<p class=\"has-black-color has-text-color has-link-color has-small-font-size wp-elements-ee1248f34ffa8a672a46ddaf515db297\"><a href=\"https:\/\/pontocomapalavra.com\/index.php\/mensagens\/delcio-meireles\/\" title=\"\">D\u00e9lcio Meireles<\/a><\/p>\n\n\n\n<p class=\"has-link-color has-small-font-size wp-elements-0fe6f1c9f7745257d88f37027d5b980e\"><\/p>\n\n\n\n<p class=\"has-black-color has-text-color has-link-color has-small-font-size wp-elements-b65d6f226fb61ae93830220a7f9b4501\"><a href=\"https:\/\/pontocomapalavra.com\/index.php\/mensagens\/edward-burke\/\" title=\"\">Edward Burke<\/a><\/p>\n\n\n\n<p class=\"has-link-color has-small-font-size wp-elements-0fe6f1c9f7745257d88f37027d5b980e\"><\/p>\n\n\n\n<p class=\"has-black-color has-text-color has-link-color has-small-font-size wp-elements-278e655f50e0d92ce33bf8324f763aed\"><a href=\"https:\/\/pontocomapalavra.com\/index.php\/mensagens\/ernie-hile\/\" title=\"Ernie Hile\">Ernie Hile<\/a><\/p>\n\n\n\n<p class=\"has-link-color has-small-font-size wp-elements-0fe6f1c9f7745257d88f37027d5b980e\"><\/p>\n\n\n\n<p class=\"has-black-color has-text-color has-link-color has-small-font-size wp-elements-7736159f5712f1a2827d753e77c7ae94\"><a href=\"https:\/\/pontocomapalavra.com\/index.php\/mensagens\/gerson-lima\/\" title=\"\">Gerson Lima<\/a><\/p>\n\n\n\n<p class=\"has-link-color has-small-font-size wp-elements-0fe6f1c9f7745257d88f37027d5b980e\"><\/p>\n\n\n\n<p class=\"has-black-color has-text-color has-link-color has-small-font-size wp-elements-5302e920c6a59abdbf1192304befd7bc\"><a href=\"https:\/\/pontocomapalavra.com\/index.php\/mensagens\/gino-iafrancesco\/\" title=\"\">Gino Iafrancesco<\/a><\/p>\n\n\n\n<p class=\"has-link-color has-small-font-size wp-elements-0fe6f1c9f7745257d88f37027d5b980e\"><\/p>\n\n\n\n<p class=\"has-black-color has-text-color has-link-color has-small-font-size wp-elements-bcc3b19c2286cfffe072250970acc332\"><a href=\"https:\/\/pontocomapalavra.com\/index.php\/mensagens\/humberto-moraes\/\" title=\"\">Humberto Moraes<\/a><\/p>\n\n\n\n<p class=\"has-link-color has-small-font-size wp-elements-0fe6f1c9f7745257d88f37027d5b980e\"><\/p>\n\n\n\n<p class=\"has-black-color has-text-color has-link-color has-small-font-size wp-elements-872dbd0d98fd48c5687bf406eca07c78\"><a href=\"https:\/\/pontocomapalavra.com\/index.php\/mensagens\/jairo-dos-santos\/\" title=\"\">Jairo dos Santos<\/a><\/p>\n\n\n\n<p class=\"has-link-color has-small-font-size wp-elements-0fe6f1c9f7745257d88f37027d5b980e\"><\/p>\n\n\n\n<p class=\"has-black-color has-text-color has-link-color has-small-font-size wp-elements-10e9c18327ac093d224b13f76d2bb2ea\"><a href=\"https:\/\/pontocomapalavra.com\/index.php\/mensagens\/lance-lambert\/\" title=\"\">Lance Lambert<\/a><\/p>\n\n\n\n<p class=\"has-link-color has-small-font-size wp-elements-0fe6f1c9f7745257d88f37027d5b980e\"><\/p>\n\n\n\n<p class=\"has-black-color has-text-color has-link-color has-small-font-size wp-elements-d4e71aef772adf807ea1db0d6fccefd6\"><a href=\"https:\/\/pontocomapalavra.com\/index.php\/mensagens\/lawrence-koo\/\" title=\"\">Lawrence Koo<\/a><\/p>\n\n\n\n<p class=\"has-link-color has-small-font-size wp-elements-0fe6f1c9f7745257d88f37027d5b980e\"><\/p>\n\n\n\n<p class=\"has-black-color has-text-color has-link-color has-small-font-size wp-elements-8d2aefd2a2b4e12a3e6cced9683bbbae\"><a href=\"https:\/\/pontocomapalavra.com\/index.php\/mensagens\/luiz-fontes\/\" title=\"\">Luiz Fontes<\/a><\/p>\n\n\n\n<p class=\"has-link-color has-small-font-size wp-elements-0fe6f1c9f7745257d88f37027d5b980e\"><\/p>\n\n\n\n<p class=\"has-black-color has-text-color has-link-color has-small-font-size wp-elements-f3c12d1602af92db409402f52c7137b8\"><a href=\"http:\/\/pontocomapalavra.com\/index.php\/mensagens\/mac-graham\/\" title=\"\">Mac Graham <\/a><\/p>\n\n\n\n<p class=\"has-link-color has-small-font-size wp-elements-0fe6f1c9f7745257d88f37027d5b980e\"><\/p>\n\n\n\n<p class=\"has-black-color has-text-color has-link-color has-small-font-size wp-elements-42b3390d9b71cb7151a6843ed384ffff\"><a href=\"https:\/\/pontocomapalavra.com\/index.php\/mensagens\/rodrigo-abarca\/\" title=\"\">Rodrigo Abarca<\/a><\/p>\n\n\n\n<p class=\"has-link-color has-small-font-size wp-elements-0fe6f1c9f7745257d88f37027d5b980e\"><\/p>\n\n\n\n<p class=\"has-black-color has-text-color has-link-color has-small-font-size wp-elements-c9f9a6a47acac3ea44eaca6ac7f8a522\"><a href=\"https:\/\/pontocomapalavra.com\/index.php\/mensagens\/romeu-bornelli\/\" title=\"\">Romeu Bornelli<\/a><\/p>\n\n\n\n<p class=\"has-link-color has-small-font-size wp-elements-0fe6f1c9f7745257d88f37027d5b980e\"><\/p>\n\n\n\n<p class=\"has-black-color has-text-color has-link-color has-small-font-size wp-elements-b7e61015f1ab1a8aecc01e7f9871ea74\"><a href=\"https:\/\/pontocomapalavra.com\/index.php\/mensagens\/rouget-fuchs\/\" title=\"\">Rouget Fuchs<\/a><\/p>\n\n\n\n<p class=\"has-link-color has-small-font-size wp-elements-0fe6f1c9f7745257d88f37027d5b980e\"><\/p>\n\n\n\n<p class=\"has-black-color has-text-color has-link-color has-small-font-size wp-elements-e64f175007ccc9189c90067e4f70bba9\"><a href=\"https:\/\/pontocomapalavra.com\/index.php\/mensagens\/sergio-susuki\/\" title=\"\">S\u00e9rgio Susuki<\/a><\/p>\n\n\n\n<p class=\"has-link-color has-small-font-size wp-elements-0fe6f1c9f7745257d88f37027d5b980e\"><\/p>\n\n\n\n<p class=\"has-black-color has-text-color has-link-color has-small-font-size wp-elements-1e5e79cc1a70e4637d47a056502a53b0\"><a href=\"https:\/\/pontocomapalavra.com\/index.php\/mensagens\/stephen-kaung\/\" title=\"\">Stephen Kaung<\/a><\/p>\n\n\n\n<p class=\"has-link-color has-small-font-size wp-elements-0fe6f1c9f7745257d88f37027d5b980e\"><\/p>\n\n\n\n<p class=\"has-black-color has-text-color has-link-color has-small-font-size wp-elements-73f5109543a08b992d7ef0e00e83df45\"><a href=\"https:\/\/pontocomapalavra.com\/index.php\/mensagens\/pablo-aguirre\/\" title=\"\">Pablo Aguirre<\/a><\/p>\n\n\n\n<p class=\"has-link-color has-small-font-size wp-elements-0fe6f1c9f7745257d88f37027d5b980e\"><\/p>\n\n\n\n<p class=\"has-black-color has-text-color has-link-color has-small-font-size wp-elements-9382390546ea3873c5756c7d138fbb78\"><a href=\"https:\/\/pontocomapalavra.com\/index.php\/mensagens\/thomas-germanovix\/\" title=\"\">Thomas Germanovix<\/a><\/p>\n\n\n\n<p class=\"has-link-color has-small-font-size wp-elements-0fe6f1c9f7745257d88f37027d5b980e\"><\/p>\n\n\n\n<p class=\"has-black-color has-text-color has-link-color has-small-font-size wp-elements-1f7ce20a13f460287f882db03acce2b8\"><a href=\"https:\/\/pontocomapalavra.com\/index.php\/mensagens\/zac-ponnen\/\" title=\"\">Zac Poneen<\/a><\/p>\n\n\n\n<p class=\"has-link-color has-large-font-size wp-elements-e15e9c786b7104b340e557542da7cb61\"><\/p>\n\n\n\n<p class=\"has-link-color has-large-font-size wp-elements-e15e9c786b7104b340e557542da7cb61\"><\/p>\n\n\n\n<p><\/p>\n\n\n\n<p><\/p>\n","protected":false},"excerpt":{"rendered":"<p>C\u00e9lso Machado Christian Chen Claudimir de Morais Claudio Calovi Pereira Claudio Kuchenbecker Cl\u00e9cio Lima Dana Cogdon Daniel Queiroz de Moraes D\u00e9lcio Meireles Edward Burke Ernie Hile Gerson Lima Gino Iafrancesco Humberto Moraes Jairo dos Santos Lance Lambert Lawrence Koo Luiz Fontes Mac Graham Rodrigo Abarca Romeu Bornelli Rouget Fuchs S\u00e9rgio Susuki Stephen Kaung Pablo Aguirre&hellip; <br \/> <a class=\"read-more\" href=\"https:\/\/pontocomapalavra.com\/index.php\/mensagens\/\">Read more<\/a><\/p>\n","protected":false},"author":1,"featured_media":0,"parent":0,"menu_order":0,"comment_status":"closed","ping_status":"closed","template":"","meta":{"_monsterinsights_skip_tracking":false,"_monsterinsights_sitenote_active":false,"_monsterinsights_sitenote_note":"","_monsterinsights_sitenote_category":0,"footnotes":""},"aioseo_notices":[],"_links":{"self":[{"href":"https:\/\/pontocomapalavra.com\/index.php\/wp-json\/wp\/v2\/pages\/791"}],"collection":[{"href":"https:\/\/pontocomapalavra.com\/index.php\/wp-json\/wp\/v2\/pages"}],"about":[{"href":"https:\/\/pontocomapalavra.com\/index.php\/wp-json\/wp\/v2\/types\/page"}],"author":[{"embeddable":true,"href":"https:\/\/pontocomapalavra.com\/index.php\/wp-json\/wp\/v2\/users\/1"}],"replies":[{"embeddable":true,"href":"https:\/\/pontocomapalavra.com\/index.php\/wp-json\/wp\/v2\/comments?post=791"}],"version-history":[{"count":7,"href":"https:\/\/pontocomapalavra.com\/index.php\/wp-json\/wp\/v2\/pages\/791\/revisions"}],"predecessor-version":[{"id":4176,"href":"https:\/\/pontocomapalavra.com\/index.php\/wp-json\/wp\/v2\/pages\/791\/revisions\/4176"}],"wp:attachment":[{"href":"https:\/\/pontocomapalavra.com\/index.php\/wp-json\/wp\/v2\/media?parent=791"}],"curies":[{"name":"wp","href":"https:\/\/api.w.org\/{rel}","templated":true}]}}