{"id":583,"date":"2022-07-20T09:48:18","date_gmt":"2022-07-20T12:48:18","guid":{"rendered":"https:\/\/pontocomapalavradotcom.wordpress.com\/o-mensageiro-da-cruz\/"},"modified":"2024-01-18T11:07:18","modified_gmt":"2024-01-18T14:07:18","slug":"o-mensageiro-da-cruz","status":"publish","type":"page","link":"https:\/\/pontocomapalavra.com\/index.php\/audiolivros\/watchman-nee\/o-mensageiro-da-cruz\/","title":{"rendered":"O Mensageiro da Cruz"},"content":{"rendered":"\n<h4 class=\"wp-block-heading\">Cap\u00edtulo Um (Primeira Parte)<\/h4>\n\n\n\n<figure class=\"wp-block-embed is-type-video is-provider-youtube wp-block-embed-youtube wp-embed-aspect-16-9 wp-has-aspect-ratio\"><div class=\"wp-block-embed__wrapper\">\n<div class='embed-container'><iframe loading=\"lazy\" title=\"O Mensageiro da Cruz Watchman Nee - Cap\u00edtulo 01 Primeira Parte\" width=\"1920\" height=\"1080\" src=\"https:\/\/www.youtube.com\/embed\/Qx0vf_0xJuo?start=25&#038;feature=oembed\" frameborder=\"0\" allow=\"accelerometer; autoplay; clipboard-write; encrypted-media; gyroscope; picture-in-picture; web-share\" allowfullscreen><\/iframe><\/div>\n<\/div><\/figure>\n\n\n\n<p><a href=\"http:\/\/pontocomapalavra.com\/wp-content\/uploads\/2024\/01\/O-Mensageiro-Da-Cruz.pdf\" target=\"_blank\" rel=\"noopener\" title=\"\">Clique aqui para acompanhar a leitura.<\/a><\/p>\n\n\n\n<p><\/p>\n\n\n\n<h4 class=\"wp-block-heading\">Cap\u00edtulo Um (Segunda Parte)<\/h4>\n\n\n\n<figure class=\"wp-block-embed is-type-video is-provider-youtube wp-block-embed-youtube wp-embed-aspect-16-9 wp-has-aspect-ratio\"><div class=\"wp-block-embed__wrapper\">\n<div class='embed-container'><iframe loading=\"lazy\" title=\"O Mensageiro da Cruz Watchman Nee - Cap\u00edtulo 01 Segunda Parte\" width=\"1920\" height=\"1080\" src=\"https:\/\/www.youtube.com\/embed\/iTdB_kKZMAY?start=6&#038;feature=oembed\" frameborder=\"0\" allow=\"accelerometer; autoplay; clipboard-write; encrypted-media; gyroscope; picture-in-picture; web-share\" allowfullscreen><\/iframe><\/div>\n<\/div><\/figure>\n\n\n\n<p><a href=\"http:\/\/pontocomapalavra.com\/wp-content\/uploads\/2024\/01\/O-Mensageiro-Da-Cruz.pdf\" target=\"_blank\" rel=\"noopener\" title=\"\">Clique aqui para acompanhar a leitura.<\/a><\/p>\n\n\n\n<p><\/p>\n\n\n\n<h4 class=\"wp-block-heading\">Cap\u00edtulo Dois<\/h4>\n\n\n\n<figure class=\"wp-block-embed is-type-video is-provider-youtube wp-block-embed-youtube wp-embed-aspect-16-9 wp-has-aspect-ratio\"><div class=\"wp-block-embed__wrapper\">\n<div class='embed-container'><iframe loading=\"lazy\" title=\"O Mensageiro da Cruz Watchman Nee - Cap\u00edtulo 02\" width=\"1920\" height=\"1080\" src=\"https:\/\/www.youtube.com\/embed\/iftNmB7p3bk?start=7&#038;feature=oembed\" frameborder=\"0\" allow=\"accelerometer; autoplay; clipboard-write; encrypted-media; gyroscope; picture-in-picture; web-share\" allowfullscreen><\/iframe><\/div>\n<\/div><\/figure>\n\n\n\n<p><a href=\"http:\/\/pontocomapalavra.com\/wp-content\/uploads\/2024\/01\/O-Mensageiro-Da-Cruz.pdf\" target=\"_blank\" rel=\"noopener\" title=\"\">Clique aqui para acompanhar a leitura.<\/a><\/p>\n\n\n\n<p><\/p>\n\n\n\n<h4 class=\"wp-block-heading\">Cap\u00edtulo Tr\u00eas<\/h4>\n\n\n\n<figure class=\"wp-block-embed is-type-video is-provider-youtube wp-block-embed-youtube wp-embed-aspect-16-9 wp-has-aspect-ratio\"><div class=\"wp-block-embed__wrapper\">\n<div class='embed-container'><iframe loading=\"lazy\" title=\"O Mensageiro da Cruz Watchman Nee - Cap\u00edtulo 03\" width=\"1920\" height=\"1080\" src=\"https:\/\/www.youtube.com\/embed\/XOzri-nK7n8?start=4&#038;feature=oembed\" frameborder=\"0\" allow=\"accelerometer; autoplay; clipboard-write; encrypted-media; gyroscope; picture-in-picture; web-share\" allowfullscreen><\/iframe><\/div>\n<\/div><\/figure>\n\n\n\n<p><a href=\"http:\/\/pontocomapalavra.com\/wp-content\/uploads\/2024\/01\/O-Mensageiro-Da-Cruz.pdf\" target=\"_blank\" rel=\"noopener\" title=\"\">Clique aqui para acompanhar a leitura.<\/a><\/p>\n\n\n\n<p><\/p>\n\n\n\n<h4 class=\"wp-block-heading\">Cap\u00edtulo Quatro<\/h4>\n\n\n\n<figure class=\"wp-block-embed is-type-video is-provider-youtube wp-block-embed-youtube wp-embed-aspect-16-9 wp-has-aspect-ratio\"><div class=\"wp-block-embed__wrapper\">\n<div class='embed-container'><iframe loading=\"lazy\" title=\"O Mensageiro da Cruz Watchman Nee - Cap\u00edtulo 04\" width=\"1920\" height=\"1080\" src=\"https:\/\/www.youtube.com\/embed\/949mlw1-SgQ?start=4&#038;feature=oembed\" frameborder=\"0\" allow=\"accelerometer; autoplay; clipboard-write; encrypted-media; gyroscope; picture-in-picture; web-share\" allowfullscreen><\/iframe><\/div>\n<\/div><\/figure>\n\n\n\n<p><a href=\"http:\/\/pontocomapalavra.com\/wp-content\/uploads\/2024\/01\/O-Mensageiro-Da-Cruz.pdf\" target=\"_blank\" rel=\"noopener\" title=\"\">Clique aqui para acompanhar a leitura.<\/a><\/p>\n\n\n\n<p><\/p>\n\n\n\n<h4 class=\"wp-block-heading\">Cap\u00edtulo Cinco<\/h4>\n\n\n\n<figure class=\"wp-block-embed is-type-video is-provider-youtube wp-block-embed-youtube wp-embed-aspect-16-9 wp-has-aspect-ratio\"><div class=\"wp-block-embed__wrapper\">\n<div class='embed-container'><iframe loading=\"lazy\" title=\"O Mensageiro da Cruz Watchman Nee - Cap\u00edtulo 05\" width=\"1920\" height=\"1080\" src=\"https:\/\/www.youtube.com\/embed\/Oz_UfQkcBGg?start=5&#038;feature=oembed\" frameborder=\"0\" allow=\"accelerometer; autoplay; clipboard-write; encrypted-media; gyroscope; picture-in-picture; web-share\" allowfullscreen><\/iframe><\/div>\n<\/div><\/figure>\n\n\n\n<p><a href=\"http:\/\/pontocomapalavra.com\/wp-content\/uploads\/2024\/01\/O-Mensageiro-Da-Cruz.pdf\" target=\"_blank\" rel=\"noopener\" title=\"\">Clique aqui para acompanhar a leitura.<\/a><\/p>\n\n\n\n<p><\/p>\n\n\n\n<h4 class=\"wp-block-heading\">Cap\u00edtulo Seis<\/h4>\n\n\n\n<figure class=\"wp-block-embed is-type-video is-provider-youtube wp-block-embed-youtube wp-embed-aspect-16-9 wp-has-aspect-ratio\"><div class=\"wp-block-embed__wrapper\">\n<div class='embed-container'><iframe loading=\"lazy\" title=\"O Mensageiro da Cruz Watchman Nee - Cap\u00edtulo 06\" width=\"1920\" height=\"1080\" src=\"https:\/\/www.youtube.com\/embed\/A2JeLoa9aHM?start=4&#038;feature=oembed\" frameborder=\"0\" allow=\"accelerometer; autoplay; clipboard-write; encrypted-media; gyroscope; picture-in-picture; web-share\" allowfullscreen><\/iframe><\/div>\n<\/div><\/figure>\n\n\n\n<p><a href=\"http:\/\/pontocomapalavra.com\/wp-content\/uploads\/2024\/01\/O-Mensageiro-Da-Cruz.pdf\" target=\"_blank\" rel=\"noopener\" title=\"\">Clique aqui para acompanhar a leitura.<\/a><\/p>\n\n\n\n<p><\/p>\n\n\n\n<h4 class=\"wp-block-heading\">Cap\u00edtulo Sete<\/h4>\n\n\n\n<figure class=\"wp-block-embed is-type-video is-provider-youtube wp-block-embed-youtube wp-embed-aspect-16-9 wp-has-aspect-ratio\"><div class=\"wp-block-embed__wrapper\">\n<div class='embed-container'><iframe loading=\"lazy\" title=\"O Mensageiro da Cruz Watchman Nee - Cap\u00edtulo 07\" width=\"1920\" height=\"1080\" src=\"https:\/\/www.youtube.com\/embed\/3wWQOzgFXnE?start=4&#038;feature=oembed\" frameborder=\"0\" allow=\"accelerometer; autoplay; clipboard-write; encrypted-media; gyroscope; picture-in-picture; web-share\" allowfullscreen><\/iframe><\/div>\n<\/div><\/figure>\n\n\n\n<p><a href=\"http:\/\/pontocomapalavra.com\/wp-content\/uploads\/2024\/01\/O-Mensageiro-Da-Cruz.pdf\" target=\"_blank\" rel=\"noopener\" title=\"\">Clique aqui para acompanhar a leitura.<\/a><\/p>\n\n\n\n<p><\/p>\n\n\n\n<h4 class=\"wp-block-heading\">Cap\u00edtulo Oito<\/h4>\n\n\n\n<figure class=\"wp-block-embed is-type-video is-provider-youtube wp-block-embed-youtube wp-embed-aspect-16-9 wp-has-aspect-ratio\"><div class=\"wp-block-embed__wrapper\">\n<div class='embed-container'><iframe loading=\"lazy\" title=\"O Mensageiro da Cruz Watchman Nee - Cap\u00edtulo 08\" width=\"1920\" height=\"1080\" src=\"https:\/\/www.youtube.com\/embed\/8VSbC3paRG8?start=6&#038;feature=oembed\" frameborder=\"0\" allow=\"accelerometer; autoplay; clipboard-write; encrypted-media; gyroscope; picture-in-picture; web-share\" allowfullscreen><\/iframe><\/div>\n<\/div><\/figure>\n\n\n\n<p><a href=\"http:\/\/pontocomapalavra.com\/wp-content\/uploads\/2024\/01\/O-Mensageiro-Da-Cruz.pdf\" target=\"_blank\" rel=\"noopener\" title=\"\">Clique aqui para acompanhar a leitura.<\/a><\/p>\n\n\n\n<p><\/p>\n\n\n\n<h4 class=\"wp-block-heading\">Cap\u00edtulo Nove<\/h4>\n\n\n\n<figure class=\"wp-block-embed is-type-video is-provider-youtube wp-block-embed-youtube wp-embed-aspect-16-9 wp-has-aspect-ratio\"><div class=\"wp-block-embed__wrapper\">\n<div class='embed-container'><iframe loading=\"lazy\" title=\"O Mensageiro da Cruz Watchman Nee - Cap\u00edtulo 09\" width=\"1920\" height=\"1080\" src=\"https:\/\/www.youtube.com\/embed\/BGWh-8oezAo?start=4&#038;feature=oembed\" frameborder=\"0\" allow=\"accelerometer; autoplay; clipboard-write; encrypted-media; gyroscope; picture-in-picture; web-share\" allowfullscreen><\/iframe><\/div>\n<\/div><\/figure>\n\n\n\n<p><a href=\"http:\/\/pontocomapalavra.com\/wp-content\/uploads\/2024\/01\/O-Mensageiro-Da-Cruz.pdf\" target=\"_blank\" rel=\"noopener\" title=\"\">Clique aqui para acompanhar a leitura.<\/a><\/p>\n","protected":false},"excerpt":{"rendered":"<p>Cap\u00edtulo Um (Primeira Parte) Clique aqui para acompanhar a leitura. Cap\u00edtulo Um (Segunda Parte) Clique aqui para acompanhar a leitura. Cap\u00edtulo Dois Clique aqui para acompanhar a leitura. Cap\u00edtulo Tr\u00eas Clique aqui para acompanhar a leitura. Cap\u00edtulo Quatro Clique aqui para acompanhar a leitura. Cap\u00edtulo Cinco Clique aqui para acompanhar a leitura. Cap\u00edtulo Seis Clique&hellip; <br \/> <a class=\"read-more\" href=\"https:\/\/pontocomapalavra.com\/index.php\/audiolivros\/watchman-nee\/o-mensageiro-da-cruz\/\">Read more<\/a><\/p>\n","protected":false},"author":1,"featured_media":0,"parent":48,"menu_order":0,"comment_status":"closed","ping_status":"closed","template":"","meta":{"_monsterinsights_skip_tracking":false,"_monsterinsights_sitenote_active":false,"_monsterinsights_sitenote_note":"","_monsterinsights_sitenote_category":0,"footnotes":""},"aioseo_notices":[],"_links":{"self":[{"href":"https:\/\/pontocomapalavra.com\/index.php\/wp-json\/wp\/v2\/pages\/583"}],"collection":[{"href":"https:\/\/pontocomapalavra.com\/index.php\/wp-json\/wp\/v2\/pages"}],"about":[{"href":"https:\/\/pontocomapalavra.com\/index.php\/wp-json\/wp\/v2\/types\/page"}],"author":[{"embeddable":true,"href":"https:\/\/pontocomapalavra.com\/index.php\/wp-json\/wp\/v2\/users\/1"}],"replies":[{"embeddable":true,"href":"https:\/\/pontocomapalavra.com\/index.php\/wp-json\/wp\/v2\/comments?post=583"}],"version-history":[{"count":10,"href":"https:\/\/pontocomapalavra.com\/index.php\/wp-json\/wp\/v2\/pages\/583\/revisions"}],"predecessor-version":[{"id":3387,"href":"https:\/\/pontocomapalavra.com\/index.php\/wp-json\/wp\/v2\/pages\/583\/revisions\/3387"}],"up":[{"embeddable":true,"href":"https:\/\/pontocomapalavra.com\/index.php\/wp-json\/wp\/v2\/pages\/48"}],"wp:attachment":[{"href":"https:\/\/pontocomapalavra.com\/index.php\/wp-json\/wp\/v2\/media?parent=583"}],"curies":[{"name":"wp","href":"https:\/\/api.w.org\/{rel}","templated":true}]}}