{"id":581,"date":"2022-07-20T09:47:41","date_gmt":"2022-07-20T12:47:41","guid":{"rendered":"https:\/\/pontocomapalavradotcom.wordpress.com\/o-homem-espiritual-volume-ii\/"},"modified":"2024-01-18T22:56:03","modified_gmt":"2024-01-19T01:56:03","slug":"o-homem-espiritual-volume-ii","status":"publish","type":"page","link":"https:\/\/pontocomapalavra.com\/index.php\/audiolivros\/watchman-nee\/o-homem-espiritual-volume-ii\/","title":{"rendered":"O Homem Espiritual &#8211; Volume II"},"content":{"rendered":"\n<h2 class=\"wp-block-heading\">Cap\u00edtulo Um<\/h2>\n\n\n\n<figure class=\"wp-block-embed is-type-video is-provider-youtube wp-block-embed-youtube wp-embed-aspect-16-9 wp-has-aspect-ratio\"><div class=\"wp-block-embed__wrapper\">\n<div class='embed-container'><iframe loading=\"lazy\" title=\"O Homem Espiritual Volume II Watchman Nee - Cap\u00edtulo 01\" width=\"1920\" height=\"1080\" src=\"https:\/\/www.youtube.com\/embed\/-dU0C2hZfH8?feature=oembed\" frameborder=\"0\" allow=\"accelerometer; autoplay; clipboard-write; encrypted-media; gyroscope; picture-in-picture; web-share\" allowfullscreen><\/iframe><\/div>\n<\/div><figcaption class=\"wp-element-caption\"><a href=\"http:\/\/pontocomapalavra.com\/wp-content\/uploads\/2024\/01\/Watchman-Nee-O-Homem-Espiritual-Volume-I-II-E-III.pdf\" title=\"Clique aqui para acompanhar a leitura.\">Clique aqui para acompanhar a leitura.<\/a><\/figcaption><\/figure>\n\n\n\n<h2 class=\"wp-block-heading\">Cap\u00edtulo Dois<\/h2>\n\n\n\n<figure class=\"wp-block-embed is-type-video is-provider-youtube wp-block-embed-youtube wp-embed-aspect-16-9 wp-has-aspect-ratio\"><div class=\"wp-block-embed__wrapper\">\n<div class='embed-container'><iframe loading=\"lazy\" title=\"O Homem Espiritual Volume II Watchman Nee - Cap\u00edtulo 02\" width=\"1920\" height=\"1080\" src=\"https:\/\/www.youtube.com\/embed\/AmphfVPXxRs?feature=oembed\" frameborder=\"0\" allow=\"accelerometer; autoplay; clipboard-write; encrypted-media; gyroscope; picture-in-picture; web-share\" allowfullscreen><\/iframe><\/div>\n<\/div><figcaption class=\"wp-element-caption\"><a href=\"http:\/\/pontocomapalavra.com\/wp-content\/uploads\/2024\/01\/Watchman-Nee-O-Homem-Espiritual-Volume-I-II-E-III.pdf\" title=\"Clique aqui para acompanhar a leitura.\">Clique aqui para acompanhar a leitura.<\/a><\/figcaption><\/figure>\n\n\n\n<h2 class=\"wp-block-heading\">Cap\u00edtulo Tr\u00eas<\/h2>\n\n\n\n<figure class=\"wp-block-embed is-type-video is-provider-youtube wp-block-embed-youtube wp-embed-aspect-16-9 wp-has-aspect-ratio\"><div class=\"wp-block-embed__wrapper\">\n<div class='embed-container'><iframe loading=\"lazy\" title=\"O Homem Espiritual Volume II Watchman Nee - Cap\u00edtulo 03\" width=\"1920\" height=\"1080\" src=\"https:\/\/www.youtube.com\/embed\/dxWfjTPc-cU?feature=oembed\" frameborder=\"0\" allow=\"accelerometer; autoplay; clipboard-write; encrypted-media; gyroscope; picture-in-picture; web-share\" allowfullscreen><\/iframe><\/div>\n<\/div><figcaption class=\"wp-element-caption\"><a href=\"http:\/\/pontocomapalavra.com\/wp-content\/uploads\/2024\/01\/Watchman-Nee-O-Homem-Espiritual-Volume-I-II-E-III.pdf\" title=\"Clique aqui para acompanhar a leitura.\">Clique aqui para acompanhar a leitura.<\/a><\/figcaption><\/figure>\n\n\n\n<h2 class=\"wp-block-heading\">Cap\u00edtulo Quatro<\/h2>\n\n\n\n<figure class=\"wp-block-embed is-type-video is-provider-youtube wp-block-embed-youtube wp-embed-aspect-16-9 wp-has-aspect-ratio\"><div class=\"wp-block-embed__wrapper\">\n<div class='embed-container'><iframe loading=\"lazy\" title=\"O Homem Espiritual Volume II Watchman Nee - Cap\u00edtulo 04\" width=\"1920\" height=\"1080\" src=\"https:\/\/www.youtube.com\/embed\/QX0nnUYrCjs?feature=oembed\" frameborder=\"0\" allow=\"accelerometer; autoplay; clipboard-write; encrypted-media; gyroscope; picture-in-picture; web-share\" allowfullscreen><\/iframe><\/div>\n<\/div><figcaption class=\"wp-element-caption\"><a href=\"http:\/\/pontocomapalavra.com\/wp-content\/uploads\/2024\/01\/Watchman-Nee-O-Homem-Espiritual-Volume-I-II-E-III.pdf\" title=\"Clique aqui para acompanhar a leitura.\">Clique aqui para acompanhar a leitura.<\/a><\/figcaption><\/figure>\n\n\n\n<h2 class=\"wp-block-heading\">Cap\u00edtulo Cinco<\/h2>\n\n\n\n<figure class=\"wp-block-embed is-type-video is-provider-youtube wp-block-embed-youtube wp-embed-aspect-16-9 wp-has-aspect-ratio\"><div class=\"wp-block-embed__wrapper\">\n<div class='embed-container'><iframe loading=\"lazy\" title=\"O Homem Espiritual Volume II Watchman Nee - Cap\u00edtulo 05\" width=\"1920\" height=\"1080\" src=\"https:\/\/www.youtube.com\/embed\/Ap-a9uCmJJ0?feature=oembed\" frameborder=\"0\" allow=\"accelerometer; autoplay; clipboard-write; encrypted-media; gyroscope; picture-in-picture; web-share\" allowfullscreen><\/iframe><\/div>\n<\/div><figcaption class=\"wp-element-caption\"><a href=\"http:\/\/pontocomapalavra.com\/wp-content\/uploads\/2024\/01\/Watchman-Nee-O-Homem-Espiritual-Volume-I-II-E-III.pdf\" title=\"Clique aqui para acompanhar a leitura.\">Clique aqui para acompanhar a leitura.<\/a><\/figcaption><\/figure>\n\n\n\n<h2 class=\"wp-block-heading\">Cap\u00edtulo Seis<\/h2>\n\n\n\n<figure class=\"wp-block-embed is-type-video is-provider-youtube wp-block-embed-youtube wp-embed-aspect-16-9 wp-has-aspect-ratio\"><div class=\"wp-block-embed__wrapper\">\n<div class='embed-container'><iframe loading=\"lazy\" title=\"O Homem Espiritual Volume II Watchman Nee - Cap\u00edtulo 06\" width=\"1920\" height=\"1080\" src=\"https:\/\/www.youtube.com\/embed\/HPE5ec4Zo_Y?feature=oembed\" frameborder=\"0\" allow=\"accelerometer; autoplay; clipboard-write; encrypted-media; gyroscope; picture-in-picture; web-share\" allowfullscreen><\/iframe><\/div>\n<\/div><figcaption class=\"wp-element-caption\"><a href=\"http:\/\/pontocomapalavra.com\/wp-content\/uploads\/2024\/01\/Watchman-Nee-O-Homem-Espiritual-Volume-I-II-E-III.pdf\" title=\"Clique aqui para acompanhar a leitura.\">Clique aqui para acompanhar a leitura.<\/a><\/figcaption><\/figure>\n\n\n\n<h2 class=\"wp-block-heading\">Cap\u00edtulo Sete<\/h2>\n\n\n\n<figure class=\"wp-block-embed is-type-video is-provider-youtube wp-block-embed-youtube wp-embed-aspect-16-9 wp-has-aspect-ratio\"><div class=\"wp-block-embed__wrapper\">\n<div class='embed-container'><iframe loading=\"lazy\" title=\"O Homem Espiritual Volume II Watchman Nee - Cap\u00edtulo 07\" width=\"1920\" height=\"1080\" src=\"https:\/\/www.youtube.com\/embed\/ntnbh02jjjA?feature=oembed\" frameborder=\"0\" allow=\"accelerometer; autoplay; clipboard-write; encrypted-media; gyroscope; picture-in-picture; web-share\" allowfullscreen><\/iframe><\/div>\n<\/div><figcaption class=\"wp-element-caption\"><a href=\"http:\/\/pontocomapalavra.com\/wp-content\/uploads\/2024\/01\/Watchman-Nee-O-Homem-Espiritual-Volume-I-II-E-III.pdf\" title=\"Clique aqui para acompanhar a leitura.\">Clique aqui para acompanhar a leitura.<\/a><\/figcaption><\/figure>\n\n\n\n<h2 class=\"wp-block-heading\">Cap\u00edtulo Oito<\/h2>\n\n\n\n<figure class=\"wp-block-embed is-type-video is-provider-youtube wp-block-embed-youtube wp-embed-aspect-16-9 wp-has-aspect-ratio\"><div class=\"wp-block-embed__wrapper\">\n<div class='embed-container'><iframe loading=\"lazy\" title=\"O Homem Espiritual Volume II Watchman Nee - Cap\u00edtulo 08\" width=\"1920\" height=\"1080\" src=\"https:\/\/www.youtube.com\/embed\/tXNzDb7NLRk?feature=oembed\" frameborder=\"0\" allow=\"accelerometer; autoplay; clipboard-write; encrypted-media; gyroscope; picture-in-picture; web-share\" allowfullscreen><\/iframe><\/div>\n<\/div><figcaption class=\"wp-element-caption\"><a href=\"http:\/\/pontocomapalavra.com\/wp-content\/uploads\/2024\/01\/Watchman-Nee-O-Homem-Espiritual-Volume-I-II-E-III.pdf\" title=\"Clique aqui para acompanhar a leitura.\">Clique aqui para acompanhar a leitura.<\/a><\/figcaption><\/figure>\n\n\n\n<h2 class=\"wp-block-heading\">Cap\u00edtulo Nove<\/h2>\n\n\n\n<figure class=\"wp-block-embed is-type-video is-provider-youtube wp-block-embed-youtube wp-embed-aspect-16-9 wp-has-aspect-ratio\"><div class=\"wp-block-embed__wrapper\">\n<div class='embed-container'><iframe loading=\"lazy\" title=\"O Homem Espiritual Volume II Watchman Nee - Cap\u00edtulo 09\" width=\"1920\" height=\"1080\" src=\"https:\/\/www.youtube.com\/embed\/-eFZ0dDS9LQ?feature=oembed\" frameborder=\"0\" allow=\"accelerometer; autoplay; clipboard-write; encrypted-media; gyroscope; picture-in-picture; web-share\" allowfullscreen><\/iframe><\/div>\n<\/div><figcaption class=\"wp-element-caption\"><a href=\"http:\/\/pontocomapalavra.com\/wp-content\/uploads\/2024\/01\/Watchman-Nee-O-Homem-Espiritual-Volume-I-II-E-III.pdf\" title=\"Clique aqui para acompanhar a leitura.\">Clique aqui para acompanhar a leitura.<\/a><\/figcaption><\/figure>\n\n\n\n<h2 class=\"wp-block-heading\">Cap\u00edtulo Dez<\/h2>\n\n\n\n<figure class=\"wp-block-embed is-type-video is-provider-youtube wp-block-embed-youtube wp-embed-aspect-16-9 wp-has-aspect-ratio\"><div class=\"wp-block-embed__wrapper\">\n<div class='embed-container'><iframe loading=\"lazy\" title=\"O Homem Espiritual Volume II Watchman Nee - Cap\u00edtulo 10\" width=\"1920\" height=\"1080\" src=\"https:\/\/www.youtube.com\/embed\/dvBBc9e_0Ig?feature=oembed\" frameborder=\"0\" allow=\"accelerometer; autoplay; clipboard-write; encrypted-media; gyroscope; picture-in-picture; web-share\" allowfullscreen><\/iframe><\/div>\n<\/div><figcaption class=\"wp-element-caption\"><a href=\"http:\/\/pontocomapalavra.com\/wp-content\/uploads\/2024\/01\/Watchman-Nee-O-Homem-Espiritual-Volume-I-II-E-III.pdf\" title=\"Clique aqui para acompanhar a leitura.\">Clique aqui para acompanhar a leitura.<\/a><\/figcaption><\/figure>\n\n\n\n<h2 class=\"wp-block-heading\">Cap\u00edtulo Onze<\/h2>\n\n\n\n<figure class=\"wp-block-embed is-type-video is-provider-youtube wp-block-embed-youtube wp-embed-aspect-16-9 wp-has-aspect-ratio\"><div class=\"wp-block-embed__wrapper\">\n<div class='embed-container'><iframe loading=\"lazy\" title=\"O Homem Espiritual Volume II Watchman Nee - Cap\u00edtulo 11\" width=\"1920\" height=\"1080\" src=\"https:\/\/www.youtube.com\/embed\/0ROylemeTOA?feature=oembed\" frameborder=\"0\" allow=\"accelerometer; autoplay; clipboard-write; encrypted-media; gyroscope; picture-in-picture; web-share\" allowfullscreen><\/iframe><\/div>\n<\/div><figcaption class=\"wp-element-caption\"><a href=\"http:\/\/pontocomapalavra.com\/wp-content\/uploads\/2024\/01\/Watchman-Nee-O-Homem-Espiritual-Volume-I-II-E-III.pdf\" title=\"Clique aqui para acompanhar a leitura.\">Clique aqui para acompanhar a leitura.<\/a><\/figcaption><\/figure>\n\n\n\n<h2 class=\"wp-block-heading\">Cap\u00edtulo Doze<\/h2>\n\n\n\n<figure class=\"wp-block-embed is-type-video is-provider-youtube wp-block-embed-youtube wp-embed-aspect-16-9 wp-has-aspect-ratio\"><div class=\"wp-block-embed__wrapper\">\n<div class='embed-container'><iframe loading=\"lazy\" title=\"O Homem Espiritual Volume II Watchman Nee - Cap\u00edtulo 12\" width=\"1920\" height=\"1080\" src=\"https:\/\/www.youtube.com\/embed\/g7Vsg4ZREak?feature=oembed\" frameborder=\"0\" allow=\"accelerometer; autoplay; clipboard-write; encrypted-media; gyroscope; picture-in-picture; web-share\" allowfullscreen><\/iframe><\/div>\n<\/div><figcaption class=\"wp-element-caption\"><a href=\"http:\/\/pontocomapalavra.com\/wp-content\/uploads\/2024\/01\/Watchman-Nee-O-Homem-Espiritual-Volume-I-II-E-III.pdf\" title=\"Clique aqui para acompanhar a leitura.\">Clique aqui para acompanhar a leitura.<\/a><\/figcaption><\/figure>\n\n\n\n<h2 class=\"wp-block-heading\">Cap\u00edtulo Treze<\/h2>\n\n\n\n<figure class=\"wp-block-embed is-type-video is-provider-youtube wp-block-embed-youtube wp-embed-aspect-16-9 wp-has-aspect-ratio\"><div class=\"wp-block-embed__wrapper\">\n<div class='embed-container'><iframe loading=\"lazy\" title=\"O Homem Espiritual Volume II Watchman Nee - Cap\u00edtulo 13\" width=\"1920\" height=\"1080\" src=\"https:\/\/www.youtube.com\/embed\/eXjCZ63vmz0?feature=oembed\" frameborder=\"0\" allow=\"accelerometer; autoplay; clipboard-write; encrypted-media; gyroscope; picture-in-picture; web-share\" allowfullscreen><\/iframe><\/div>\n<\/div><figcaption class=\"wp-element-caption\"><a href=\"http:\/\/pontocomapalavra.com\/wp-content\/uploads\/2024\/01\/Watchman-Nee-O-Homem-Espiritual-Volume-I-II-E-III.pdf\" title=\"Clique aqui para acompanhar a leitura.\">Clique aqui para acompanhar a leitura.<\/a><\/figcaption><\/figure>\n\n\n\n<h2 class=\"wp-block-heading\">Cap\u00edtulo Catorze<\/h2>\n\n\n\n<figure class=\"wp-block-embed is-type-video is-provider-youtube wp-block-embed-youtube wp-embed-aspect-16-9 wp-has-aspect-ratio\"><div class=\"wp-block-embed__wrapper\">\n<div class='embed-container'><iframe loading=\"lazy\" title=\"O Homem Espiritual Volume II Watchman Nee - Cap\u00edtulo 14\" width=\"1920\" height=\"1080\" src=\"https:\/\/www.youtube.com\/embed\/MIx07LWfrp4?feature=oembed\" frameborder=\"0\" allow=\"accelerometer; autoplay; clipboard-write; encrypted-media; gyroscope; picture-in-picture; web-share\" allowfullscreen><\/iframe><\/div>\n<\/div><figcaption class=\"wp-element-caption\"><a href=\"http:\/\/pontocomapalavra.com\/wp-content\/uploads\/2024\/01\/Watchman-Nee-O-Homem-Espiritual-Volume-I-II-E-III.pdf\" title=\"Clique aqui para acompanhar a leitura.\">Clique aqui para acompanhar a leitura.<\/a><\/figcaption><\/figure>\n\n\n\n<h2 class=\"wp-block-heading\">Cap\u00edtulo Quinze<\/h2>\n\n\n\n<figure class=\"wp-block-embed is-type-video is-provider-youtube wp-block-embed-youtube wp-embed-aspect-16-9 wp-has-aspect-ratio\"><div class=\"wp-block-embed__wrapper\">\n<div class='embed-container'><iframe loading=\"lazy\" title=\"O Homem Espiritual Volume II Watchman Nee - Cap\u00edtulo 15\" width=\"1920\" height=\"1080\" src=\"https:\/\/www.youtube.com\/embed\/4CbMiqrA2xk?feature=oembed\" frameborder=\"0\" allow=\"accelerometer; autoplay; clipboard-write; encrypted-media; gyroscope; picture-in-picture; web-share\" allowfullscreen><\/iframe><\/div>\n<\/div><figcaption class=\"wp-element-caption\"><a href=\"http:\/\/pontocomapalavra.com\/wp-content\/uploads\/2024\/01\/Watchman-Nee-O-Homem-Espiritual-Volume-I-II-E-III.pdf\" title=\"Clique aqui para acompanhar a leitura.\">Clique aqui para acompanhar a leitura.<\/a><\/figcaption><\/figure>\n\n\n\n<h2 class=\"wp-block-heading\">Cap\u00edtulo Dezesseis<\/h2>\n\n\n\n<figure class=\"wp-block-embed is-type-video is-provider-youtube wp-block-embed-youtube wp-embed-aspect-16-9 wp-has-aspect-ratio\"><div class=\"wp-block-embed__wrapper\">\n<div class='embed-container'><iframe loading=\"lazy\" title=\"O Homem Espiritual Volume II Watchman Nee - Cap\u00edtulo 16\" width=\"1920\" height=\"1080\" src=\"https:\/\/www.youtube.com\/embed\/I2C5FWVek3w?feature=oembed\" frameborder=\"0\" allow=\"accelerometer; autoplay; clipboard-write; encrypted-media; gyroscope; picture-in-picture; web-share\" allowfullscreen><\/iframe><\/div>\n<\/div><figcaption class=\"wp-element-caption\"><a href=\"http:\/\/pontocomapalavra.com\/wp-content\/uploads\/2024\/01\/Watchman-Nee-O-Homem-Espiritual-Volume-I-II-E-III.pdf\" title=\"Clique aqui para acompanhar a leitura.\">Clique aqui para acompanhar a leitura.<\/a><\/figcaption><\/figure>\n","protected":false},"excerpt":{"rendered":"<p>Cap\u00edtulo Um Cap\u00edtulo Dois Cap\u00edtulo Tr\u00eas Cap\u00edtulo Quatro Cap\u00edtulo Cinco Cap\u00edtulo Seis Cap\u00edtulo Sete Cap\u00edtulo Oito Cap\u00edtulo Nove Cap\u00edtulo Dez Cap\u00edtulo Onze Cap\u00edtulo Doze Cap\u00edtulo Treze Cap\u00edtulo Catorze Cap\u00edtulo Quinze Cap\u00edtulo Dezesseis<\/p>\n","protected":false},"author":1,"featured_media":0,"parent":48,"menu_order":0,"comment_status":"closed","ping_status":"closed","template":"","meta":{"_monsterinsights_skip_tracking":false,"_monsterinsights_sitenote_active":false,"_monsterinsights_sitenote_note":"","_monsterinsights_sitenote_category":0,"footnotes":""},"aioseo_notices":[],"_links":{"self":[{"href":"https:\/\/pontocomapalavra.com\/index.php\/wp-json\/wp\/v2\/pages\/581"}],"collection":[{"href":"https:\/\/pontocomapalavra.com\/index.php\/wp-json\/wp\/v2\/pages"}],"about":[{"href":"https:\/\/pontocomapalavra.com\/index.php\/wp-json\/wp\/v2\/types\/page"}],"author":[{"embeddable":true,"href":"https:\/\/pontocomapalavra.com\/index.php\/wp-json\/wp\/v2\/users\/1"}],"replies":[{"embeddable":true,"href":"https:\/\/pontocomapalavra.com\/index.php\/wp-json\/wp\/v2\/comments?post=581"}],"version-history":[{"count":1,"href":"https:\/\/pontocomapalavra.com\/index.php\/wp-json\/wp\/v2\/pages\/581\/revisions"}],"predecessor-version":[{"id":3572,"href":"https:\/\/pontocomapalavra.com\/index.php\/wp-json\/wp\/v2\/pages\/581\/revisions\/3572"}],"up":[{"embeddable":true,"href":"https:\/\/pontocomapalavra.com\/index.php\/wp-json\/wp\/v2\/pages\/48"}],"wp:attachment":[{"href":"https:\/\/pontocomapalavra.com\/index.php\/wp-json\/wp\/v2\/media?parent=581"}],"curies":[{"name":"wp","href":"https:\/\/api.w.org\/{rel}","templated":true}]}}