{"id":579,"date":"2022-07-20T09:46:45","date_gmt":"2022-07-20T12:46:45","guid":{"rendered":"https:\/\/pontocomapalavradotcom.wordpress.com\/o-evangelho-de-deus\/"},"modified":"2024-01-18T10:47:05","modified_gmt":"2024-01-18T13:47:05","slug":"o-evangelho-de-deus","status":"publish","type":"page","link":"https:\/\/pontocomapalavra.com\/index.php\/audiolivros\/watchman-nee\/o-evangelho-de-deus\/","title":{"rendered":"O Evangelho de Deus"},"content":{"rendered":"\n<h4 class=\"wp-block-heading\">Cap\u00edtulo Um<\/h4>\n\n\n\n<figure class=\"wp-block-embed is-type-video is-provider-youtube wp-block-embed-youtube wp-embed-aspect-16-9 wp-has-aspect-ratio\"><div class=\"wp-block-embed__wrapper\">\n<div class='embed-container'><iframe loading=\"lazy\" title=\"O Evangelho de Deus Watchman Nee - Cap\u00edtulo 01\" width=\"1920\" height=\"1080\" src=\"https:\/\/www.youtube.com\/embed\/--BdYy4NV1Q?start=1&#038;feature=oembed\" frameborder=\"0\" allow=\"accelerometer; autoplay; clipboard-write; encrypted-media; gyroscope; picture-in-picture; web-share\" allowfullscreen><\/iframe><\/div>\n<\/div><\/figure>\n\n\n\n<p><a href=\"http:\/\/pontocomapalavra.com\/wp-content\/uploads\/2024\/01\/O-Evangelho-de-Deus.pdf\" target=\"_blank\" rel=\"noopener\" title=\"\">Clique aqui para acompanhar a leitura.<\/a><\/p>\n\n\n\n<p><\/p>\n\n\n\n<h4 class=\"wp-block-heading\">Cap\u00edtulo Dois<\/h4>\n\n\n\n<figure class=\"wp-block-embed is-type-video is-provider-youtube wp-block-embed-youtube wp-embed-aspect-16-9 wp-has-aspect-ratio\"><div class=\"wp-block-embed__wrapper\">\n<div class='embed-container'><iframe loading=\"lazy\" title=\"O Evangelho de Deus Watchman Nee - Cap\u00edtulo 02\" width=\"1920\" height=\"1080\" src=\"https:\/\/www.youtube.com\/embed\/KH_8srOMtzo?feature=oembed\" frameborder=\"0\" allow=\"accelerometer; autoplay; clipboard-write; encrypted-media; gyroscope; picture-in-picture; web-share\" allowfullscreen><\/iframe><\/div>\n<\/div><\/figure>\n\n\n\n<p><a href=\"http:\/\/pontocomapalavra.com\/wp-content\/uploads\/2024\/01\/O-Evangelho-de-Deus.pdf\" target=\"_blank\" rel=\"noopener\" title=\"\">Clique aqui para acompanhar a leitura.<\/a><\/p>\n\n\n\n<p><\/p>\n\n\n\n<h4 class=\"wp-block-heading\">Cap\u00edtulo Tr\u00eas<\/h4>\n\n\n\n<figure class=\"wp-block-embed is-type-video is-provider-youtube wp-block-embed-youtube wp-embed-aspect-16-9 wp-has-aspect-ratio\"><div class=\"wp-block-embed__wrapper\">\n<div class='embed-container'><iframe loading=\"lazy\" title=\"O Evangelho de Deus Watchman Nee - Cap\u00edtulo 03\" width=\"1920\" height=\"1080\" src=\"https:\/\/www.youtube.com\/embed\/_0-H0v3jFtQ?start=8&#038;feature=oembed\" frameborder=\"0\" allow=\"accelerometer; autoplay; clipboard-write; encrypted-media; gyroscope; picture-in-picture; web-share\" allowfullscreen><\/iframe><\/div>\n<\/div><\/figure>\n\n\n\n<p><a href=\"http:\/\/pontocomapalavra.com\/wp-content\/uploads\/2024\/01\/O-Evangelho-de-Deus.pdf\" target=\"_blank\" rel=\"noopener\" title=\"\">Clique aqui para acompanhar a leitura.<\/a><\/p>\n\n\n\n<p><\/p>\n\n\n\n<h4 class=\"wp-block-heading\">Cap\u00edtulo Quatro<\/h4>\n\n\n\n<figure class=\"wp-block-embed is-type-video is-provider-youtube wp-block-embed-youtube wp-embed-aspect-16-9 wp-has-aspect-ratio\"><div class=\"wp-block-embed__wrapper\">\n<div class='embed-container'><iframe loading=\"lazy\" title=\"O Evangelho de Deus Watchman Nee - Cap\u00edtulo 04\" width=\"1920\" height=\"1080\" src=\"https:\/\/www.youtube.com\/embed\/feyASlbL1qo?start=8&#038;feature=oembed\" frameborder=\"0\" allow=\"accelerometer; autoplay; clipboard-write; encrypted-media; gyroscope; picture-in-picture; web-share\" allowfullscreen><\/iframe><\/div>\n<\/div><\/figure>\n\n\n\n<p><a href=\"http:\/\/pontocomapalavra.com\/wp-content\/uploads\/2024\/01\/O-Evangelho-de-Deus.pdf\" target=\"_blank\" rel=\"noopener\" title=\"\">Clique aqui para acompanhar a leitura.<\/a><\/p>\n\n\n\n<p><\/p>\n\n\n\n<h4 class=\"wp-block-heading\">Cap\u00edtulo Cinco<\/h4>\n\n\n\n<figure class=\"wp-block-embed is-type-video is-provider-youtube wp-block-embed-youtube wp-embed-aspect-16-9 wp-has-aspect-ratio\"><div class=\"wp-block-embed__wrapper\">\n<div class='embed-container'><iframe loading=\"lazy\" title=\"O Evangelho de Deus Watchman Nee - Cap\u00edtulo 05\" width=\"1920\" height=\"1080\" src=\"https:\/\/www.youtube.com\/embed\/R8WGfUTpagU?start=5&#038;feature=oembed\" frameborder=\"0\" allow=\"accelerometer; autoplay; clipboard-write; encrypted-media; gyroscope; picture-in-picture; web-share\" allowfullscreen><\/iframe><\/div>\n<\/div><\/figure>\n\n\n\n<p><a href=\"http:\/\/pontocomapalavra.com\/wp-content\/uploads\/2024\/01\/O-Evangelho-de-Deus.pdf\" target=\"_blank\" rel=\"noopener\" title=\"\">Clique aqui para acompanhar a leitura.<\/a><\/p>\n\n\n\n<p><\/p>\n\n\n\n<h4 class=\"wp-block-heading\">Cap\u00edtulo Seis<\/h4>\n\n\n\n<figure class=\"wp-block-embed is-type-video is-provider-youtube wp-block-embed-youtube wp-embed-aspect-16-9 wp-has-aspect-ratio\"><div class=\"wp-block-embed__wrapper\">\n<div class='embed-container'><iframe loading=\"lazy\" title=\"O Evangelho de Deus Watchman Nee - Cap\u00edtulo 06\" width=\"1920\" height=\"1080\" src=\"https:\/\/www.youtube.com\/embed\/wGzgSYYGCnY?start=10&#038;feature=oembed\" frameborder=\"0\" allow=\"accelerometer; autoplay; clipboard-write; encrypted-media; gyroscope; picture-in-picture; web-share\" allowfullscreen><\/iframe><\/div>\n<\/div><\/figure>\n\n\n\n<p><a href=\"http:\/\/pontocomapalavra.com\/wp-content\/uploads\/2024\/01\/O-Evangelho-de-Deus.pdf\" target=\"_blank\" rel=\"noopener\" title=\"\">Clique aqui para acompanhar a leitura.<\/a><\/p>\n\n\n\n<p><\/p>\n\n\n\n<h4 class=\"wp-block-heading\">Cap\u00edtulo Sete<\/h4>\n\n\n\n<figure class=\"wp-block-embed is-type-video is-provider-youtube wp-block-embed-youtube wp-embed-aspect-16-9 wp-has-aspect-ratio\"><div class=\"wp-block-embed__wrapper\">\n<div class='embed-container'><iframe loading=\"lazy\" title=\"O Evangelho de Deus Watchman Nee - Cap\u00edtulo 07\" width=\"1920\" height=\"1080\" src=\"https:\/\/www.youtube.com\/embed\/fZ9iuemROoA?start=10&#038;feature=oembed\" frameborder=\"0\" allow=\"accelerometer; autoplay; clipboard-write; encrypted-media; gyroscope; picture-in-picture; web-share\" allowfullscreen><\/iframe><\/div>\n<\/div><\/figure>\n\n\n\n<p><a href=\"http:\/\/pontocomapalavra.com\/wp-content\/uploads\/2024\/01\/O-Evangelho-de-Deus.pdf\" target=\"_blank\" rel=\"noopener\" title=\"\">Clique aqui para acompanhar a leitura.<\/a><\/p>\n\n\n\n<p><\/p>\n\n\n\n<h4 class=\"wp-block-heading\">Cap\u00edtulo Oito<\/h4>\n\n\n\n<figure class=\"wp-block-embed is-type-video is-provider-youtube wp-block-embed-youtube wp-embed-aspect-16-9 wp-has-aspect-ratio\"><div class=\"wp-block-embed__wrapper\">\n<div class='embed-container'><iframe loading=\"lazy\" title=\"O Evangelho de Deus Watchman Nee - Cap\u00edtulo 08\" width=\"1920\" height=\"1080\" src=\"https:\/\/www.youtube.com\/embed\/17vMnfx-pvg?start=2&#038;feature=oembed\" frameborder=\"0\" allow=\"accelerometer; autoplay; clipboard-write; encrypted-media; gyroscope; picture-in-picture; web-share\" allowfullscreen><\/iframe><\/div>\n<\/div><\/figure>\n\n\n\n<p><a href=\"http:\/\/pontocomapalavra.com\/wp-content\/uploads\/2024\/01\/O-Evangelho-de-Deus.pdf\" target=\"_blank\" rel=\"noopener\" title=\"\">Clique aqui para acompanhar a leitura.<\/a><\/p>\n\n\n\n<p><\/p>\n\n\n\n<h4 class=\"wp-block-heading\">Cap\u00edtulo Nove<\/h4>\n\n\n\n<figure class=\"wp-block-embed is-type-video is-provider-youtube wp-block-embed-youtube wp-embed-aspect-16-9 wp-has-aspect-ratio\"><div class=\"wp-block-embed__wrapper\">\n<div class='embed-container'><iframe loading=\"lazy\" title=\"O Evangelho de Deus Watchman Nee - Cap\u00edtulo 09\" width=\"1920\" height=\"1080\" src=\"https:\/\/www.youtube.com\/embed\/j8hq77hftko?start=11&#038;feature=oembed\" frameborder=\"0\" allow=\"accelerometer; autoplay; clipboard-write; encrypted-media; gyroscope; picture-in-picture; web-share\" allowfullscreen><\/iframe><\/div>\n<\/div><\/figure>\n\n\n\n<p><a href=\"http:\/\/pontocomapalavra.com\/wp-content\/uploads\/2024\/01\/O-Evangelho-de-Deus.pdf\" target=\"_blank\" rel=\"noopener\" title=\"\">Clique aqui para acompanhar a leitura.<\/a><\/p>\n\n\n\n<p><\/p>\n\n\n\n<h4 class=\"wp-block-heading\">Cap\u00edtulo Dez<\/h4>\n\n\n\n<figure class=\"wp-block-embed is-type-video is-provider-youtube wp-block-embed-youtube wp-embed-aspect-16-9 wp-has-aspect-ratio\"><div class=\"wp-block-embed__wrapper\">\n<div class='embed-container'><iframe loading=\"lazy\" title=\"O Evangelho de Deus Watchman Nee - Cap\u00edtulo 10\" width=\"1920\" height=\"1080\" src=\"https:\/\/www.youtube.com\/embed\/8LxsF_GpdX8?feature=oembed\" frameborder=\"0\" allow=\"accelerometer; autoplay; clipboard-write; encrypted-media; gyroscope; picture-in-picture; web-share\" allowfullscreen><\/iframe><\/div>\n<\/div><\/figure>\n\n\n\n<p><a href=\"http:\/\/pontocomapalavra.com\/wp-content\/uploads\/2024\/01\/O-Evangelho-de-Deus.pdf\" target=\"_blank\" rel=\"noopener\" title=\"\">Clique aqui para acompanhar a leitura.<\/a><\/p>\n\n\n\n<p><\/p>\n\n\n\n<h4 class=\"wp-block-heading\">Cap\u00edtulo Onze<\/h4>\n\n\n\n<figure class=\"wp-block-embed is-type-video is-provider-youtube wp-block-embed-youtube wp-embed-aspect-16-9 wp-has-aspect-ratio\"><div class=\"wp-block-embed__wrapper\">\n<div class='embed-container'><iframe loading=\"lazy\" title=\"O Evangelho de Deus Watchman Nee - Cap\u00edtulo 11\" width=\"1920\" height=\"1080\" src=\"https:\/\/www.youtube.com\/embed\/8lHQ0YiTmQA?feature=oembed\" frameborder=\"0\" allow=\"accelerometer; autoplay; clipboard-write; encrypted-media; gyroscope; picture-in-picture; web-share\" allowfullscreen><\/iframe><\/div>\n<\/div><\/figure>\n\n\n\n<p><a href=\"http:\/\/pontocomapalavra.com\/wp-content\/uploads\/2024\/01\/O-Evangelho-de-Deus.pdf\" target=\"_blank\" rel=\"noopener\" title=\"\">Clique aqui para acompanhar a leitura.<\/a><\/p>\n\n\n\n<p><\/p>\n\n\n\n<h4 class=\"wp-block-heading\">Cap\u00edtulo Doze<\/h4>\n\n\n\n<figure class=\"wp-block-embed is-type-video is-provider-youtube wp-block-embed-youtube wp-embed-aspect-16-9 wp-has-aspect-ratio\"><div class=\"wp-block-embed__wrapper\">\n<div class='embed-container'><iframe loading=\"lazy\" title=\"O Evangelho de Deus Watchman Nee - Cap\u00edtulo 12\" width=\"1920\" height=\"1080\" src=\"https:\/\/www.youtube.com\/embed\/nDsp_amwmnY?start=10&#038;feature=oembed\" frameborder=\"0\" allow=\"accelerometer; autoplay; clipboard-write; encrypted-media; gyroscope; picture-in-picture; web-share\" allowfullscreen><\/iframe><\/div>\n<\/div><\/figure>\n\n\n\n<p><a href=\"http:\/\/pontocomapalavra.com\/wp-content\/uploads\/2024\/01\/O-Evangelho-de-Deus.pdf\" target=\"_blank\" rel=\"noopener\" title=\"\">Clique aqui para acompanhar a leitura.<\/a><\/p>\n\n\n\n<p><\/p>\n\n\n\n<h4 class=\"wp-block-heading\">Cap\u00edtulo Treze<\/h4>\n\n\n\n<figure class=\"wp-block-embed is-type-video is-provider-youtube wp-block-embed-youtube wp-embed-aspect-16-9 wp-has-aspect-ratio\"><div class=\"wp-block-embed__wrapper\">\n<div class='embed-container'><iframe loading=\"lazy\" title=\"O Evangelho de Deus Watchman Nee - Cap\u00edtulo 13\" width=\"1920\" height=\"1080\" src=\"https:\/\/www.youtube.com\/embed\/sYGFslwg028?feature=oembed\" frameborder=\"0\" allow=\"accelerometer; autoplay; clipboard-write; encrypted-media; gyroscope; picture-in-picture; web-share\" allowfullscreen><\/iframe><\/div>\n<\/div><\/figure>\n\n\n\n<p><a href=\"http:\/\/pontocomapalavra.com\/wp-content\/uploads\/2024\/01\/O-Evangelho-de-Deus.pdf\" target=\"_blank\" rel=\"noopener\" title=\"\">Clique aqui para acompanhar a leitura.<\/a><\/p>\n\n\n\n<p><\/p>\n\n\n\n<h4 class=\"wp-block-heading\">Cap\u00edtulo Catorze<\/h4>\n\n\n\n<figure class=\"wp-block-embed is-type-video is-provider-youtube wp-block-embed-youtube wp-embed-aspect-16-9 wp-has-aspect-ratio\"><div class=\"wp-block-embed__wrapper\">\n<div class='embed-container'><iframe loading=\"lazy\" title=\"O Evangelho de Deus Watchman Nee - Cap\u00edtulo 14\" width=\"1920\" height=\"1080\" src=\"https:\/\/www.youtube.com\/embed\/YwwUoQrDxu4?feature=oembed\" frameborder=\"0\" allow=\"accelerometer; autoplay; clipboard-write; encrypted-media; gyroscope; picture-in-picture; web-share\" allowfullscreen><\/iframe><\/div>\n<\/div><\/figure>\n\n\n\n<p><a href=\"http:\/\/pontocomapalavra.com\/wp-content\/uploads\/2024\/01\/O-Evangelho-de-Deus.pdf\" target=\"_blank\" rel=\"noopener\" title=\"\">Clique aqui para acompanhar a leitura.<\/a><\/p>\n\n\n\n<p><\/p>\n\n\n\n<h4 class=\"wp-block-heading\">Cap\u00edtulo Quinze<\/h4>\n\n\n\n<figure class=\"wp-block-embed is-type-video is-provider-youtube wp-block-embed-youtube wp-embed-aspect-16-9 wp-has-aspect-ratio\"><div class=\"wp-block-embed__wrapper\">\n<div class='embed-container'><iframe loading=\"lazy\" title=\"O Evangelho de Deus Watchman Nee - Cap\u00edtulo 15\" width=\"1920\" height=\"1080\" src=\"https:\/\/www.youtube.com\/embed\/XKOlRfs6yH0?feature=oembed\" frameborder=\"0\" allow=\"accelerometer; autoplay; clipboard-write; encrypted-media; gyroscope; picture-in-picture; web-share\" allowfullscreen><\/iframe><\/div>\n<\/div><\/figure>\n\n\n\n<p><a href=\"http:\/\/pontocomapalavra.com\/wp-content\/uploads\/2024\/01\/O-Evangelho-de-Deus.pdf\" target=\"_blank\" rel=\"noopener\" title=\"\">Clique aqui para acompanhar a leitura.<\/a><\/p>\n\n\n\n<p><\/p>\n\n\n\n<h4 class=\"wp-block-heading\">Cap\u00edtulo Dezesseis<\/h4>\n\n\n\n<figure class=\"wp-block-embed is-type-video is-provider-youtube wp-block-embed-youtube wp-embed-aspect-16-9 wp-has-aspect-ratio\"><div class=\"wp-block-embed__wrapper\">\n<div class='embed-container'><iframe loading=\"lazy\" title=\"O Evangelho de Deus Watchman Nee - Cap\u00edtulo 16\" width=\"1920\" height=\"1080\" src=\"https:\/\/www.youtube.com\/embed\/i5PIBvv6edQ?start=8&#038;feature=oembed\" frameborder=\"0\" allow=\"accelerometer; autoplay; clipboard-write; encrypted-media; gyroscope; picture-in-picture; web-share\" allowfullscreen><\/iframe><\/div>\n<\/div><\/figure>\n\n\n\n<p><a href=\"http:\/\/pontocomapalavra.com\/wp-content\/uploads\/2024\/01\/O-Evangelho-de-Deus.pdf\" target=\"_blank\" rel=\"noopener\" title=\"\">Clique aqui para acompanhar a leitura.<\/a><\/p>\n\n\n\n<p><\/p>\n\n\n\n<h4 class=\"wp-block-heading\">Cap\u00edtulo Dezessete<\/h4>\n\n\n\n<figure class=\"wp-block-embed is-type-video is-provider-youtube wp-block-embed-youtube wp-embed-aspect-16-9 wp-has-aspect-ratio\"><div class=\"wp-block-embed__wrapper\">\n<div class='embed-container'><iframe loading=\"lazy\" title=\"O Evangelho de Deus Watchman Nee - Cap\u00edtulo 17\" width=\"1920\" height=\"1080\" src=\"https:\/\/www.youtube.com\/embed\/SBE4Mf2zYDc?feature=oembed\" frameborder=\"0\" allow=\"accelerometer; autoplay; clipboard-write; encrypted-media; gyroscope; picture-in-picture; web-share\" allowfullscreen><\/iframe><\/div>\n<\/div><\/figure>\n\n\n\n<p><a href=\"http:\/\/pontocomapalavra.com\/wp-content\/uploads\/2024\/01\/O-Evangelho-de-Deus.pdf\" target=\"_blank\" rel=\"noopener\" title=\"\">Clique aqui para acompanhar a leitura.<\/a><\/p>\n\n\n\n<p><\/p>\n\n\n\n<h4 class=\"wp-block-heading\">Cap\u00edtulo Dezoito<\/h4>\n\n\n\n<figure class=\"wp-block-embed is-type-video is-provider-youtube wp-block-embed-youtube wp-embed-aspect-16-9 wp-has-aspect-ratio\"><div class=\"wp-block-embed__wrapper\">\n<div class='embed-container'><iframe loading=\"lazy\" title=\"O Evangelho de Deus Watchman Nee - Cap\u00edtulo 18\" width=\"1920\" height=\"1080\" src=\"https:\/\/www.youtube.com\/embed\/je2_IOzT_lc?start=31&#038;feature=oembed\" frameborder=\"0\" allow=\"accelerometer; autoplay; clipboard-write; encrypted-media; gyroscope; picture-in-picture; web-share\" allowfullscreen><\/iframe><\/div>\n<\/div><\/figure>\n\n\n\n<p><a href=\"http:\/\/pontocomapalavra.com\/wp-content\/uploads\/2024\/01\/O-Evangelho-de-Deus.pdf\" target=\"_blank\" rel=\"noopener\" title=\"\">Clique aqui para acompanhar a leitura.<\/a><\/p>\n\n\n\n<p><\/p>\n\n\n\n<h4 class=\"wp-block-heading\">Cap\u00edtulo Dezenove<\/h4>\n\n\n\n<figure class=\"wp-block-embed is-type-video is-provider-youtube wp-block-embed-youtube wp-embed-aspect-16-9 wp-has-aspect-ratio\"><div class=\"wp-block-embed__wrapper\">\n<div class='embed-container'><iframe loading=\"lazy\" title=\"O Evangelho de Deus Watchman Nee - Cap\u00edtulo 19\" width=\"1920\" height=\"1080\" src=\"https:\/\/www.youtube.com\/embed\/gLfnJdi5iYw?start=910&#038;feature=oembed\" frameborder=\"0\" allow=\"accelerometer; autoplay; clipboard-write; encrypted-media; gyroscope; picture-in-picture; web-share\" allowfullscreen><\/iframe><\/div>\n<\/div><\/figure>\n\n\n\n<p><a href=\"http:\/\/pontocomapalavra.com\/wp-content\/uploads\/2024\/01\/O-Evangelho-de-Deus.pdf\" target=\"_blank\" rel=\"noopener\" title=\"\">Clique aqui para acompanhar a leitura.<\/a><\/p>\n\n\n\n<p><\/p>\n\n\n\n<h4 class=\"wp-block-heading\">Cap\u00edtulo Vinte<\/h4>\n\n\n\n<figure class=\"wp-block-embed is-type-video is-provider-youtube wp-block-embed-youtube wp-embed-aspect-16-9 wp-has-aspect-ratio\"><div class=\"wp-block-embed__wrapper\">\n<div class='embed-container'><iframe loading=\"lazy\" title=\"O Evangelho de Deus Watchman Nee - Cap\u00edtulo 20\" width=\"1920\" height=\"1080\" src=\"https:\/\/www.youtube.com\/embed\/wD1V3K7Ol3I?start=1763&#038;feature=oembed\" frameborder=\"0\" allow=\"accelerometer; autoplay; clipboard-write; encrypted-media; gyroscope; picture-in-picture; web-share\" allowfullscreen><\/iframe><\/div>\n<\/div><\/figure>\n\n\n\n<p><a href=\"http:\/\/pontocomapalavra.com\/wp-content\/uploads\/2024\/01\/O-Evangelho-de-Deus.pdf\" target=\"_blank\" rel=\"noopener\" title=\"\">Clique aqui para acompanhar a leitura.<\/a><\/p>\n\n\n\n<p><\/p>\n\n\n\n<h4 class=\"wp-block-heading\">Cap\u00edtulo Vinte e Um<\/h4>\n\n\n\n<figure class=\"wp-block-embed is-type-video is-provider-youtube wp-block-embed-youtube wp-embed-aspect-16-9 wp-has-aspect-ratio\"><div class=\"wp-block-embed__wrapper\">\n<div class='embed-container'><iframe loading=\"lazy\" title=\"O Evangelho de Deus Watchman Nee - Cap\u00edtulo 21\" width=\"1920\" height=\"1080\" src=\"https:\/\/www.youtube.com\/embed\/67t-gxu5XjE?start=14&#038;feature=oembed\" frameborder=\"0\" allow=\"accelerometer; autoplay; clipboard-write; encrypted-media; gyroscope; picture-in-picture; web-share\" allowfullscreen><\/iframe><\/div>\n<\/div><\/figure>\n\n\n\n<p><a href=\"http:\/\/pontocomapalavra.com\/wp-content\/uploads\/2024\/01\/O-Evangelho-de-Deus.pdf\" target=\"_blank\" rel=\"noopener\" title=\"\">Clique aqui para acompanhar a leitura.<\/a><\/p>\n\n\n\n<p><\/p>\n\n\n\n<h4 class=\"wp-block-heading\">Cap\u00edtulo Vinte e Dois<\/h4>\n\n\n\n<figure class=\"wp-block-embed is-type-video is-provider-youtube wp-block-embed-youtube wp-embed-aspect-16-9 wp-has-aspect-ratio\"><div class=\"wp-block-embed__wrapper\">\n<div class='embed-container'><iframe loading=\"lazy\" title=\"O Evangelho de Deus Watchman Nee - Cap\u00edtulo 22\" width=\"1920\" height=\"1080\" src=\"https:\/\/www.youtube.com\/embed\/18THDEaw5OU?feature=oembed\" frameborder=\"0\" allow=\"accelerometer; autoplay; clipboard-write; encrypted-media; gyroscope; picture-in-picture; web-share\" allowfullscreen><\/iframe><\/div>\n<\/div><\/figure>\n\n\n\n<p><a href=\"http:\/\/pontocomapalavra.com\/wp-content\/uploads\/2024\/01\/O-Evangelho-de-Deus.pdf\" target=\"_blank\" rel=\"noopener\" title=\"\">Clique aqui para acompanhar a leitura.<\/a><\/p>\n\n\n\n<p><\/p>\n\n\n\n<h4 class=\"wp-block-heading\">Cap\u00edtulo Vinte e Tr\u00eas<\/h4>\n\n\n\n<figure class=\"wp-block-embed is-type-video is-provider-youtube wp-block-embed-youtube wp-embed-aspect-16-9 wp-has-aspect-ratio\"><div class=\"wp-block-embed__wrapper\">\n<div class='embed-container'><iframe loading=\"lazy\" title=\"O Evangelho de Deus Watchman Nee - Cap\u00edtulo 23\" width=\"1920\" height=\"1080\" src=\"https:\/\/www.youtube.com\/embed\/SZUfXseFiqw?feature=oembed\" frameborder=\"0\" allow=\"accelerometer; autoplay; clipboard-write; encrypted-media; gyroscope; picture-in-picture; web-share\" allowfullscreen><\/iframe><\/div>\n<\/div><\/figure>\n\n\n\n<p><a href=\"http:\/\/pontocomapalavra.com\/wp-content\/uploads\/2024\/01\/O-Evangelho-de-Deus.pdf\" target=\"_blank\" rel=\"noopener\" title=\"\">Clique aqui para acompanhar a leitura.<\/a><\/p>\n\n\n\n<p><\/p>\n\n\n\n<h4 class=\"wp-block-heading\">Cap\u00edtulo Vinte e Quatro<\/h4>\n\n\n\n<figure class=\"wp-block-embed is-type-video is-provider-youtube wp-block-embed-youtube wp-embed-aspect-16-9 wp-has-aspect-ratio\"><div class=\"wp-block-embed__wrapper\">\n<div class='embed-container'><iframe loading=\"lazy\" title=\"O Evangelho de Deus Watchman Nee - Cap\u00edtulo 24\" width=\"1920\" height=\"1080\" src=\"https:\/\/www.youtube.com\/embed\/FIbcl_P70gQ?feature=oembed\" frameborder=\"0\" allow=\"accelerometer; autoplay; clipboard-write; encrypted-media; gyroscope; picture-in-picture; web-share\" allowfullscreen><\/iframe><\/div>\n<\/div><\/figure>\n\n\n\n<p><a href=\"http:\/\/pontocomapalavra.com\/wp-content\/uploads\/2024\/01\/O-Evangelho-de-Deus.pdf\" target=\"_blank\" rel=\"noopener\" title=\"\">Clique aqui para acompanhar a leitura.<\/a><\/p>\n\n\n\n<p><\/p>\n\n\n\n<h4 class=\"wp-block-heading\">Cap\u00edtulo Vinte e Cinco<\/h4>\n\n\n\n<figure class=\"wp-block-embed is-type-video is-provider-youtube wp-block-embed-youtube wp-embed-aspect-16-9 wp-has-aspect-ratio\"><div class=\"wp-block-embed__wrapper\">\n<div class='embed-container'><iframe loading=\"lazy\" title=\"O Evangelho de Deus Watchman Nee - Cap\u00edtulo 25\" width=\"1920\" height=\"1080\" src=\"https:\/\/www.youtube.com\/embed\/0MLA31AQwjo?feature=oembed\" frameborder=\"0\" allow=\"accelerometer; autoplay; clipboard-write; encrypted-media; gyroscope; picture-in-picture; web-share\" allowfullscreen><\/iframe><\/div>\n<\/div><\/figure>\n\n\n\n<p><a href=\"http:\/\/pontocomapalavra.com\/wp-content\/uploads\/2024\/01\/O-Evangelho-de-Deus.pdf\" target=\"_blank\" rel=\"noopener\" title=\"\">Clique aqui para acompanhar a leitura.<\/a><\/p>\n\n\n\n<p><\/p>\n\n\n\n<h4 class=\"wp-block-heading\">Cap\u00edtulo Vinte e Seis<\/h4>\n\n\n\n<figure class=\"wp-block-embed is-type-video is-provider-youtube wp-block-embed-youtube wp-embed-aspect-16-9 wp-has-aspect-ratio\"><div class=\"wp-block-embed__wrapper\">\n<div class='embed-container'><iframe loading=\"lazy\" title=\"O Evangelho de Deus Watchman Nee - Cap\u00edtulo 26\" width=\"1920\" height=\"1080\" src=\"https:\/\/www.youtube.com\/embed\/ytkR2ouzE-A?start=25&#038;feature=oembed\" frameborder=\"0\" allow=\"accelerometer; autoplay; clipboard-write; encrypted-media; gyroscope; picture-in-picture; web-share\" allowfullscreen><\/iframe><\/div>\n<\/div><\/figure>\n\n\n\n<p><a href=\"http:\/\/pontocomapalavra.com\/wp-content\/uploads\/2024\/01\/O-Evangelho-de-Deus.pdf\" target=\"_blank\" rel=\"noopener\" title=\"\">Clique aqui para acompanhar a leitura.<\/a><\/p>\n","protected":false},"excerpt":{"rendered":"<p>Cap\u00edtulo Um Clique aqui para acompanhar a leitura. Cap\u00edtulo Dois Clique aqui para acompanhar a leitura. Cap\u00edtulo Tr\u00eas Clique aqui para acompanhar a leitura. Cap\u00edtulo Quatro Clique aqui para acompanhar a leitura. Cap\u00edtulo Cinco Clique aqui para acompanhar a leitura. Cap\u00edtulo Seis Clique aqui para acompanhar a leitura. Cap\u00edtulo Sete Clique aqui para acompanhar a&hellip; <br \/> <a class=\"read-more\" href=\"https:\/\/pontocomapalavra.com\/index.php\/audiolivros\/watchman-nee\/o-evangelho-de-deus\/\">Read more<\/a><\/p>\n","protected":false},"author":1,"featured_media":0,"parent":48,"menu_order":0,"comment_status":"closed","ping_status":"closed","template":"","meta":{"_monsterinsights_skip_tracking":false,"_monsterinsights_sitenote_active":false,"_monsterinsights_sitenote_note":"","_monsterinsights_sitenote_category":0,"footnotes":""},"aioseo_notices":[],"_links":{"self":[{"href":"https:\/\/pontocomapalavra.com\/index.php\/wp-json\/wp\/v2\/pages\/579"}],"collection":[{"href":"https:\/\/pontocomapalavra.com\/index.php\/wp-json\/wp\/v2\/pages"}],"about":[{"href":"https:\/\/pontocomapalavra.com\/index.php\/wp-json\/wp\/v2\/types\/page"}],"author":[{"embeddable":true,"href":"https:\/\/pontocomapalavra.com\/index.php\/wp-json\/wp\/v2\/users\/1"}],"replies":[{"embeddable":true,"href":"https:\/\/pontocomapalavra.com\/index.php\/wp-json\/wp\/v2\/comments?post=579"}],"version-history":[{"count":26,"href":"https:\/\/pontocomapalavra.com\/index.php\/wp-json\/wp\/v2\/pages\/579\/revisions"}],"predecessor-version":[{"id":3355,"href":"https:\/\/pontocomapalavra.com\/index.php\/wp-json\/wp\/v2\/pages\/579\/revisions\/3355"}],"up":[{"embeddable":true,"href":"https:\/\/pontocomapalavra.com\/index.php\/wp-json\/wp\/v2\/pages\/48"}],"wp:attachment":[{"href":"https:\/\/pontocomapalavra.com\/index.php\/wp-json\/wp\/v2\/media?parent=579"}],"curies":[{"name":"wp","href":"https:\/\/api.w.org\/{rel}","templated":true}]}}