{"id":575,"date":"2022-07-20T09:45:01","date_gmt":"2022-07-20T12:45:01","guid":{"rendered":"https:\/\/pontocomapalavradotcom.wordpress.com\/as-tres-atitudes-do-crente\/"},"modified":"2024-01-18T10:19:16","modified_gmt":"2024-01-18T13:19:16","slug":"as-tres-atitudes-do-crente","status":"publish","type":"page","link":"https:\/\/pontocomapalavra.com\/index.php\/audiolivros\/watchman-nee\/as-tres-atitudes-do-crente\/","title":{"rendered":"As Tr\u00eas Atitudes do Crente"},"content":{"rendered":"\n<h4 class=\"wp-block-heading\">Cap\u00edtulo Um<\/h4>\n\n\n\n<figure class=\"wp-block-embed is-type-video is-provider-youtube wp-block-embed-youtube wp-embed-aspect-16-9 wp-has-aspect-ratio\"><div class=\"wp-block-embed__wrapper\">\n<div class='embed-container'><iframe loading=\"lazy\" title=\"As Tr\u00eas Atitudes do Crente Watchman Nee - Cap\u00edtulo 01\" width=\"1920\" height=\"1080\" src=\"https:\/\/www.youtube.com\/embed\/msPL4u79UbU?feature=oembed\" frameborder=\"0\" allow=\"accelerometer; autoplay; clipboard-write; encrypted-media; gyroscope; picture-in-picture; web-share\" allowfullscreen><\/iframe><\/div>\n<\/div><\/figure>\n\n\n\n<p><a href=\"http:\/\/pontocomapalavra.com\/wp-content\/uploads\/2024\/01\/As-Tres-Attudes-do-Crente-.pdf\" target=\"_blank\" rel=\"noopener\" title=\"\">Clique aqui para acompanhar a leitura.<\/a><\/p>\n\n\n\n<p><\/p>\n\n\n\n<h4 class=\"wp-block-heading\">Cap\u00edtulo Dois<\/h4>\n\n\n\n<figure class=\"wp-block-embed is-type-video is-provider-youtube wp-block-embed-youtube wp-embed-aspect-16-9 wp-has-aspect-ratio\"><div class=\"wp-block-embed__wrapper\">\n<div class='embed-container'><iframe loading=\"lazy\" title=\"As Tr\u00eas Atitudes do Crente Watchman Nee - Cap\u00edtulo 02\" width=\"1920\" height=\"1080\" src=\"https:\/\/www.youtube.com\/embed\/4yDfY5A1It4?feature=oembed\" frameborder=\"0\" allow=\"accelerometer; autoplay; clipboard-write; encrypted-media; gyroscope; picture-in-picture; web-share\" allowfullscreen><\/iframe><\/div>\n<\/div><\/figure>\n\n\n\n<p><a href=\"http:\/\/pontocomapalavra.com\/wp-content\/uploads\/2024\/01\/As-Tres-Attudes-do-Crente-.pdf\" target=\"_blank\" rel=\"noopener\" title=\"\">Clique aqui para acompanhar a leitura.<\/a><\/p>\n\n\n\n<p><\/p>\n\n\n\n<h4 class=\"wp-block-heading\">Cap\u00edtulo Tr\u00eas<\/h4>\n\n\n\n<figure class=\"wp-block-embed is-type-video is-provider-youtube wp-block-embed-youtube wp-embed-aspect-16-9 wp-has-aspect-ratio\"><div class=\"wp-block-embed__wrapper\">\n<div class='embed-container'><iframe loading=\"lazy\" title=\"As Tr\u00eas Atitudes do Crente Watchman Nee - Cap\u00edtulo 03\" width=\"1920\" height=\"1080\" src=\"https:\/\/www.youtube.com\/embed\/QXABz4ydwBo?feature=oembed\" frameborder=\"0\" allow=\"accelerometer; autoplay; clipboard-write; encrypted-media; gyroscope; picture-in-picture; web-share\" allowfullscreen><\/iframe><\/div>\n<\/div><\/figure>\n\n\n\n<p><a href=\"http:\/\/pontocomapalavra.com\/wp-content\/uploads\/2024\/01\/As-Tres-Attudes-do-Crente-.pdf\" target=\"_blank\" rel=\"noopener\" title=\"\">Clique aqui para acompanhar a leitura.<\/a><\/p>\n","protected":false},"excerpt":{"rendered":"<p>Cap\u00edtulo Um Clique aqui para acompanhar a leitura. Cap\u00edtulo Dois Clique aqui para acompanhar a leitura. Cap\u00edtulo Tr\u00eas Clique aqui para acompanhar a leitura.<\/p>\n","protected":false},"author":1,"featured_media":0,"parent":48,"menu_order":0,"comment_status":"closed","ping_status":"closed","template":"","meta":{"_monsterinsights_skip_tracking":false,"_monsterinsights_sitenote_active":false,"_monsterinsights_sitenote_note":"","_monsterinsights_sitenote_category":0,"footnotes":""},"aioseo_notices":[],"_links":{"self":[{"href":"https:\/\/pontocomapalavra.com\/index.php\/wp-json\/wp\/v2\/pages\/575"}],"collection":[{"href":"https:\/\/pontocomapalavra.com\/index.php\/wp-json\/wp\/v2\/pages"}],"about":[{"href":"https:\/\/pontocomapalavra.com\/index.php\/wp-json\/wp\/v2\/types\/page"}],"author":[{"embeddable":true,"href":"https:\/\/pontocomapalavra.com\/index.php\/wp-json\/wp\/v2\/users\/1"}],"replies":[{"embeddable":true,"href":"https:\/\/pontocomapalavra.com\/index.php\/wp-json\/wp\/v2\/comments?post=575"}],"version-history":[{"count":3,"href":"https:\/\/pontocomapalavra.com\/index.php\/wp-json\/wp\/v2\/pages\/575\/revisions"}],"predecessor-version":[{"id":3286,"href":"https:\/\/pontocomapalavra.com\/index.php\/wp-json\/wp\/v2\/pages\/575\/revisions\/3286"}],"up":[{"embeddable":true,"href":"https:\/\/pontocomapalavra.com\/index.php\/wp-json\/wp\/v2\/pages\/48"}],"wp:attachment":[{"href":"https:\/\/pontocomapalavra.com\/index.php\/wp-json\/wp\/v2\/media?parent=575"}],"curies":[{"name":"wp","href":"https:\/\/api.w.org\/{rel}","templated":true}]}}