{"id":563,"date":"2022-07-20T09:30:32","date_gmt":"2022-07-20T12:30:32","guid":{"rendered":"https:\/\/pontocomapalavradotcom.wordpress.com\/a-ortodoxia-da-igreja\/"},"modified":"2024-01-18T09:43:34","modified_gmt":"2024-01-18T12:43:34","slug":"a-ortodoxia-da-igreja","status":"publish","type":"page","link":"https:\/\/pontocomapalavra.com\/index.php\/audiolivros\/watchman-nee\/a-ortodoxia-da-igreja\/","title":{"rendered":"A Ortodoxia da Igreja"},"content":{"rendered":"\n<h4 class=\"wp-block-heading\">Cap\u00edtulo Um<\/h4>\n\n\n\n<figure class=\"wp-block-embed is-type-video is-provider-youtube wp-block-embed-youtube wp-embed-aspect-16-9 wp-has-aspect-ratio\"><div class=\"wp-block-embed__wrapper\">\n<div class='embed-container'><iframe loading=\"lazy\" title=\"A Ortodoxia Da Igreja Watchman Nee - Cap\u00edtulo 01 Introdu\u00e7\u00e3o\" width=\"1920\" height=\"1080\" src=\"https:\/\/www.youtube.com\/embed\/X0Zhleus9gY?feature=oembed\" frameborder=\"0\" allow=\"accelerometer; autoplay; clipboard-write; encrypted-media; gyroscope; picture-in-picture; web-share\" allowfullscreen><\/iframe><\/div>\n<\/div><\/figure>\n\n\n\n<p><a href=\"http:\/\/pontocomapalavra.com\/wp-content\/uploads\/2024\/01\/A-Ortodoxia-da-Igreja.pdf\" target=\"_blank\" rel=\"noopener\" title=\"\">Clique aqui para acompanhar a leitura.<\/a><\/p>\n\n\n\n<p><\/p>\n\n\n\n<h4 class=\"wp-block-heading\">Cap\u00edtulo Dois<\/h4>\n\n\n\n<figure class=\"wp-block-embed is-type-video is-provider-youtube wp-block-embed-youtube wp-embed-aspect-16-9 wp-has-aspect-ratio\"><div class=\"wp-block-embed__wrapper\">\n<div class='embed-container'><iframe loading=\"lazy\" title=\"A Ortodoxia Da Igreja Watchman Nee - Cap\u00edtulo 02 \u00c9feso\" width=\"1920\" height=\"1080\" src=\"https:\/\/www.youtube.com\/embed\/qGbL5K_Fha4?feature=oembed\" frameborder=\"0\" allow=\"accelerometer; autoplay; clipboard-write; encrypted-media; gyroscope; picture-in-picture; web-share\" allowfullscreen><\/iframe><\/div>\n<\/div><\/figure>\n\n\n\n<p><a href=\"http:\/\/pontocomapalavra.com\/wp-content\/uploads\/2024\/01\/A-Ortodoxia-da-Igreja.pdf\" target=\"_blank\" rel=\"noopener\" title=\"\">Clique aqui para acompanhar a leitura.<\/a><\/p>\n\n\n\n<p><\/p>\n\n\n\n<h4 class=\"wp-block-heading\">Cap\u00edtulo Tr\u00eas<\/h4>\n\n\n\n<figure class=\"wp-block-embed is-type-video is-provider-youtube wp-block-embed-youtube wp-embed-aspect-16-9 wp-has-aspect-ratio\"><div class=\"wp-block-embed__wrapper\">\n<div class='embed-container'><iframe loading=\"lazy\" title=\"A Ortodoxia Da Igreja Watchman Nee - Cap\u00edtulo 03 Esmirna\" width=\"1920\" height=\"1080\" src=\"https:\/\/www.youtube.com\/embed\/oQNHDH82cmg?feature=oembed\" frameborder=\"0\" allow=\"accelerometer; autoplay; clipboard-write; encrypted-media; gyroscope; picture-in-picture; web-share\" allowfullscreen><\/iframe><\/div>\n<\/div><\/figure>\n\n\n\n<p><a href=\"http:\/\/pontocomapalavra.com\/wp-content\/uploads\/2024\/01\/A-Ortodoxia-da-Igreja.pdf\" target=\"_blank\" rel=\"noopener\" title=\"\">Clique aqui para acompanhar a leitura.<\/a><\/p>\n\n\n\n<p><\/p>\n\n\n\n<h4 class=\"wp-block-heading\">Cap\u00edtulo Quatro<\/h4>\n\n\n\n<figure class=\"wp-block-embed is-type-video is-provider-youtube wp-block-embed-youtube wp-embed-aspect-16-9 wp-has-aspect-ratio\"><div class=\"wp-block-embed__wrapper\">\n<div class='embed-container'><iframe loading=\"lazy\" title=\"A Ortodoxia Da Igreja Watchman Nee - Cap\u00edtulo 04 P\u00e9rgamo\" width=\"1920\" height=\"1080\" src=\"https:\/\/www.youtube.com\/embed\/NBkHbb1l2ZE?feature=oembed\" frameborder=\"0\" allow=\"accelerometer; autoplay; clipboard-write; encrypted-media; gyroscope; picture-in-picture; web-share\" allowfullscreen><\/iframe><\/div>\n<\/div><\/figure>\n\n\n\n<p><a href=\"http:\/\/pontocomapalavra.com\/wp-content\/uploads\/2024\/01\/A-Ortodoxia-da-Igreja.pdf\" target=\"_blank\" rel=\"noopener\" title=\"\">Clique aqui para acompanhar a leitura.<\/a><\/p>\n\n\n\n<p><\/p>\n\n\n\n<h4 class=\"wp-block-heading\">Cap\u00edtulo Cinco<\/h4>\n\n\n\n<figure class=\"wp-block-embed is-type-video is-provider-youtube wp-block-embed-youtube wp-embed-aspect-16-9 wp-has-aspect-ratio\"><div class=\"wp-block-embed__wrapper\">\n<div class='embed-container'><iframe loading=\"lazy\" title=\"A Ortodoxia Da Igreja Watchman Nee - Cap\u00edtulo 05 Tiatira\" width=\"1920\" height=\"1080\" src=\"https:\/\/www.youtube.com\/embed\/6i78on4mb_U?feature=oembed\" frameborder=\"0\" allow=\"accelerometer; autoplay; clipboard-write; encrypted-media; gyroscope; picture-in-picture; web-share\" allowfullscreen><\/iframe><\/div>\n<\/div><\/figure>\n\n\n\n<p><a href=\"http:\/\/pontocomapalavra.com\/wp-content\/uploads\/2024\/01\/A-Ortodoxia-da-Igreja.pdf\" target=\"_blank\" rel=\"noopener\" title=\"\">Clique aqui para acompanhar a leitura.<\/a><\/p>\n\n\n\n<p><\/p>\n\n\n\n<h4 class=\"wp-block-heading\">Cap\u00edtulo Seis<\/h4>\n\n\n\n<figure class=\"wp-block-embed is-type-video is-provider-youtube wp-block-embed-youtube wp-embed-aspect-16-9 wp-has-aspect-ratio\"><div class=\"wp-block-embed__wrapper\">\n<div class='embed-container'><iframe loading=\"lazy\" title=\"A Ortodoxia Da Igreja Watchman Nee - Cap\u00edtulo 06 Sardes\" width=\"1920\" height=\"1080\" src=\"https:\/\/www.youtube.com\/embed\/sEvq8X1t5Vc?feature=oembed\" frameborder=\"0\" allow=\"accelerometer; autoplay; clipboard-write; encrypted-media; gyroscope; picture-in-picture; web-share\" allowfullscreen><\/iframe><\/div>\n<\/div><\/figure>\n\n\n\n<p><a href=\"http:\/\/pontocomapalavra.com\/wp-content\/uploads\/2024\/01\/A-Ortodoxia-da-Igreja.pdf\" target=\"_blank\" rel=\"noopener\" title=\"\">Clique aqui para acompanhar a leitura.<\/a><\/p>\n\n\n\n<p><\/p>\n\n\n\n<h4 class=\"wp-block-heading\">Cap\u00edtulo Sete<\/h4>\n\n\n\n<figure class=\"wp-block-embed is-type-video is-provider-youtube wp-block-embed-youtube wp-embed-aspect-16-9 wp-has-aspect-ratio\"><div class=\"wp-block-embed__wrapper\">\n<div class='embed-container'><iframe loading=\"lazy\" title=\"A Ortodoxia Da Igreja Watchman Nee - Cap\u00edtulo 07 Filad\u00e9lfia\" width=\"1920\" height=\"1080\" src=\"https:\/\/www.youtube.com\/embed\/Id8LF10ji-U?feature=oembed\" frameborder=\"0\" allow=\"accelerometer; autoplay; clipboard-write; encrypted-media; gyroscope; picture-in-picture; web-share\" allowfullscreen><\/iframe><\/div>\n<\/div><\/figure>\n\n\n\n<p><a href=\"http:\/\/pontocomapalavra.com\/wp-content\/uploads\/2024\/01\/A-Ortodoxia-da-Igreja.pdf\" target=\"_blank\" rel=\"noopener\" title=\"\">Clique aqui para acompanhar a leitura.<\/a><\/p>\n\n\n\n<p><\/p>\n\n\n\n<h4 class=\"wp-block-heading\">Cap\u00edtulo Oito<\/h4>\n\n\n\n<figure class=\"wp-block-embed is-type-video is-provider-youtube wp-block-embed-youtube wp-embed-aspect-16-9 wp-has-aspect-ratio\"><div class=\"wp-block-embed__wrapper\">\n<div class='embed-container'><iframe loading=\"lazy\" title=\"A Ortodoxia Da Igreja Watchman Nee - Cap\u00edtulo 08 Laodic\u00e9ia\" width=\"1920\" height=\"1080\" src=\"https:\/\/www.youtube.com\/embed\/t-_5ckneMxk?feature=oembed\" frameborder=\"0\" allow=\"accelerometer; autoplay; clipboard-write; encrypted-media; gyroscope; picture-in-picture; web-share\" allowfullscreen><\/iframe><\/div>\n<\/div><\/figure>\n\n\n\n<p><a href=\"http:\/\/pontocomapalavra.com\/wp-content\/uploads\/2024\/01\/A-Ortodoxia-da-Igreja.pdf\" target=\"_blank\" rel=\"noopener\" title=\"\">Clique aqui para acompanhar a leitura.<\/a><\/p>\n","protected":false},"excerpt":{"rendered":"<p>Cap\u00edtulo Um Clique aqui para acompanhar a leitura. Cap\u00edtulo Dois Clique aqui para acompanhar a leitura. Cap\u00edtulo Tr\u00eas Clique aqui para acompanhar a leitura. Cap\u00edtulo Quatro Clique aqui para acompanhar a leitura. Cap\u00edtulo Cinco Clique aqui para acompanhar a leitura. Cap\u00edtulo Seis Clique aqui para acompanhar a leitura. Cap\u00edtulo Sete Clique aqui para acompanhar a&hellip; <br \/> <a class=\"read-more\" href=\"https:\/\/pontocomapalavra.com\/index.php\/audiolivros\/watchman-nee\/a-ortodoxia-da-igreja\/\">Read more<\/a><\/p>\n","protected":false},"author":1,"featured_media":0,"parent":48,"menu_order":0,"comment_status":"closed","ping_status":"closed","template":"","meta":{"_monsterinsights_skip_tracking":false,"_monsterinsights_sitenote_active":false,"_monsterinsights_sitenote_note":"","_monsterinsights_sitenote_category":0,"footnotes":""},"aioseo_notices":[],"_links":{"self":[{"href":"https:\/\/pontocomapalavra.com\/index.php\/wp-json\/wp\/v2\/pages\/563"}],"collection":[{"href":"https:\/\/pontocomapalavra.com\/index.php\/wp-json\/wp\/v2\/pages"}],"about":[{"href":"https:\/\/pontocomapalavra.com\/index.php\/wp-json\/wp\/v2\/types\/page"}],"author":[{"embeddable":true,"href":"https:\/\/pontocomapalavra.com\/index.php\/wp-json\/wp\/v2\/users\/1"}],"replies":[{"embeddable":true,"href":"https:\/\/pontocomapalavra.com\/index.php\/wp-json\/wp\/v2\/comments?post=563"}],"version-history":[{"count":2,"href":"https:\/\/pontocomapalavra.com\/index.php\/wp-json\/wp\/v2\/pages\/563\/revisions"}],"predecessor-version":[{"id":3241,"href":"https:\/\/pontocomapalavra.com\/index.php\/wp-json\/wp\/v2\/pages\/563\/revisions\/3241"}],"up":[{"embeddable":true,"href":"https:\/\/pontocomapalavra.com\/index.php\/wp-json\/wp\/v2\/pages\/48"}],"wp:attachment":[{"href":"https:\/\/pontocomapalavra.com\/index.php\/wp-json\/wp\/v2\/media?parent=563"}],"curies":[{"name":"wp","href":"https:\/\/api.w.org\/{rel}","templated":true}]}}