{"id":5191,"date":"2026-02-26T22:02:24","date_gmt":"2026-02-27T01:02:24","guid":{"rendered":"https:\/\/pontocomapalavra.com\/?page_id=5191"},"modified":"2026-02-27T10:08:36","modified_gmt":"2026-02-27T13:08:36","slug":"o-supremo-proposito","status":"publish","type":"page","link":"https:\/\/pontocomapalavra.com\/index.php\/audiolivros\/devern-fromke\/o-supremo-proposito\/","title":{"rendered":"O Supremo Prop\u00f3sito"},"content":{"rendered":"\n<h2 class=\"wp-block-heading\">Cap\u00edtulo Um<\/h2>\n\n\n\n<figure class=\"wp-block-embed is-type-video is-provider-youtube wp-block-embed-youtube wp-embed-aspect-16-9 wp-has-aspect-ratio\"><div class=\"wp-block-embed__wrapper\">\n<div class='embed-container'><iframe loading=\"lazy\" title=\"O Supremo Prop\u00f3sito - Cap\u00edtulo 01 - DeVern Fromke\" width=\"1920\" height=\"1080\" src=\"https:\/\/www.youtube.com\/embed\/09a6p3Jc0eQ?feature=oembed\" frameborder=\"0\" allow=\"accelerometer; autoplay; clipboard-write; encrypted-media; gyroscope; picture-in-picture; web-share\" referrerpolicy=\"strict-origin-when-cross-origin\" allowfullscreen><\/iframe><\/div>\n<\/div><\/figure>\n\n\n\n<h2 class=\"wp-block-heading\">Cap\u00edtulo Dois<\/h2>\n\n\n\n<figure class=\"wp-block-embed is-type-video is-provider-youtube wp-block-embed-youtube wp-embed-aspect-16-9 wp-has-aspect-ratio\"><div class=\"wp-block-embed__wrapper\">\n<div class='embed-container'><iframe loading=\"lazy\" title=\"O Supremo Prop\u00f3sito - Cap\u00edtulo 02 - DeVern Fromke\" width=\"1920\" height=\"1080\" src=\"https:\/\/www.youtube.com\/embed\/AUSPZqM-gOI?feature=oembed\" frameborder=\"0\" allow=\"accelerometer; autoplay; clipboard-write; encrypted-media; gyroscope; picture-in-picture; web-share\" referrerpolicy=\"strict-origin-when-cross-origin\" allowfullscreen><\/iframe><\/div>\n<\/div><\/figure>\n\n\n\n<h2 class=\"wp-block-heading\">Cap\u00edtulo Tr\u00eas<\/h2>\n\n\n\n<figure class=\"wp-block-embed is-type-video is-provider-youtube wp-block-embed-youtube wp-embed-aspect-16-9 wp-has-aspect-ratio\"><div class=\"wp-block-embed__wrapper\">\n<div class='embed-container'><iframe loading=\"lazy\" title=\"O Supremo Prop\u00f3sito - Cap\u00edtulo 03 - DeVern Fromke\" width=\"1920\" height=\"1080\" src=\"https:\/\/www.youtube.com\/embed\/ws71oLIE0GA?feature=oembed\" frameborder=\"0\" allow=\"accelerometer; autoplay; clipboard-write; encrypted-media; gyroscope; picture-in-picture; web-share\" referrerpolicy=\"strict-origin-when-cross-origin\" allowfullscreen><\/iframe><\/div>\n<\/div><\/figure>\n\n\n\n<h2 class=\"wp-block-heading\">Cap\u00edtulo Quatro<\/h2>\n\n\n\n<figure class=\"wp-block-embed is-type-video is-provider-youtube wp-block-embed-youtube wp-embed-aspect-16-9 wp-has-aspect-ratio\"><div class=\"wp-block-embed__wrapper\">\n<div class='embed-container'><iframe loading=\"lazy\" title=\"O Supremo Prop\u00f3sito - Cap\u00edtulo 04 - DeVern Fromke\" width=\"1920\" height=\"1080\" src=\"https:\/\/www.youtube.com\/embed\/5iscffmwZQE?feature=oembed\" frameborder=\"0\" allow=\"accelerometer; autoplay; clipboard-write; encrypted-media; gyroscope; picture-in-picture; web-share\" referrerpolicy=\"strict-origin-when-cross-origin\" allowfullscreen><\/iframe><\/div>\n<\/div><\/figure>\n\n\n\n<h2 class=\"wp-block-heading\">Cap\u00edtulo Cinco<\/h2>\n\n\n\n<figure class=\"wp-block-embed is-type-video is-provider-youtube wp-block-embed-youtube wp-embed-aspect-16-9 wp-has-aspect-ratio\"><div class=\"wp-block-embed__wrapper\">\n<div class='embed-container'><iframe loading=\"lazy\" title=\"O Supremo Prop\u00f3sito - Cap\u00edtulo 05 - DeVern Fromke\" width=\"1920\" height=\"1080\" src=\"https:\/\/www.youtube.com\/embed\/5GRxiIvQEgA?feature=oembed\" frameborder=\"0\" allow=\"accelerometer; autoplay; clipboard-write; encrypted-media; gyroscope; picture-in-picture; web-share\" referrerpolicy=\"strict-origin-when-cross-origin\" allowfullscreen><\/iframe><\/div>\n<\/div><\/figure>\n\n\n\n<h2 class=\"wp-block-heading\">Cap\u00edtulo Seis<\/h2>\n\n\n\n<figure class=\"wp-block-embed is-type-video is-provider-youtube wp-block-embed-youtube wp-embed-aspect-16-9 wp-has-aspect-ratio\"><div class=\"wp-block-embed__wrapper\">\n<div class='embed-container'><iframe loading=\"lazy\" title=\"O Supremo Prop\u00f3sito - Cap\u00edtulo 06 - DeVern Fromke\" width=\"1920\" height=\"1080\" src=\"https:\/\/www.youtube.com\/embed\/ktX5IxSSNmk?feature=oembed\" frameborder=\"0\" allow=\"accelerometer; autoplay; clipboard-write; encrypted-media; gyroscope; picture-in-picture; web-share\" referrerpolicy=\"strict-origin-when-cross-origin\" allowfullscreen><\/iframe><\/div>\n<\/div><\/figure>\n\n\n\n<h2 class=\"wp-block-heading\">Cap\u00edtulo Sete<\/h2>\n\n\n\n<figure class=\"wp-block-embed is-type-video is-provider-youtube wp-block-embed-youtube wp-embed-aspect-16-9 wp-has-aspect-ratio\"><div class=\"wp-block-embed__wrapper\">\n<div class='embed-container'><iframe loading=\"lazy\" title=\"O Supremo Prop\u00f3sito - Cap\u00edtulo 07 - DeVern Fromke\" width=\"1920\" height=\"1080\" src=\"https:\/\/www.youtube.com\/embed\/_JqwLGwZ9ls?feature=oembed\" frameborder=\"0\" allow=\"accelerometer; autoplay; clipboard-write; encrypted-media; gyroscope; picture-in-picture; web-share\" referrerpolicy=\"strict-origin-when-cross-origin\" allowfullscreen><\/iframe><\/div>\n<\/div><\/figure>\n\n\n\n<h2 class=\"wp-block-heading\">Cap\u00edtulo Oito<\/h2>\n\n\n\n<figure class=\"wp-block-embed is-type-video is-provider-youtube wp-block-embed-youtube wp-embed-aspect-16-9 wp-has-aspect-ratio\"><div class=\"wp-block-embed__wrapper\">\n<div class='embed-container'><iframe loading=\"lazy\" title=\"O Supremo Prop\u00f3sito - Cap\u00edtulo 08 - DeVern Fromke\" width=\"1920\" height=\"1080\" src=\"https:\/\/www.youtube.com\/embed\/bqn1piSRMMc?feature=oembed\" frameborder=\"0\" allow=\"accelerometer; autoplay; clipboard-write; encrypted-media; gyroscope; picture-in-picture; web-share\" referrerpolicy=\"strict-origin-when-cross-origin\" allowfullscreen><\/iframe><\/div>\n<\/div><\/figure>\n\n\n\n<h2 class=\"wp-block-heading\">Cap\u00edtulo Nove<\/h2>\n\n\n\n<figure class=\"wp-block-embed is-type-video is-provider-youtube wp-block-embed-youtube wp-embed-aspect-16-9 wp-has-aspect-ratio\"><div class=\"wp-block-embed__wrapper\">\n<div class='embed-container'><iframe loading=\"lazy\" title=\"O Supremo Prop\u00f3sito - Cap\u00edtulo 09 - DeVern Fromke\" width=\"1920\" height=\"1080\" src=\"https:\/\/www.youtube.com\/embed\/_6TKSGuZdlo?feature=oembed\" frameborder=\"0\" allow=\"accelerometer; autoplay; clipboard-write; encrypted-media; gyroscope; picture-in-picture; web-share\" referrerpolicy=\"strict-origin-when-cross-origin\" allowfullscreen><\/iframe><\/div>\n<\/div><\/figure>\n\n\n\n<h2 class=\"wp-block-heading\">Cap\u00edtulo Dez<\/h2>\n\n\n\n<figure class=\"wp-block-embed is-type-video is-provider-youtube wp-block-embed-youtube wp-embed-aspect-16-9 wp-has-aspect-ratio\"><div class=\"wp-block-embed__wrapper\">\n<div class='embed-container'><iframe loading=\"lazy\" title=\"O Supremo Prop\u00f3sito - Cap\u00edtulo 10 - DeVern Fromke\" width=\"1920\" height=\"1080\" src=\"https:\/\/www.youtube.com\/embed\/-X_80cldaao?feature=oembed\" frameborder=\"0\" allow=\"accelerometer; autoplay; clipboard-write; encrypted-media; gyroscope; picture-in-picture; web-share\" referrerpolicy=\"strict-origin-when-cross-origin\" allowfullscreen><\/iframe><\/div>\n<\/div><\/figure>\n\n\n\n<h2 class=\"wp-block-heading\">Cap\u00edtulo Onze<\/h2>\n\n\n\n<figure class=\"wp-block-embed is-type-video is-provider-youtube wp-block-embed-youtube wp-embed-aspect-16-9 wp-has-aspect-ratio\"><div class=\"wp-block-embed__wrapper\">\n<div class='embed-container'><iframe loading=\"lazy\" title=\"O Supremo Prop\u00f3sito - Cap\u00edtulo 11 - DeVern Fromke\" width=\"1920\" height=\"1080\" src=\"https:\/\/www.youtube.com\/embed\/rYJk2Tqa4L8?start=2&#038;feature=oembed\" frameborder=\"0\" allow=\"accelerometer; autoplay; clipboard-write; encrypted-media; gyroscope; picture-in-picture; web-share\" referrerpolicy=\"strict-origin-when-cross-origin\" allowfullscreen><\/iframe><\/div>\n<\/div><\/figure>\n\n\n\n<h2 class=\"wp-block-heading\">Cap\u00edtulo Doze<\/h2>\n\n\n\n<figure class=\"wp-block-embed is-type-video is-provider-youtube wp-block-embed-youtube wp-embed-aspect-16-9 wp-has-aspect-ratio\"><div class=\"wp-block-embed__wrapper\">\n<div class='embed-container'><iframe loading=\"lazy\" title=\"O Supremo Prop\u00f3sito - Cap\u00edtulo 12 - DeVern Fromke\" width=\"1920\" height=\"1080\" src=\"https:\/\/www.youtube.com\/embed\/6ErfAriUu8A?feature=oembed\" frameborder=\"0\" allow=\"accelerometer; autoplay; clipboard-write; encrypted-media; gyroscope; picture-in-picture; web-share\" referrerpolicy=\"strict-origin-when-cross-origin\" allowfullscreen><\/iframe><\/div>\n<\/div><\/figure>\n\n\n\n<h2 class=\"wp-block-heading\">Cap\u00edtulo Treze<\/h2>\n\n\n\n<figure class=\"wp-block-embed is-type-video is-provider-youtube wp-block-embed-youtube wp-embed-aspect-16-9 wp-has-aspect-ratio\"><div class=\"wp-block-embed__wrapper\">\n<div class='embed-container'><iframe loading=\"lazy\" title=\"O Supremo Prop\u00f3sito - Cap\u00edtulo 13 - DeVern Fromke\" width=\"1920\" height=\"1080\" src=\"https:\/\/www.youtube.com\/embed\/2EpQcMA6hRk?feature=oembed\" frameborder=\"0\" allow=\"accelerometer; autoplay; clipboard-write; encrypted-media; gyroscope; picture-in-picture; web-share\" referrerpolicy=\"strict-origin-when-cross-origin\" allowfullscreen><\/iframe><\/div>\n<\/div><\/figure>\n\n\n\n<h2 class=\"wp-block-heading\">Cap\u00edtulo Catorze<\/h2>\n\n\n\n<figure class=\"wp-block-embed is-type-video is-provider-youtube wp-block-embed-youtube wp-embed-aspect-16-9 wp-has-aspect-ratio\"><div class=\"wp-block-embed__wrapper\">\n<div class='embed-container'><iframe loading=\"lazy\" title=\"O Supremo Prop\u00f3sito - Cap\u00edtulo 14 - DeVern Fromke\" width=\"1920\" height=\"1080\" src=\"https:\/\/www.youtube.com\/embed\/WOP6Nsz-QF4?feature=oembed\" frameborder=\"0\" allow=\"accelerometer; autoplay; clipboard-write; encrypted-media; gyroscope; picture-in-picture; web-share\" referrerpolicy=\"strict-origin-when-cross-origin\" allowfullscreen><\/iframe><\/div>\n<\/div><\/figure>\n\n\n\n<h2 class=\"wp-block-heading\">Cap\u00edtulo Quinze<\/h2>\n\n\n\n<figure class=\"wp-block-embed is-type-video is-provider-youtube wp-block-embed-youtube wp-embed-aspect-16-9 wp-has-aspect-ratio\"><div class=\"wp-block-embed__wrapper\">\n<div class='embed-container'><iframe loading=\"lazy\" title=\"O Supremo Prop\u00f3sito - Cap\u00edtulo 15 - DeVern Fromke\" width=\"1920\" height=\"1080\" src=\"https:\/\/www.youtube.com\/embed\/Zzq45xCQ9Bo?feature=oembed\" frameborder=\"0\" allow=\"accelerometer; autoplay; clipboard-write; encrypted-media; gyroscope; picture-in-picture; web-share\" referrerpolicy=\"strict-origin-when-cross-origin\" allowfullscreen><\/iframe><\/div>\n<\/div><\/figure>\n\n\n\n<h2 class=\"wp-block-heading\">Cap\u00edtulo Dezesseis<\/h2>\n\n\n\n<figure class=\"wp-block-embed is-type-video is-provider-youtube wp-block-embed-youtube wp-embed-aspect-16-9 wp-has-aspect-ratio\"><div class=\"wp-block-embed__wrapper\">\n<div class='embed-container'><iframe loading=\"lazy\" title=\"O Supremo Prop\u00f3sito - Cap\u00edtulo 16 - DeVern Fromke\" width=\"1920\" height=\"1080\" src=\"https:\/\/www.youtube.com\/embed\/PQP8URHa2co?feature=oembed\" frameborder=\"0\" allow=\"accelerometer; autoplay; clipboard-write; encrypted-media; gyroscope; picture-in-picture; web-share\" referrerpolicy=\"strict-origin-when-cross-origin\" allowfullscreen><\/iframe><\/div>\n<\/div><\/figure>\n\n\n\n<h2 class=\"wp-block-heading\">Cap\u00edtulo Dezessete<\/h2>\n\n\n\n<figure class=\"wp-block-embed is-type-video is-provider-youtube wp-block-embed-youtube wp-embed-aspect-16-9 wp-has-aspect-ratio\"><div class=\"wp-block-embed__wrapper\">\n<div class='embed-container'><iframe loading=\"lazy\" title=\"O Supremo Prop\u00f3sito - Cap\u00edtulo 17 - DeVern Fromke\" width=\"1920\" height=\"1080\" src=\"https:\/\/www.youtube.com\/embed\/K1E_XywPKUA?feature=oembed\" frameborder=\"0\" allow=\"accelerometer; autoplay; clipboard-write; encrypted-media; gyroscope; picture-in-picture; web-share\" referrerpolicy=\"strict-origin-when-cross-origin\" allowfullscreen><\/iframe><\/div>\n<\/div><\/figure>\n\n\n\n<h2 class=\"wp-block-heading\">Cap\u00edtulo Dezoito<\/h2>\n\n\n\n<figure class=\"wp-block-embed is-type-video is-provider-youtube wp-block-embed-youtube wp-embed-aspect-16-9 wp-has-aspect-ratio\"><div class=\"wp-block-embed__wrapper\">\n<div class='embed-container'><iframe loading=\"lazy\" title=\"O Supremo Prop\u00f3sito - Cap\u00edtulo 18 - DeVern Fromke\" width=\"1920\" height=\"1080\" src=\"https:\/\/www.youtube.com\/embed\/BeC5k6U67ao?feature=oembed\" frameborder=\"0\" allow=\"accelerometer; autoplay; clipboard-write; encrypted-media; gyroscope; picture-in-picture; web-share\" referrerpolicy=\"strict-origin-when-cross-origin\" allowfullscreen><\/iframe><\/div>\n<\/div><\/figure>\n\n\n\n<h2 class=\"wp-block-heading\">Cap\u00edtulo Dezenove<\/h2>\n\n\n\n<figure class=\"wp-block-embed is-type-video is-provider-youtube wp-block-embed-youtube wp-embed-aspect-16-9 wp-has-aspect-ratio\"><div class=\"wp-block-embed__wrapper\">\n<div class='embed-container'><iframe loading=\"lazy\" title=\"O Supremo Prop\u00f3sito - Cap\u00edtulo 19 - DeVern Fromke\" width=\"1920\" height=\"1080\" src=\"https:\/\/www.youtube.com\/embed\/4z9bNPYK6Po?feature=oembed\" frameborder=\"0\" allow=\"accelerometer; autoplay; clipboard-write; encrypted-media; gyroscope; picture-in-picture; web-share\" referrerpolicy=\"strict-origin-when-cross-origin\" allowfullscreen><\/iframe><\/div>\n<\/div><\/figure>\n\n\n\n<h2 class=\"wp-block-heading\">Cap\u00edtulo Vinte<\/h2>\n\n\n\n<figure class=\"wp-block-embed is-type-video is-provider-youtube wp-block-embed-youtube wp-embed-aspect-16-9 wp-has-aspect-ratio\"><div class=\"wp-block-embed__wrapper\">\n<div class='embed-container'><iframe loading=\"lazy\" title=\"O Supremo Prop\u00f3sito - Cap\u00edtulo 20 - DeVern Fromke\" width=\"1920\" height=\"1080\" src=\"https:\/\/www.youtube.com\/embed\/ldPSgmyxc3Y?feature=oembed\" frameborder=\"0\" allow=\"accelerometer; autoplay; clipboard-write; encrypted-media; gyroscope; picture-in-picture; web-share\" referrerpolicy=\"strict-origin-when-cross-origin\" allowfullscreen><\/iframe><\/div>\n<\/div><\/figure>\n\n\n\n<h2 class=\"wp-block-heading\">Cap\u00edtulo Vinte e Um<\/h2>\n\n\n\n<figure class=\"wp-block-embed is-type-video is-provider-youtube wp-block-embed-youtube wp-embed-aspect-16-9 wp-has-aspect-ratio\"><div class=\"wp-block-embed__wrapper\">\n<div class='embed-container'><iframe loading=\"lazy\" title=\"O Supremo Prop\u00f3sito - Cap\u00edtulo 21 - DeVern Fromke\" width=\"1920\" height=\"1080\" src=\"https:\/\/www.youtube.com\/embed\/pvpsP5Joeo8?feature=oembed\" frameborder=\"0\" allow=\"accelerometer; autoplay; clipboard-write; encrypted-media; gyroscope; picture-in-picture; web-share\" referrerpolicy=\"strict-origin-when-cross-origin\" allowfullscreen><\/iframe><\/div>\n<\/div><\/figure>\n\n\n\n<h2 class=\"wp-block-heading\">Cap\u00edtulo Vinte e Dois<\/h2>\n\n\n\n<figure class=\"wp-block-embed is-type-video is-provider-youtube wp-block-embed-youtube wp-embed-aspect-16-9 wp-has-aspect-ratio\"><div class=\"wp-block-embed__wrapper\">\n<div class='embed-container'><iframe loading=\"lazy\" title=\"O Supremo Prop\u00f3sito - Cap\u00edtulo 22 - DeVern Fromke\" width=\"1920\" height=\"1080\" src=\"https:\/\/www.youtube.com\/embed\/3GYIcW6i7gQ?feature=oembed\" frameborder=\"0\" allow=\"accelerometer; autoplay; clipboard-write; encrypted-media; gyroscope; picture-in-picture; web-share\" referrerpolicy=\"strict-origin-when-cross-origin\" allowfullscreen><\/iframe><\/div>\n<\/div><\/figure>\n\n\n\n<h2 class=\"wp-block-heading\">Cap\u00edtulo Vinte e Tr\u00eas<\/h2>\n\n\n\n<figure class=\"wp-block-embed is-type-video is-provider-youtube wp-block-embed-youtube wp-embed-aspect-16-9 wp-has-aspect-ratio\"><div class=\"wp-block-embed__wrapper\">\n<div class='embed-container'><iframe loading=\"lazy\" title=\"O Supremo Prop\u00f3sito  - Cap\u00edtulo 23 - DeVern Fromke\" width=\"1920\" height=\"1080\" src=\"https:\/\/www.youtube.com\/embed\/uJ6SZYf93PA?feature=oembed\" frameborder=\"0\" allow=\"accelerometer; autoplay; clipboard-write; encrypted-media; gyroscope; picture-in-picture; web-share\" referrerpolicy=\"strict-origin-when-cross-origin\" allowfullscreen><\/iframe><\/div>\n<\/div><\/figure>\n\n\n\n<h2 class=\"wp-block-heading\">Cap\u00edtulo Vinte e Quatro<\/h2>\n\n\n\n<figure class=\"wp-block-embed is-type-video is-provider-youtube wp-block-embed-youtube wp-embed-aspect-16-9 wp-has-aspect-ratio\"><div class=\"wp-block-embed__wrapper\">\n<div class='embed-container'><iframe loading=\"lazy\" title=\"O Supremo Prop\u00f3sito - Cap\u00edtulo 24 - DeVern Fromke\" width=\"1920\" height=\"1080\" src=\"https:\/\/www.youtube.com\/embed\/F2RAbB5B8Ho?feature=oembed\" frameborder=\"0\" allow=\"accelerometer; autoplay; clipboard-write; encrypted-media; gyroscope; picture-in-picture; web-share\" referrerpolicy=\"strict-origin-when-cross-origin\" allowfullscreen><\/iframe><\/div>\n<\/div><\/figure>\n\n\n\n<h2 class=\"wp-block-heading\">Cap\u00edtulo Vinte e Cinco<\/h2>\n\n\n\n<figure class=\"wp-block-embed is-type-video is-provider-youtube wp-block-embed-youtube wp-embed-aspect-16-9 wp-has-aspect-ratio\"><div class=\"wp-block-embed__wrapper\">\n<div class='embed-container'><iframe loading=\"lazy\" title=\"O Supremo Prop\u00f3sito - Cap\u00edtulo 25 - DeVern Fromke\" width=\"1920\" height=\"1080\" src=\"https:\/\/www.youtube.com\/embed\/Xefn_LTOWCU?feature=oembed\" frameborder=\"0\" allow=\"accelerometer; autoplay; clipboard-write; encrypted-media; gyroscope; picture-in-picture; web-share\" referrerpolicy=\"strict-origin-when-cross-origin\" allowfullscreen><\/iframe><\/div>\n<\/div><\/figure>\n\n\n\n<h2 class=\"wp-block-heading\">Cap\u00edtulo Vinte e Seis<\/h2>\n\n\n\n<figure class=\"wp-block-embed is-type-video is-provider-youtube wp-block-embed-youtube wp-embed-aspect-16-9 wp-has-aspect-ratio\"><div class=\"wp-block-embed__wrapper\">\n<div class='embed-container'><iframe loading=\"lazy\" title=\"O Supremo Prop\u00f3sito - Cap\u00edtulo 26 - DeVern Fromke\" width=\"1920\" height=\"1080\" src=\"https:\/\/www.youtube.com\/embed\/f6RZ0XmVfk0?feature=oembed\" frameborder=\"0\" allow=\"accelerometer; autoplay; clipboard-write; encrypted-media; gyroscope; picture-in-picture; web-share\" referrerpolicy=\"strict-origin-when-cross-origin\" allowfullscreen><\/iframe><\/div>\n<\/div><\/figure>\n\n\n\n<h2 class=\"wp-block-heading\">Cap\u00edtulo Vinte e Sete<\/h2>\n\n\n\n<figure class=\"wp-block-embed is-type-video is-provider-youtube wp-block-embed-youtube wp-embed-aspect-16-9 wp-has-aspect-ratio\"><div class=\"wp-block-embed__wrapper\">\n<div class='embed-container'><iframe loading=\"lazy\" title=\"O Supremo Prop\u00f3sito - Cap\u00edtulo 27 - DeVern Fromke\" width=\"1920\" height=\"1080\" src=\"https:\/\/www.youtube.com\/embed\/3yTu1-BOZd0?feature=oembed\" frameborder=\"0\" allow=\"accelerometer; autoplay; clipboard-write; encrypted-media; gyroscope; picture-in-picture; web-share\" referrerpolicy=\"strict-origin-when-cross-origin\" allowfullscreen><\/iframe><\/div>\n<\/div><\/figure>\n\n\n\n<h2 class=\"wp-block-heading\">Cap\u00edtulo Vinte e Oito<\/h2>\n\n\n\n<figure class=\"wp-block-embed is-type-video is-provider-youtube wp-block-embed-youtube wp-embed-aspect-16-9 wp-has-aspect-ratio\"><div class=\"wp-block-embed__wrapper\">\n<div class='embed-container'><iframe loading=\"lazy\" title=\"O Supremo Prop\u00f3sito - Cap\u00edtulo 28 - DeVern Fromke\" width=\"1920\" height=\"1080\" src=\"https:\/\/www.youtube.com\/embed\/Y4mDGFk3src?feature=oembed\" frameborder=\"0\" allow=\"accelerometer; autoplay; clipboard-write; encrypted-media; gyroscope; picture-in-picture; web-share\" referrerpolicy=\"strict-origin-when-cross-origin\" allowfullscreen><\/iframe><\/div>\n<\/div><\/figure>\n\n\n\n<h2 class=\"wp-block-heading\">Uma Palavra Final<\/h2>\n\n\n\n<figure class=\"wp-block-embed is-type-video is-provider-youtube wp-block-embed-youtube wp-embed-aspect-16-9 wp-has-aspect-ratio\"><div class=\"wp-block-embed__wrapper\">\n<div class='embed-container'><iframe loading=\"lazy\" title=\"O Supremo Prop\u00f3sito - Uma Palavra Final - DeVern Fromke\" width=\"1920\" height=\"1080\" src=\"https:\/\/www.youtube.com\/embed\/QAWDnaFkjZE?start=18&#038;feature=oembed\" frameborder=\"0\" allow=\"accelerometer; autoplay; clipboard-write; encrypted-media; gyroscope; picture-in-picture; web-share\" referrerpolicy=\"strict-origin-when-cross-origin\" allowfullscreen><\/iframe><\/div>\n<\/div><\/figure>\n\n\n\n<h2 class=\"wp-block-heading\">Ap\u00eandice<\/h2>\n\n\n\n<figure class=\"wp-block-embed is-type-video is-provider-youtube wp-block-embed-youtube wp-embed-aspect-16-9 wp-has-aspect-ratio\"><div class=\"wp-block-embed__wrapper\">\n<div class='embed-container'><iframe loading=\"lazy\" title=\"O Supremo Prop\u00f3sito - Ap\u00eandice - DeVern Fromke\" width=\"1920\" height=\"1080\" src=\"https:\/\/www.youtube.com\/embed\/zkiJdFOlkaI?start=3&#038;feature=oembed\" frameborder=\"0\" allow=\"accelerometer; autoplay; clipboard-write; encrypted-media; gyroscope; picture-in-picture; web-share\" referrerpolicy=\"strict-origin-when-cross-origin\" allowfullscreen><\/iframe><\/div>\n<\/div><\/figure>\n","protected":false},"excerpt":{"rendered":"<p>Cap\u00edtulo Um Cap\u00edtulo Dois Cap\u00edtulo Tr\u00eas Cap\u00edtulo Quatro Cap\u00edtulo Cinco Cap\u00edtulo Seis Cap\u00edtulo Sete Cap\u00edtulo Oito Cap\u00edtulo Nove Cap\u00edtulo Dez Cap\u00edtulo Onze Cap\u00edtulo Doze Cap\u00edtulo Treze Cap\u00edtulo Catorze Cap\u00edtulo Quinze Cap\u00edtulo Dezesseis Cap\u00edtulo Dezessete Cap\u00edtulo Dezoito Cap\u00edtulo Dezenove Cap\u00edtulo Vinte Cap\u00edtulo Vinte e Um Cap\u00edtulo Vinte e Dois Cap\u00edtulo Vinte e Tr\u00eas Cap\u00edtulo Vinte e&hellip; <br \/> <a class=\"read-more\" href=\"https:\/\/pontocomapalavra.com\/index.php\/audiolivros\/devern-fromke\/o-supremo-proposito\/\">Read more<\/a><\/p>\n","protected":false},"author":1,"featured_media":0,"parent":5187,"menu_order":0,"comment_status":"closed","ping_status":"closed","template":"","meta":{"_monsterinsights_skip_tracking":false,"_monsterinsights_sitenote_active":false,"_monsterinsights_sitenote_note":"","_monsterinsights_sitenote_category":0,"footnotes":""},"aioseo_notices":[],"_links":{"self":[{"href":"https:\/\/pontocomapalavra.com\/index.php\/wp-json\/wp\/v2\/pages\/5191"}],"collection":[{"href":"https:\/\/pontocomapalavra.com\/index.php\/wp-json\/wp\/v2\/pages"}],"about":[{"href":"https:\/\/pontocomapalavra.com\/index.php\/wp-json\/wp\/v2\/types\/page"}],"author":[{"embeddable":true,"href":"https:\/\/pontocomapalavra.com\/index.php\/wp-json\/wp\/v2\/users\/1"}],"replies":[{"embeddable":true,"href":"https:\/\/pontocomapalavra.com\/index.php\/wp-json\/wp\/v2\/comments?post=5191"}],"version-history":[{"count":2,"href":"https:\/\/pontocomapalavra.com\/index.php\/wp-json\/wp\/v2\/pages\/5191\/revisions"}],"predecessor-version":[{"id":5202,"href":"https:\/\/pontocomapalavra.com\/index.php\/wp-json\/wp\/v2\/pages\/5191\/revisions\/5202"}],"up":[{"embeddable":true,"href":"https:\/\/pontocomapalavra.com\/index.php\/wp-json\/wp\/v2\/pages\/5187"}],"wp:attachment":[{"href":"https:\/\/pontocomapalavra.com\/index.php\/wp-json\/wp\/v2\/media?parent=5191"}],"curies":[{"name":"wp","href":"https:\/\/api.w.org\/{rel}","templated":true}]}}