{"id":517,"date":"2022-07-20T08:29:35","date_gmt":"2022-07-20T11:29:35","guid":{"rendered":"https:\/\/pontocomapalavradotcom.wordpress.com\/?page_id=517"},"modified":"2022-07-20T08:29:35","modified_gmt":"2022-07-20T11:29:35","slug":"os-canticos-dos-degraus","status":"publish","type":"page","link":"https:\/\/pontocomapalavra.com\/index.php\/audiolivros\/stephen-kaung\/os-canticos-dos-degraus\/","title":{"rendered":"Os C\u00e2nticos dos Degraus"},"content":{"rendered":"\n<h4 class=\"wp-block-heading\">Introdu\u00e7\u00e3o<\/h4>\n\n\n\n<figure class=\"wp-block-embed is-type-video is-provider-youtube wp-block-embed-youtube wp-embed-aspect-16-9 wp-has-aspect-ratio\"><div class=\"wp-block-embed__wrapper\">\n<div class='embed-container'><iframe loading=\"lazy\" title=\"Os C\u00e2nticos dos Degraus - Introdu\u00e7\u00e3o - Stephen Kaung\" width=\"1920\" height=\"1080\" src=\"https:\/\/www.youtube.com\/embed\/GHXFLVfrOu4?start=11&#038;feature=oembed\" frameborder=\"0\" allow=\"accelerometer; autoplay; clipboard-write; encrypted-media; gyroscope; picture-in-picture; web-share\" allowfullscreen><\/iframe><\/div>\n<\/div><\/figure>\n\n\n\n<h4 class=\"wp-block-heading\">Cap\u00edtulo Um<\/h4>\n\n\n\n<figure class=\"wp-block-embed is-type-video is-provider-youtube wp-block-embed-youtube wp-embed-aspect-16-9 wp-has-aspect-ratio\"><div class=\"wp-block-embed__wrapper\">\n<div class='embed-container'><iframe loading=\"lazy\" title=\"Os C\u00e2nticos dos Degraus - Cap\u00edtulo 01 - Stephen Kaung\" width=\"1920\" height=\"1080\" src=\"https:\/\/www.youtube.com\/embed\/Z4ziJSHHeMM?start=21&#038;feature=oembed\" frameborder=\"0\" allow=\"accelerometer; autoplay; clipboard-write; encrypted-media; gyroscope; picture-in-picture; web-share\" allowfullscreen><\/iframe><\/div>\n<\/div><\/figure>\n\n\n\n<h4 class=\"wp-block-heading\">Cap\u00edtulo Dois<\/h4>\n\n\n\n<figure class=\"wp-block-embed is-type-video is-provider-youtube wp-block-embed-youtube wp-embed-aspect-16-9 wp-has-aspect-ratio\"><div class=\"wp-block-embed__wrapper\">\n<div class='embed-container'><iframe loading=\"lazy\" title=\"Os C\u00e2nticos dos Degraus - Cap\u00edtulo 02 - Stephen Kaung\" width=\"1920\" height=\"1080\" src=\"https:\/\/www.youtube.com\/embed\/ffjaybd-4jg?start=27&#038;feature=oembed\" frameborder=\"0\" allow=\"accelerometer; autoplay; clipboard-write; encrypted-media; gyroscope; picture-in-picture; web-share\" allowfullscreen><\/iframe><\/div>\n<\/div><\/figure>\n\n\n\n<h4 class=\"wp-block-heading\">Cap\u00edtulo Tr\u00eas<\/h4>\n\n\n\n<figure class=\"wp-block-embed is-type-video is-provider-youtube wp-block-embed-youtube wp-embed-aspect-16-9 wp-has-aspect-ratio\"><div class=\"wp-block-embed__wrapper\">\n<div class='embed-container'><iframe loading=\"lazy\" title=\"Os C\u00e2nticos dos Degraus - Cap\u00edtulo 03 - Stephen Kaung\" width=\"1920\" height=\"1080\" src=\"https:\/\/www.youtube.com\/embed\/ROiJrS0nMhA?start=16&#038;feature=oembed\" frameborder=\"0\" allow=\"accelerometer; autoplay; clipboard-write; encrypted-media; gyroscope; picture-in-picture; web-share\" allowfullscreen><\/iframe><\/div>\n<\/div><\/figure>\n\n\n\n<h4 class=\"wp-block-heading\">Cap\u00edtulo Quatro<\/h4>\n\n\n\n<figure class=\"wp-block-embed is-type-video is-provider-youtube wp-block-embed-youtube wp-embed-aspect-16-9 wp-has-aspect-ratio\"><div class=\"wp-block-embed__wrapper\">\n<div class='embed-container'><iframe loading=\"lazy\" title=\"Os C\u00e2nticos dos Degraus - Cap\u00edtulo 04 - Stephen Kaung\" width=\"1920\" height=\"1080\" src=\"https:\/\/www.youtube.com\/embed\/pKCsGQXtDQw?start=3&#038;feature=oembed\" frameborder=\"0\" allow=\"accelerometer; autoplay; clipboard-write; encrypted-media; gyroscope; picture-in-picture; web-share\" allowfullscreen><\/iframe><\/div>\n<\/div><\/figure>\n\n\n\n<h4 class=\"wp-block-heading\">Cap\u00edtulo Cinco<\/h4>\n\n\n\n<figure class=\"wp-block-embed is-type-video is-provider-youtube wp-block-embed-youtube wp-embed-aspect-16-9 wp-has-aspect-ratio\"><div class=\"wp-block-embed__wrapper\">\n<div class='embed-container'><iframe loading=\"lazy\" title=\"Os C\u00e2nticos dos Degraus - Cap\u00edtulo 05 - Stephen Kaung\" width=\"1920\" height=\"1080\" src=\"https:\/\/www.youtube.com\/embed\/7AgJmXemT8c?start=3&#038;feature=oembed\" frameborder=\"0\" allow=\"accelerometer; autoplay; clipboard-write; encrypted-media; gyroscope; picture-in-picture; web-share\" allowfullscreen><\/iframe><\/div>\n<\/div><\/figure>\n\n\n\n<h4 class=\"wp-block-heading\">Cap\u00edtulo Seis<\/h4>\n\n\n\n<figure class=\"wp-block-embed is-type-video is-provider-youtube wp-block-embed-youtube wp-embed-aspect-16-9 wp-has-aspect-ratio\"><div class=\"wp-block-embed__wrapper\">\n<div class='embed-container'><iframe loading=\"lazy\" title=\"Os C\u00e2nticos dos Degraus - Cap\u00edtulo 06 - Stephen Kaung\" width=\"1920\" height=\"1080\" src=\"https:\/\/www.youtube.com\/embed\/yY_3-0IxhzM?start=4&#038;feature=oembed\" frameborder=\"0\" allow=\"accelerometer; autoplay; clipboard-write; encrypted-media; gyroscope; picture-in-picture; web-share\" allowfullscreen><\/iframe><\/div>\n<\/div><\/figure>\n\n\n\n<h4 class=\"wp-block-heading\">Cap\u00edtulo Sete<\/h4>\n\n\n\n<figure class=\"wp-block-embed is-type-video is-provider-youtube wp-block-embed-youtube wp-embed-aspect-16-9 wp-has-aspect-ratio\"><div class=\"wp-block-embed__wrapper\">\n<div class='embed-container'><iframe loading=\"lazy\" title=\"Os C\u00e2nticos dos Degraus - Cap\u00edtulo 07 - Stephen Kaung\" width=\"1920\" height=\"1080\" src=\"https:\/\/www.youtube.com\/embed\/Itf8lOnQy50?start=44&#038;feature=oembed\" frameborder=\"0\" allow=\"accelerometer; autoplay; clipboard-write; encrypted-media; gyroscope; picture-in-picture; web-share\" allowfullscreen><\/iframe><\/div>\n<\/div><\/figure>\n\n\n\n<h4 class=\"wp-block-heading\">Cap\u00edtulo Oito<\/h4>\n\n\n\n<figure class=\"wp-block-embed is-type-video is-provider-youtube wp-block-embed-youtube wp-embed-aspect-16-9 wp-has-aspect-ratio\"><div class=\"wp-block-embed__wrapper\">\n<div class='embed-container'><iframe loading=\"lazy\" title=\"Os C\u00e2nticos dos Degraus - Cap\u00edtulo 08 - Stephen Kaung\" width=\"1920\" height=\"1080\" src=\"https:\/\/www.youtube.com\/embed\/J8tCwRiU0P4?start=24&#038;feature=oembed\" frameborder=\"0\" allow=\"accelerometer; autoplay; clipboard-write; encrypted-media; gyroscope; picture-in-picture; web-share\" allowfullscreen><\/iframe><\/div>\n<\/div><\/figure>\n\n\n\n<h4 class=\"wp-block-heading\">Cap\u00edtulo Nove<\/h4>\n\n\n\n<figure class=\"wp-block-embed is-type-video is-provider-youtube wp-block-embed-youtube wp-embed-aspect-16-9 wp-has-aspect-ratio\"><div class=\"wp-block-embed__wrapper\">\n<div class='embed-container'><iframe loading=\"lazy\" title=\"Os C\u00e2nticos dos Degraus - Cap\u00edtulo 09 - Stephen Kaung\" width=\"1920\" height=\"1080\" src=\"https:\/\/www.youtube.com\/embed\/Hc_32nWaB4s?start=7&#038;feature=oembed\" frameborder=\"0\" allow=\"accelerometer; autoplay; clipboard-write; encrypted-media; gyroscope; picture-in-picture; web-share\" allowfullscreen><\/iframe><\/div>\n<\/div><\/figure>\n\n\n\n<h4 class=\"wp-block-heading\">Cap\u00edtulo Dez<\/h4>\n\n\n\n<figure class=\"wp-block-embed is-type-video is-provider-youtube wp-block-embed-youtube wp-embed-aspect-16-9 wp-has-aspect-ratio\"><div class=\"wp-block-embed__wrapper\">\n<div class='embed-container'><iframe loading=\"lazy\" title=\"Os C\u00e2nticos dos Degraus - Cap\u00edtulo 10 - Stephen Kaung\" width=\"1920\" height=\"1080\" src=\"https:\/\/www.youtube.com\/embed\/Y0DB1gBBKHM?start=7&#038;feature=oembed\" frameborder=\"0\" allow=\"accelerometer; autoplay; clipboard-write; encrypted-media; gyroscope; picture-in-picture; web-share\" allowfullscreen><\/iframe><\/div>\n<\/div><\/figure>\n\n\n\n<h4 class=\"wp-block-heading\">Cap\u00edtulo Onze<\/h4>\n\n\n\n<figure class=\"wp-block-embed is-type-video is-provider-youtube wp-block-embed-youtube wp-embed-aspect-16-9 wp-has-aspect-ratio\"><div class=\"wp-block-embed__wrapper\">\n<div class='embed-container'><iframe loading=\"lazy\" title=\"Os C\u00e2nticos dos Degraus - Cap\u00edtulo 11 - Stephen Kaung\" width=\"1920\" height=\"1080\" src=\"https:\/\/www.youtube.com\/embed\/JWkez0TgAzg?start=8&#038;feature=oembed\" frameborder=\"0\" allow=\"accelerometer; autoplay; clipboard-write; encrypted-media; gyroscope; picture-in-picture; web-share\" allowfullscreen><\/iframe><\/div>\n<\/div><\/figure>\n\n\n\n<h4 class=\"wp-block-heading\">Cap\u00edtulo Doze<\/h4>\n\n\n\n<figure class=\"wp-block-embed is-type-video is-provider-youtube wp-block-embed-youtube wp-embed-aspect-16-9 wp-has-aspect-ratio\"><div class=\"wp-block-embed__wrapper\">\n<div class='embed-container'><iframe loading=\"lazy\" title=\"Os C\u00e2nticos dos Degraus - Cap\u00edtulo 12 - Stephen Kaung\" width=\"1920\" height=\"1080\" src=\"https:\/\/www.youtube.com\/embed\/8i-oSDvivEA?start=13&#038;feature=oembed\" frameborder=\"0\" allow=\"accelerometer; autoplay; clipboard-write; encrypted-media; gyroscope; picture-in-picture; web-share\" allowfullscreen><\/iframe><\/div>\n<\/div><\/figure>\n\n\n\n<h4 class=\"wp-block-heading\">Cap\u00edtulo Treze<\/h4>\n\n\n\n<figure class=\"wp-block-embed is-type-video is-provider-youtube wp-block-embed-youtube wp-embed-aspect-16-9 wp-has-aspect-ratio\"><div class=\"wp-block-embed__wrapper\">\n<div class='embed-container'><iframe loading=\"lazy\" title=\"Os C\u00e2nticos dos Degraus - Cap\u00edtulo 13 - Stephen Kaung\" width=\"1920\" height=\"1080\" src=\"https:\/\/www.youtube.com\/embed\/jU2vFSkvEa8?start=9&#038;feature=oembed\" frameborder=\"0\" allow=\"accelerometer; autoplay; clipboard-write; encrypted-media; gyroscope; picture-in-picture; web-share\" allowfullscreen><\/iframe><\/div>\n<\/div><\/figure>\n\n\n\n<h4 class=\"wp-block-heading\">Cap\u00edtulo Catorze<\/h4>\n\n\n\n<figure class=\"wp-block-embed is-type-video is-provider-youtube wp-block-embed-youtube wp-embed-aspect-16-9 wp-has-aspect-ratio\"><div class=\"wp-block-embed__wrapper\">\n<div class='embed-container'><iframe loading=\"lazy\" title=\"Os C\u00e2nticos dos Degraus - Cap\u00edtulo 14 - Stephen Kaung\" width=\"1920\" height=\"1080\" src=\"https:\/\/www.youtube.com\/embed\/szaNDUYr8y4?start=7&#038;feature=oembed\" frameborder=\"0\" allow=\"accelerometer; autoplay; clipboard-write; encrypted-media; gyroscope; picture-in-picture; web-share\" allowfullscreen><\/iframe><\/div>\n<\/div><\/figure>\n\n\n\n<h4 class=\"wp-block-heading\">Cap\u00edtulo Quinze<\/h4>\n\n\n\n<figure class=\"wp-block-embed is-type-video is-provider-youtube wp-block-embed-youtube wp-embed-aspect-16-9 wp-has-aspect-ratio\"><div class=\"wp-block-embed__wrapper\">\n<div class='embed-container'><iframe loading=\"lazy\" title=\"Os C\u00e2nticos dos Degraus - Cap\u00edtulo 15 - Stephen Kaung\" width=\"1920\" height=\"1080\" src=\"https:\/\/www.youtube.com\/embed\/OVBWazzhSCI?start=3&#038;feature=oembed\" frameborder=\"0\" allow=\"accelerometer; autoplay; clipboard-write; encrypted-media; gyroscope; picture-in-picture; web-share\" allowfullscreen><\/iframe><\/div>\n<\/div><\/figure>\n","protected":false},"excerpt":{"rendered":"<p>Introdu\u00e7\u00e3o Cap\u00edtulo Um Cap\u00edtulo Dois Cap\u00edtulo Tr\u00eas Cap\u00edtulo Quatro Cap\u00edtulo Cinco Cap\u00edtulo Seis Cap\u00edtulo Sete Cap\u00edtulo Oito Cap\u00edtulo Nove Cap\u00edtulo Dez Cap\u00edtulo Onze Cap\u00edtulo Doze Cap\u00edtulo Treze Cap\u00edtulo Catorze Cap\u00edtulo Quinze<\/p>\n","protected":false},"author":1,"featured_media":0,"parent":43,"menu_order":0,"comment_status":"closed","ping_status":"closed","template":"","meta":{"_monsterinsights_skip_tracking":false,"_monsterinsights_sitenote_active":false,"_monsterinsights_sitenote_note":"","_monsterinsights_sitenote_category":0,"footnotes":""},"aioseo_notices":[],"_links":{"self":[{"href":"https:\/\/pontocomapalavra.com\/index.php\/wp-json\/wp\/v2\/pages\/517"}],"collection":[{"href":"https:\/\/pontocomapalavra.com\/index.php\/wp-json\/wp\/v2\/pages"}],"about":[{"href":"https:\/\/pontocomapalavra.com\/index.php\/wp-json\/wp\/v2\/types\/page"}],"author":[{"embeddable":true,"href":"https:\/\/pontocomapalavra.com\/index.php\/wp-json\/wp\/v2\/users\/1"}],"replies":[{"embeddable":true,"href":"https:\/\/pontocomapalavra.com\/index.php\/wp-json\/wp\/v2\/comments?post=517"}],"version-history":[{"count":0,"href":"https:\/\/pontocomapalavra.com\/index.php\/wp-json\/wp\/v2\/pages\/517\/revisions"}],"up":[{"embeddable":true,"href":"https:\/\/pontocomapalavra.com\/index.php\/wp-json\/wp\/v2\/pages\/43"}],"wp:attachment":[{"href":"https:\/\/pontocomapalavra.com\/index.php\/wp-json\/wp\/v2\/media?parent=517"}],"curies":[{"name":"wp","href":"https:\/\/api.w.org\/{rel}","templated":true}]}}