{"id":508,"date":"2022-07-20T08:16:58","date_gmt":"2022-07-20T11:16:58","guid":{"rendered":"https:\/\/pontocomapalavradotcom.wordpress.com\/?page_id=508"},"modified":"2024-01-21T08:02:42","modified_gmt":"2024-01-21T11:02:42","slug":"meditacoes-sobre-o-reino","status":"publish","type":"page","link":"https:\/\/pontocomapalavra.com\/index.php\/audiolivros\/stephen-kaung\/meditacoes-sobre-o-reino\/","title":{"rendered":"Medita\u00e7\u00f5es sobre o Reino &#8211; (Quinto da S\u00e9rie Restaura\u00e7\u00e3o)"},"content":{"rendered":"\n<h2 class=\"wp-block-heading\">Cap\u00edtulo Um<\/h2>\n\n\n\n<figure class=\"wp-block-embed is-type-video is-provider-youtube wp-block-embed-youtube wp-embed-aspect-16-9 wp-has-aspect-ratio\"><div class=\"wp-block-embed__wrapper\">\n<div class='embed-container'><iframe loading=\"lazy\" title=\"Medita\u00e7\u00f5es Sobre O Reino - Cap\u00edtulo 01 - Stephen Kaung\" width=\"1920\" height=\"1080\" src=\"https:\/\/www.youtube.com\/embed\/xebpu-OqD6o?start=48&#038;feature=oembed\" frameborder=\"0\" allow=\"accelerometer; autoplay; clipboard-write; encrypted-media; gyroscope; picture-in-picture; web-share\" allowfullscreen><\/iframe><\/div>\n<\/div><\/figure>\n\n\n\n<p><a href=\"http:\/\/pontocomapalavra.com\/wp-content\/uploads\/2024\/01\/Meditacoes-Sobre-o-Reino-1.pdf\" target=\"_blank\" rel=\"noopener\" title=\"\">Clique aqui para acompanhar a leitura.<\/a><\/p>\n\n\n\n<p><\/p>\n\n\n\n<h2 class=\"wp-block-heading\">Cap\u00edtulo Dois<\/h2>\n\n\n\n<figure class=\"wp-block-embed is-type-video is-provider-youtube wp-block-embed-youtube wp-embed-aspect-16-9 wp-has-aspect-ratio\"><div class=\"wp-block-embed__wrapper\">\n<div class='embed-container'><iframe loading=\"lazy\" title=\"Medita\u00e7\u00f5es Sobre O Reino - Cap\u00edtulo 02 - Stephen Kaung\" width=\"1920\" height=\"1080\" src=\"https:\/\/www.youtube.com\/embed\/peYmYH_k0y4?start=14&#038;feature=oembed\" frameborder=\"0\" allow=\"accelerometer; autoplay; clipboard-write; encrypted-media; gyroscope; picture-in-picture; web-share\" allowfullscreen><\/iframe><\/div>\n<\/div><\/figure>\n\n\n\n<p><a href=\"http:\/\/pontocomapalavra.com\/wp-content\/uploads\/2024\/01\/Meditacoes-Sobre-o-Reino-1.pdf\" target=\"_blank\" rel=\"noopener\" title=\"\">Clique aqui para acompanhar a leitura.<\/a><\/p>\n\n\n\n<p><\/p>\n\n\n\n<h2 class=\"wp-block-heading\">Cap\u00edtulo Tr\u00eas<\/h2>\n\n\n\n<figure class=\"wp-block-embed is-type-video is-provider-youtube wp-block-embed-youtube wp-embed-aspect-16-9 wp-has-aspect-ratio\"><div class=\"wp-block-embed__wrapper\">\n<div class='embed-container'><iframe loading=\"lazy\" title=\"Medita\u00e7\u00f5es Sobre O Reino - Cap\u00edtulo 03 - Stephen Kaung\" width=\"1920\" height=\"1080\" src=\"https:\/\/www.youtube.com\/embed\/gVzaAGnzUnc?start=5&#038;feature=oembed\" frameborder=\"0\" allow=\"accelerometer; autoplay; clipboard-write; encrypted-media; gyroscope; picture-in-picture; web-share\" allowfullscreen><\/iframe><\/div>\n<\/div><\/figure>\n\n\n\n<p><a href=\"http:\/\/pontocomapalavra.com\/wp-content\/uploads\/2024\/01\/Meditacoes-Sobre-o-Reino-1.pdf\" target=\"_blank\" rel=\"noopener\" title=\"\">Clique aqui para acompanhar a leitura.<\/a><\/p>\n\n\n\n<p><\/p>\n\n\n\n<h2 class=\"wp-block-heading\">Cap\u00edtulo Quatro<\/h2>\n\n\n\n<figure class=\"wp-block-embed is-type-video is-provider-youtube wp-block-embed-youtube wp-embed-aspect-16-9 wp-has-aspect-ratio\"><div class=\"wp-block-embed__wrapper\">\n<div class='embed-container'><iframe loading=\"lazy\" title=\"Medita\u00e7\u00f5es Sobre O Reino - Cap\u00edtulo 04 - Stephen Kaung\" width=\"1920\" height=\"1080\" src=\"https:\/\/www.youtube.com\/embed\/AHPlpwzgc8c?start=19&#038;feature=oembed\" frameborder=\"0\" allow=\"accelerometer; autoplay; clipboard-write; encrypted-media; gyroscope; picture-in-picture; web-share\" allowfullscreen><\/iframe><\/div>\n<\/div><\/figure>\n\n\n\n<p><a href=\"http:\/\/pontocomapalavra.com\/wp-content\/uploads\/2024\/01\/Meditacoes-Sobre-o-Reino-1.pdf\" target=\"_blank\" rel=\"noopener\" title=\"\">Clique aqui para acompanhar a leitura.<\/a><\/p>\n\n\n\n<p><\/p>\n\n\n\n<h2 class=\"wp-block-heading\">Cap\u00edtulo Cinco<\/h2>\n\n\n\n<figure class=\"wp-block-embed is-type-video is-provider-youtube wp-block-embed-youtube wp-embed-aspect-16-9 wp-has-aspect-ratio\"><div class=\"wp-block-embed__wrapper\">\n<div class='embed-container'><iframe loading=\"lazy\" title=\"Medita\u00e7\u00f5es Sobre O Reino - Cap\u00edtulo 05 - Stephen Kaung\" width=\"1920\" height=\"1080\" src=\"https:\/\/www.youtube.com\/embed\/0pdp_IWUwJQ?start=9&#038;feature=oembed\" frameborder=\"0\" allow=\"accelerometer; autoplay; clipboard-write; encrypted-media; gyroscope; picture-in-picture; web-share\" allowfullscreen><\/iframe><\/div>\n<\/div><\/figure>\n\n\n\n<p><a href=\"http:\/\/pontocomapalavra.com\/wp-content\/uploads\/2024\/01\/Meditacoes-Sobre-o-Reino-1.pdf\" target=\"_blank\" rel=\"noopener\" title=\"\">Clique aqui para acompanhar a leitura.<\/a><\/p>\n","protected":false},"excerpt":{"rendered":"<p>Cap\u00edtulo Um Clique aqui para acompanhar a leitura. Cap\u00edtulo Dois Clique aqui para acompanhar a leitura. Cap\u00edtulo Tr\u00eas Clique aqui para acompanhar a leitura. Cap\u00edtulo Quatro Clique aqui para acompanhar a leitura. Cap\u00edtulo Cinco Clique aqui para acompanhar a leitura.<\/p>\n","protected":false},"author":1,"featured_media":0,"parent":43,"menu_order":0,"comment_status":"closed","ping_status":"closed","template":"","meta":{"_monsterinsights_skip_tracking":false,"_monsterinsights_sitenote_active":false,"_monsterinsights_sitenote_note":"","_monsterinsights_sitenote_category":0,"footnotes":""},"aioseo_notices":[],"_links":{"self":[{"href":"https:\/\/pontocomapalavra.com\/index.php\/wp-json\/wp\/v2\/pages\/508"}],"collection":[{"href":"https:\/\/pontocomapalavra.com\/index.php\/wp-json\/wp\/v2\/pages"}],"about":[{"href":"https:\/\/pontocomapalavra.com\/index.php\/wp-json\/wp\/v2\/types\/page"}],"author":[{"embeddable":true,"href":"https:\/\/pontocomapalavra.com\/index.php\/wp-json\/wp\/v2\/users\/1"}],"replies":[{"embeddable":true,"href":"https:\/\/pontocomapalavra.com\/index.php\/wp-json\/wp\/v2\/comments?post=508"}],"version-history":[{"count":2,"href":"https:\/\/pontocomapalavra.com\/index.php\/wp-json\/wp\/v2\/pages\/508\/revisions"}],"predecessor-version":[{"id":3816,"href":"https:\/\/pontocomapalavra.com\/index.php\/wp-json\/wp\/v2\/pages\/508\/revisions\/3816"}],"up":[{"embeddable":true,"href":"https:\/\/pontocomapalavra.com\/index.php\/wp-json\/wp\/v2\/pages\/43"}],"wp:attachment":[{"href":"https:\/\/pontocomapalavra.com\/index.php\/wp-json\/wp\/v2\/media?parent=508"}],"curies":[{"name":"wp","href":"https:\/\/api.w.org\/{rel}","templated":true}]}}