{"id":48,"date":"2022-07-16T09:58:34","date_gmt":"2022-07-16T12:58:34","guid":{"rendered":"https:\/\/pontocomapalavradotcom.wordpress.com\/?page_id=48"},"modified":"2026-02-27T09:44:37","modified_gmt":"2026-02-27T12:44:37","slug":"watchman-nee","status":"publish","type":"page","link":"https:\/\/pontocomapalavra.com\/index.php\/audiolivros\/watchman-nee\/","title":{"rendered":"Watchman Nee"},"content":{"rendered":"\n<p class=\"has-medium-font-size\"><a href=\"https:\/\/pontocomapalavra.com\/index.php\/audiolivros\/watchman-nee\/a-cruz\/\" title=\"A Cruz\">A Cruz<\/a><\/p>\n\n\n\n<p class=\"has-medium-font-size\"><a href=\"http:\/\/pontocomapalavra.com\/index.php\/audiolivros\/watchman-nee\/a-liberacao-do-espirito\/\" title=\"\">A Libera\u00e7\u00e3o do Esp\u00edrito <\/a><\/p>\n\n\n\n<p class=\"has-medium-font-size\"><a href=\"https:\/\/pontocomapalavra.com\/index.php\/audiolivros\/watchman-nee\/a-ortodoxia-da-igreja\/\" title=\"\">A Ortodoxia da Igreja<\/a><\/p>\n\n\n\n<p class=\"has-medium-font-size\"><a href=\"https:\/\/pontocomapalavra.com\/index.php\/audiolivros\/watchman-nee\/a-quem-enviarei\/\" title=\"\">A Quem Enviarei?<\/a><\/p>\n\n\n\n<p class=\"has-medium-font-size\"><a href=\"https:\/\/pontocomapalavra.com\/index.php\/audiolivros\/watchman-nee\/a-salvacao-da-alma\/\" title=\"\">A Salva\u00e7\u00e3o da Alma<\/a><\/p>\n\n\n\n<p class=\"has-medium-font-size\"><a href=\"https:\/\/pontocomapalavra.com\/index.php\/audiolivros\/watchman-nee\/a-vida-crista-normal\/\" title=\"\">A Vida Crist\u00e3 Normal<\/a><\/p>\n\n\n\n<p class=\"has-medium-font-size\"><a href=\"https:\/\/pontocomapalavra.com\/index.php\/audiolivros\/watchman-nee\/as-tres-atitudes-do-crente\/\" title=\"\">As Tr\u00eas Atitudes do Crente<\/a><\/p>\n\n\n\n<p class=\"has-medium-font-size\"><a href=\"https:\/\/pontocomapalavra.com\/index.php\/audiolivros\/watchman-nee\/cheio-de-graca-e-de-verdade\/\" title=\"Cheio de Gra\u00e7a e de Verdade\">Cheio de Gra\u00e7a e de Verdade<\/a><\/p>\n\n\n\n<p class=\"has-medium-font-size\"><a href=\"https:\/\/pontocomapalavra.com\/index.php\/audiolivros\/watchman-nee\/conhecimento-espiritual\/\" title=\"\">Conhecimento Espiritual<\/a><\/p>\n\n\n\n<p class=\"has-medium-font-size\"><a href=\"https:\/\/pontocomapalavra.com\/index.php\/audiolivros\/watchman-nee\/cristo-a-soma-de-todas-as-coisas\/\" title=\"\">Cristo, A Soma de Todas as Coisas<\/a><\/p>\n\n\n\n<p class=\"has-medium-font-size\"><a href=\"https:\/\/pontocomapalavra.com\/index.php\/audiolivros\/watchman-nee\/o-deus-de-abraao-isaque-e-jaco\/\" title=\"\">O Deus de Abra\u00e3o, Isaque e Jac\u00f3<\/a><\/p>\n\n\n\n<p class=\"has-medium-font-size\"><a href=\"https:\/\/pontocomapalavra.com\/index.php\/audiolivros\/watchman-nee\/o-evangelho-de-deus\/\" title=\"\">O Evangelho de Deus<\/a><\/p>\n\n\n\n<p class=\"has-medium-font-size\"><a href=\"https:\/\/pontocomapalavra.com\/index.php\/audiolivros\/watchman-nee\/o-homem-espiritual-volume-i\/\" title=\"\">O Homem Espiritual &#8211; Volume I<\/a><\/p>\n\n\n\n<p class=\"has-medium-font-size\"><a href=\"https:\/\/pontocomapalavra.com\/index.php\/audiolivros\/watchman-nee\/o-homem-espiritual-volume-ii\/\" title=\"\">O Homem Espiritual &#8211; Volume II<\/a><\/p>\n\n\n\n<p class=\"has-medium-font-size\"><a href=\"https:\/\/pontocomapalavra.com\/index.php\/audiolivros\/watchman-nee\/o-homem-espiritual-volume-iii\/\" title=\"\">O Homem Espiritual &#8211; Volume III<\/a><\/p>\n\n\n\n<p class=\"has-medium-font-size\"><a href=\"https:\/\/pontocomapalavra.com\/index.php\/audiolivros\/watchman-nee\/o-mensageiro-da-cruz\/\" title=\"\">O Mensageiro da Cruz<\/a><\/p>\n\n\n\n<p class=\"has-medium-font-size\"><a href=\"https:\/\/pontocomapalavra.com\/index.php\/audiolivros\/watchman-nee\/o-ministerio-da-palavra\/\" title=\"\">O Minist\u00e9rio da Palavra<\/a><\/p>\n\n\n\n<p class=\"has-medium-font-size\"><a href=\"https:\/\/pontocomapalavra.com\/index.php\/audiolivros\/watchman-nee\/o-misterio-de-cristo\/\" title=\"\">O Mist\u00e9rio de Cristo<\/a><\/p>\n\n\n\n<p class=\"has-medium-font-size\"><a href=\"https:\/\/pontocomapalavra.com\/index.php\/audiolivros\/watchman-nee\/o-plano-de-deus-para-os-vencedores\/\" title=\"\">O Plano de Deus e os Vencedores<\/a><\/p>\n\n\n\n<p class=\"has-medium-font-size\"><a href=\"https:\/\/pontocomapalavra.com\/index.php\/audiolivros\/watchman-nee\/o-poder-latente-da-alma\/\" title=\"\">O Poder Latente da Alma<\/a><\/p>\n\n\n\n<p class=\"has-medium-font-size\"><a href=\"https:\/\/pontocomapalavra.com\/index.php\/audiolivros\/watchman-nee\/oremos\/\" title=\"Oremos\">Oremos<\/a><\/p>\n","protected":false},"excerpt":{"rendered":"<p>A Cruz A Libera\u00e7\u00e3o do Esp\u00edrito A Ortodoxia da Igreja A Quem Enviarei? A Salva\u00e7\u00e3o da Alma A Vida Crist\u00e3 Normal As Tr\u00eas Atitudes do Crente Cheio de Gra\u00e7a e de Verdade Conhecimento Espiritual Cristo, A Soma de Todas as Coisas O Deus de Abra\u00e3o, Isaque e Jac\u00f3 O Evangelho de Deus O Homem Espiritual&hellip; <br \/> <a class=\"read-more\" href=\"https:\/\/pontocomapalavra.com\/index.php\/audiolivros\/watchman-nee\/\">Read more<\/a><\/p>\n","protected":false},"author":1,"featured_media":0,"parent":1941,"menu_order":0,"comment_status":"closed","ping_status":"closed","template":"","meta":{"_monsterinsights_skip_tracking":false,"_monsterinsights_sitenote_active":false,"_monsterinsights_sitenote_note":"","_monsterinsights_sitenote_category":0,"footnotes":""},"aioseo_notices":[],"_links":{"self":[{"href":"https:\/\/pontocomapalavra.com\/index.php\/wp-json\/wp\/v2\/pages\/48"}],"collection":[{"href":"https:\/\/pontocomapalavra.com\/index.php\/wp-json\/wp\/v2\/pages"}],"about":[{"href":"https:\/\/pontocomapalavra.com\/index.php\/wp-json\/wp\/v2\/types\/page"}],"author":[{"embeddable":true,"href":"https:\/\/pontocomapalavra.com\/index.php\/wp-json\/wp\/v2\/users\/1"}],"replies":[{"embeddable":true,"href":"https:\/\/pontocomapalavra.com\/index.php\/wp-json\/wp\/v2\/comments?post=48"}],"version-history":[{"count":5,"href":"https:\/\/pontocomapalavra.com\/index.php\/wp-json\/wp\/v2\/pages\/48\/revisions"}],"predecessor-version":[{"id":5196,"href":"https:\/\/pontocomapalavra.com\/index.php\/wp-json\/wp\/v2\/pages\/48\/revisions\/5196"}],"up":[{"embeddable":true,"href":"https:\/\/pontocomapalavra.com\/index.php\/wp-json\/wp\/v2\/pages\/1941"}],"wp:attachment":[{"href":"https:\/\/pontocomapalavra.com\/index.php\/wp-json\/wp\/v2\/media?parent=48"}],"curies":[{"name":"wp","href":"https:\/\/api.w.org\/{rel}","templated":true}]}}