{"id":43,"date":"2022-07-16T09:53:49","date_gmt":"2022-07-16T12:53:49","guid":{"rendered":"https:\/\/pontocomapalavradotcom.wordpress.com\/?page_id=43"},"modified":"2024-01-17T10:13:22","modified_gmt":"2024-01-17T13:13:22","slug":"stephen-kaung","status":"publish","type":"page","link":"https:\/\/pontocomapalavra.com\/index.php\/audiolivros\/stephen-kaung\/","title":{"rendered":"Stephen Kaung"},"content":{"rendered":"\n<p class=\"has-medium-font-size\"><a href=\"http:\/\/pontocomapalavra.com\/index.php\/audiolivros\/stephen-kaung\/a-plenitude-de-cristo\/\" title=\"\">A Plenitude de Cristo <\/a><\/p>\n\n\n\n<p class=\"has-medium-font-size\"><a href=\"https:\/\/pontocomapalavra.com\/index.php\/audiolivros\/stephen-kaung\/chamados-a-comunhao-de-seu-filho\/\" title=\"\">Chamados \u00e0 Comunh\u00e3o de Seu Filho<\/a><\/p>\n\n\n\n<p class=\"has-medium-font-size\"><a href=\"https:\/\/pontocomapalavra.com\/index.php\/audiolivros\/stephen-kaung\/havendo-deus-falado-no-antigo-testamento\/\" title=\"\">Havendo Deus Falado<\/a><\/p>\n\n\n\n<p class=\"has-medium-font-size\"><a href=\"https:\/\/pontocomapalavra.com\/index.php\/audiolivros\/stephen-kaung\/vendo-cristo-no-novo-testamento\/\" title=\"\">Vendo Cristo no Novo Testamento<\/a><\/p>\n\n\n\n<p class=\"has-medium-font-size\"><a href=\"https:\/\/pontocomapalavra.com\/index.php\/audiolivros\/stephen-kaung\/o-reino-de-deus-primeiro-da-serie-restauracao\/\" title=\"\">O Reino de Deus (S\u00e9rie Restaura\u00e7\u00e3o)<\/a><\/p>\n\n\n\n<p class=\"has-medium-font-size\"><a href=\"https:\/\/pontocomapalavra.com\/index.php\/audiolivros\/stephen-kaung\/restauracao-segundo-da-serie-restauracao\/\" title=\"\">Restaura\u00e7\u00e3o (S\u00e9rie Restaura\u00e7\u00e3o)<\/a><\/p>\n\n\n\n<p class=\"has-medium-font-size\"><a href=\"https:\/\/pontocomapalavra.com\/index.php\/audiolivros\/stephen-kaung\/o-reino-e-a-igreja-terceiro-da-serie-restauracao\/\" title=\"\">O Reino e a Igreja (S\u00e9rie Restaura\u00e7\u00e3o)<\/a><\/p>\n\n\n\n<p class=\"has-medium-font-size\"><a href=\"https:\/\/pontocomapalavra.com\/index.php\/audiolivros\/stephen-kaung\/eu-edificarei-a-minha-igreja-quarto-da-serie-restauracao\/\" title=\"\">Eu Edificarei a Minha Igreja (S\u00e9rie Restaura\u00e7\u00e3o)<\/a><\/p>\n\n\n\n<p class=\"has-medium-font-size\"><a href=\"https:\/\/pontocomapalavra.com\/index.php\/audiolivros\/stephen-kaung\/meditacoes-sobre-o-reino\/\" title=\"\">Medita\u00e7\u00f5es Sobre Reino (S\u00e9rie Restaura\u00e7\u00e3o)<\/a><\/p>\n\n\n\n<p class=\"has-medium-font-size\"><a href=\"https:\/\/pontocomapalavra.com\/index.php\/audiolivros\/stephen-kaung\/os-canticos-dos-degraus\/\" title=\"\">Os C\u00e2nticos dos Degraus<\/a><\/p>\n\n\n\n<p class=\"has-medium-font-size\"><a href=\"https:\/\/pontocomapalavra.com\/index.php\/audiolivros\/stephen-kaung\/pegadas\/\" title=\"\">Pegadas<\/a><\/p>\n\n\n\n<p class=\"has-medium-font-size\"><a href=\"https:\/\/pontocomapalavra.com\/index.php\/audiolivros\/stephen-kaung\/submissao-espiritual\/\" title=\"\">Submiss\u00e3o Espiritual<\/a><\/p>\n\n\n\n<p class=\"has-medium-font-size\"><a href=\"https:\/\/pontocomapalavra.com\/index.php\/audiolivros\/stephen-kaung\/visao-celestial\/\" title=\"\">Vis\u00e3o Celestial<\/a><\/p>\n\n\n\n<p class=\"has-medium-font-size\"><a href=\"http:\/\/pontocomapalavra.com\/index.php\/audiolivros\/stephen-kaung\/visao-de-cristo-o-senhor-da-gloria-no-livro-de-apocalipse\/\" title=\"\">Vis\u00e3o de Cristo &#8211; O Senhor da Gl\u00f3ria no Livro de Apocalipse <\/a><\/p>\n","protected":false},"excerpt":{"rendered":"<p>A Plenitude de Cristo Chamados \u00e0 Comunh\u00e3o de Seu Filho Havendo Deus Falado Vendo Cristo no Novo Testamento O Reino de Deus (S\u00e9rie Restaura\u00e7\u00e3o) Restaura\u00e7\u00e3o (S\u00e9rie Restaura\u00e7\u00e3o) O Reino e a Igreja (S\u00e9rie Restaura\u00e7\u00e3o) Eu Edificarei a Minha Igreja (S\u00e9rie Restaura\u00e7\u00e3o) Medita\u00e7\u00f5es Sobre Reino (S\u00e9rie Restaura\u00e7\u00e3o) Os C\u00e2nticos dos Degraus Pegadas Submiss\u00e3o Espiritual Vis\u00e3o Celestial&hellip; <br \/> <a class=\"read-more\" href=\"https:\/\/pontocomapalavra.com\/index.php\/audiolivros\/stephen-kaung\/\">Read more<\/a><\/p>\n","protected":false},"author":1,"featured_media":0,"parent":1941,"menu_order":0,"comment_status":"closed","ping_status":"closed","template":"","meta":{"_monsterinsights_skip_tracking":false,"_monsterinsights_sitenote_active":false,"_monsterinsights_sitenote_note":"","_monsterinsights_sitenote_category":0,"footnotes":""},"aioseo_notices":[],"_links":{"self":[{"href":"https:\/\/pontocomapalavra.com\/index.php\/wp-json\/wp\/v2\/pages\/43"}],"collection":[{"href":"https:\/\/pontocomapalavra.com\/index.php\/wp-json\/wp\/v2\/pages"}],"about":[{"href":"https:\/\/pontocomapalavra.com\/index.php\/wp-json\/wp\/v2\/types\/page"}],"author":[{"embeddable":true,"href":"https:\/\/pontocomapalavra.com\/index.php\/wp-json\/wp\/v2\/users\/1"}],"replies":[{"embeddable":true,"href":"https:\/\/pontocomapalavra.com\/index.php\/wp-json\/wp\/v2\/comments?post=43"}],"version-history":[{"count":2,"href":"https:\/\/pontocomapalavra.com\/index.php\/wp-json\/wp\/v2\/pages\/43\/revisions"}],"predecessor-version":[{"id":3110,"href":"https:\/\/pontocomapalavra.com\/index.php\/wp-json\/wp\/v2\/pages\/43\/revisions\/3110"}],"up":[{"embeddable":true,"href":"https:\/\/pontocomapalavra.com\/index.php\/wp-json\/wp\/v2\/pages\/1941"}],"wp:attachment":[{"href":"https:\/\/pontocomapalavra.com\/index.php\/wp-json\/wp\/v2\/media?parent=43"}],"curies":[{"name":"wp","href":"https:\/\/api.w.org\/{rel}","templated":true}]}}