{"id":37,"date":"2022-07-16T09:49:16","date_gmt":"2022-07-16T12:49:16","guid":{"rendered":"https:\/\/pontocomapalavradotcom.wordpress.com\/?page_id=37"},"modified":"2026-02-27T10:28:44","modified_gmt":"2026-02-27T13:28:44","slug":"teodore-austin-sparks","status":"publish","type":"page","link":"https:\/\/pontocomapalavra.com\/index.php\/audiolivros\/teodore-austin-sparks\/","title":{"rendered":"Theodore Austin Sparks"},"content":{"rendered":"\n<p class=\"has-medium-font-size\"><a href=\"https:\/\/pontocomapalavra.com\/index.php\/audiolivros\/teodore-austin-sparks\/a-administracao-do-misterio-volume-i\/\" title=\"\">A Administra\u00e7\u00e3o do Mist\u00e9rio &#8211; Volume I<\/a><\/p>\n\n\n\n<p class=\"has-medium-font-size\"><a href=\"https:\/\/pontocomapalavra.com\/index.php\/audiolivros\/teodore-austin-sparks\/a-administracao-do-misterio-volume-ii\/\" title=\"\">A Administra\u00e7\u00e3o do Mist\u00e9rio &#8211; Volume II<\/a><\/p>\n\n\n\n<p class=\"has-medium-font-size\"><a href=\"https:\/\/pontocomapalavra.com\/index.php\/audiolivros\/teodore-austin-sparks\/a-centralidade-e-supremacia-do-senhor-jesus-cristo\/\" title=\"\">A Centralidade e Supremacia do Senhor Jesus Cristo<\/a><\/p>\n\n\n\n<p class=\"has-medium-font-size\"><a href=\"https:\/\/pontocomapalavra.com\/index.php\/audiolivros\/teodore-austin-sparks\/a-centralidade-e-universalidade-da-cruz\/\" title=\"\">A Centralidade e Universalidade da Cruz<\/a><\/p>\n\n\n\n<p class=\"has-medium-font-size\"><a href=\"https:\/\/pontocomapalavra.com\/index.php\/audiolivros\/teodore-austin-sparks\/a-cidade-santa-a-nova-jerusalem\/\" title=\"A Cidade Santa: A Nova Jerusal\u00e9m\">A Cidade Santa: A Nova Jerusal\u00e9m<\/a><\/p>\n\n\n\n<p class=\"has-medium-font-size\"><a href=\"https:\/\/pontocomapalavra.com\/index.php\/audiolivros\/teodore-austin-sparks\/a-cruz-a-igreja-e-o-reino\/\" title=\"A Cruz, A Igreja e o Reino\">A Cruz, A Igreja e o Reino<\/a><\/p>\n\n\n\n<p class=\"has-medium-font-size\"><a href=\"https:\/\/pontocomapalavra.com\/index.php\/audiolivros\/teodore-austin-sparks\/a-cruz-o-proposito-e-a-ordem-eterna-de-deus\/\" title=\"A Cruz, O Prop\u00f3sito e A Ordem Eterna de Deus\">A Cruz, O Prop\u00f3sito e A Ordem Eterna de Deus<\/a><\/p>\n\n\n\n<p class=\"has-medium-font-size\"><a href=\"https:\/\/pontocomapalavra.com\/index.php\/audiolivros\/teodore-austin-sparks\/a-cruz-e-o-proposito-eterno-de-deus\/\" title=\"A Cruz e O Prop\u00f3sito Eterno de Deus\">A Cruz e O Prop\u00f3sito Eterno de Deus<\/a><\/p>\n\n\n\n<p class=\"has-medium-font-size\"><a href=\"https:\/\/pontocomapalavra.com\/index.php\/audiolivros\/teodore-austin-sparks\/a-cruz-a-igreja-e-o-conflito\/\" title=\"A Cruz, A Igreja e o Conflito\">A Cruz, A Igreja e o Conflito<\/a><\/p>\n\n\n\n<p class=\"has-medium-font-size\"><a href=\"https:\/\/pontocomapalavra.com\/index.php\/audiolivros\/teodore-austin-sparks\/a-escola-de-cristo\/\" title=\"A Escola de Cristo\">A Escola de Cristo<\/a><\/p>\n\n\n\n<p class=\"has-medium-font-size\"><a href=\"https:\/\/pontocomapalavra.com\/index.php\/audiolivros\/teodore-austin-sparks\/a-oitava-da-redencao\/\" title=\"A Oitava da Reden\u00e7\u00e3o\">A Oitava da Reden\u00e7\u00e3o<\/a><\/p>\n\n\n\n<p class=\"has-medium-font-size\"><a href=\"https:\/\/pontocomapalavra.com\/index.php\/audiolivros\/teodore-austin-sparks\/a-uncao-para-ministrar\/\" title=\"A Un\u00e7\u00e3o do Esp\u00edrito Santo\">A Un\u00e7\u00e3o do Esp\u00edrito Santo<\/a><\/p>\n\n\n\n<p class=\"has-medium-font-size\"><a href=\"https:\/\/pontocomapalavra.com\/index.php\/audiolivros\/teodore-austin-sparks\/aquele-que-e-espiritual\/\" title=\"Aquele que \u00e9 Espiritual\">Aquele que \u00e9 Espiritual<\/a><\/p>\n\n\n\n<p class=\"has-medium-font-size\"><a href=\"https:\/\/pontocomapalavra.com\/index.php\/audiolivros\/teodore-austin-sparks\/ascendencia-espiritual\/\" title=\"\">Ascend\u00eancia Espiritual<\/a><\/p>\n\n\n\n<p class=\"has-medium-font-size\"><a href=\"https:\/\/pontocomapalavra.com\/index.php\/audiolivros\/teodore-austin-sparks\/betanias-verdadeiras\/\" title=\"Bet\u00e2nias Verdadeiras\">Bet\u00e2nias Verdadeiras<\/a><\/p>\n\n\n\n<p class=\"has-medium-font-size\"><a href=\"https:\/\/pontocomapalavra.com\/index.php\/audiolivros\/teodore-austin-sparks\/como-era-no-principio\/\" title=\"\">Como era no Princ\u00edpio<\/a><\/p>\n\n\n\n<p class=\"has-medium-font-size\"><a href=\"https:\/\/pontocomapalavra.com\/index.php\/audiolivros\/teodore-austin-sparks\/de-acordo-com-cristo\/\" title=\"De Acordo com Cristo\">De Acordo com Cristo<\/a><\/p>\n\n\n\n<p class=\"has-medium-font-size\"><a href=\"https:\/\/pontocomapalavra.com\/index.php\/audiolivros\/teodore-austin-sparks\/discipulos-na-escola-de-cristo\/\" title=\"Disc\u00edpulos na Escola de Cristo\">Disc\u00edpulos na Escola de Cristo<\/a><\/p>\n\n\n\n<p class=\"has-medium-font-size\"><a href=\"https:\/\/pontocomapalavra.com\/index.php\/audiolivros\/teodore-austin-sparks\/em-contato-com-o-trono\/\" title=\"Em Contato com o Trono\">Em Contato com o Trono<\/a><\/p>\n\n\n\n<p class=\"has-medium-font-size\"><a href=\"https:\/\/pontocomapalavra.com\/index.php\/audiolivros\/teodore-austin-sparks\/em-cristo\/\" title=\"Em Cristo\">Em Cristo<\/a><\/p>\n\n\n\n<p class=\"has-medium-font-size\"><a href=\"https:\/\/pontocomapalavra.com\/index.php\/audiolivros\/teodore-austin-sparks\/fundamentos\/\" title=\"Fundamentos\">Fundamentos<\/a><\/p>\n\n\n\n<p class=\"has-medium-font-size\"><a href=\"https:\/\/pontocomapalavra.com\/index.php\/audiolivros\/teodore-austin-sparks\/havendo-deus-falado\/\" title=\"Havendo Deus Falado\">Havendo Deus Falado<\/a><\/p>\n\n\n\n<p class=\"has-medium-font-size\"><a href=\"https:\/\/pontocomapalavra.com\/index.php\/audiolivros\/teodore-austin-sparks\/mas-temos-chegado-ao-monte-siao\/\" title=\"Mas Temos Chegado ao Monte Si\u00e3o\">Mas Temos Chegado ao Monte Si\u00e3o<\/a><\/p>\n\n\n\n<p class=\"has-medium-font-size\"><a href=\"https:\/\/pontocomapalavra.com\/index.php\/audiolivros\/teodore-austin-sparks\/maturidade-espiritual\/\" title=\"Maturidade Espiritual\">Maturidade Espiritual<\/a><\/p>\n\n\n\n<p class=\"has-medium-font-size\"><a href=\"https:\/\/pontocomapalavra.com\/index.php\/audiolivros\/teodore-austin-sparks\/o-caminho-do-crescimento\/\" title=\"O Caminho do Crescimento\">O Caminho do Crescimento<\/a><\/p>\n\n\n\n<p class=\"has-medium-font-size\"><a href=\"https:\/\/pontocomapalavra.com\/index.php\/audiolivros\/teodore-austin-sparks\/o-evangelho-segundo-paulo\/\" title=\"O Evangelho Segundo Paulo\">O Evangelho Segundo Paulo<\/a><\/p>\n\n\n\n<p class=\"has-medium-font-size\"><a href=\"https:\/\/pontocomapalavra.com\/index.php\/audiolivros\/teodore-austin-sparks\/o-persistente-proposito-de-deus\/\" title=\"O Persistente Prop\u00f3sito de Deus\">O Persistente Prop\u00f3sito de Deus<\/a><\/p>\n\n\n\n<p class=\"has-medium-font-size\"><a href=\"https:\/\/pontocomapalavra.com\/index.php\/audiolivros\/teodore-austin-sparks\/otestemunho-do-senhor-e-a-necessidade-do-mundo\/\" title=\"O Testemunho do Senhor e a Necessidade do Mundo\">O Testemunho do Senhor e a Necessidade do Mundo<\/a><\/p>\n\n\n\n<p class=\"has-medium-font-size\"><a href=\"https:\/\/pontocomapalavra.com\/index.php\/audiolivros\/teodore-austin-sparks\/o-vencedor\/\" title=\"O Vencedor\">O Vencedor<\/a><\/p>\n\n\n\n<p class=\"has-medium-font-size\"><a href=\"https:\/\/pontocomapalavra.com\/index.php\/audiolivros\/teodore-austin-sparks\/os-caminhos-de-deus\/\" title=\"Os Caminhos de Deus\">Os Caminhos de Deus<\/a><\/p>\n\n\n\n<p class=\"has-medium-font-size\"><a href=\"https:\/\/pontocomapalavra.com\/index.php\/audiolivros\/teodore-austin-sparks\/um-candelabro-todo-de-ouro\/\" title=\"Um Candelabro Todo de Ouro\">Um Candelabro Todo de Ouro<\/a><\/p>\n\n\n\n<p class=\"has-medium-font-size\"><a href=\"https:\/\/pontocomapalavra.com\/index.php\/audiolivros\/teodore-austin-sparks\/visao-espiritual\/\" title=\"Vis\u00e3o Espiritual\">Vis\u00e3o Espiritual<\/a><\/p>\n","protected":false},"excerpt":{"rendered":"<p>A Administra\u00e7\u00e3o do Mist\u00e9rio &#8211; Volume I A Administra\u00e7\u00e3o do Mist\u00e9rio &#8211; Volume II A Centralidade e Supremacia do Senhor Jesus Cristo A Centralidade e Universalidade da Cruz A Cidade Santa: A Nova Jerusal\u00e9m A Cruz, A Igreja e o Reino A Cruz, O Prop\u00f3sito e A Ordem Eterna de Deus A Cruz e O&hellip; <br \/> <a class=\"read-more\" href=\"https:\/\/pontocomapalavra.com\/index.php\/audiolivros\/teodore-austin-sparks\/\">Read more<\/a><\/p>\n","protected":false},"author":1,"featured_media":0,"parent":1941,"menu_order":0,"comment_status":"closed","ping_status":"closed","template":"","meta":{"_monsterinsights_skip_tracking":false,"_monsterinsights_sitenote_active":false,"_monsterinsights_sitenote_note":"","_monsterinsights_sitenote_category":0,"footnotes":""},"aioseo_notices":[],"_links":{"self":[{"href":"https:\/\/pontocomapalavra.com\/index.php\/wp-json\/wp\/v2\/pages\/37"}],"collection":[{"href":"https:\/\/pontocomapalavra.com\/index.php\/wp-json\/wp\/v2\/pages"}],"about":[{"href":"https:\/\/pontocomapalavra.com\/index.php\/wp-json\/wp\/v2\/types\/page"}],"author":[{"embeddable":true,"href":"https:\/\/pontocomapalavra.com\/index.php\/wp-json\/wp\/v2\/users\/1"}],"replies":[{"embeddable":true,"href":"https:\/\/pontocomapalavra.com\/index.php\/wp-json\/wp\/v2\/comments?post=37"}],"version-history":[{"count":31,"href":"https:\/\/pontocomapalavra.com\/index.php\/wp-json\/wp\/v2\/pages\/37\/revisions"}],"predecessor-version":[{"id":5215,"href":"https:\/\/pontocomapalavra.com\/index.php\/wp-json\/wp\/v2\/pages\/37\/revisions\/5215"}],"up":[{"embeddable":true,"href":"https:\/\/pontocomapalavra.com\/index.php\/wp-json\/wp\/v2\/pages\/1941"}],"wp:attachment":[{"href":"https:\/\/pontocomapalavra.com\/index.php\/wp-json\/wp\/v2\/media?parent=37"}],"curies":[{"name":"wp","href":"https:\/\/api.w.org\/{rel}","templated":true}]}}