{"id":2512,"date":"2023-09-28T13:55:47","date_gmt":"2023-09-28T16:55:47","guid":{"rendered":"https:\/\/pontocomapalavradotcom.wordpress.com\/?page_id=2512"},"modified":"2024-01-18T23:19:30","modified_gmt":"2024-01-19T02:19:30","slug":"a-escola-da-obediencia","status":"publish","type":"page","link":"https:\/\/pontocomapalavra.com\/index.php\/audiolivros\/andrew-murray\/a-escola-da-obediencia\/","title":{"rendered":"A Escola da Obedi\u00eancia"},"content":{"rendered":"\n<h2 class=\"wp-block-heading\">Cap\u00edtulo Um<\/h2>\n\n\n\n<figure class=\"wp-block-embed is-type-video is-provider-youtube wp-block-embed-youtube wp-embed-aspect-16-9 wp-has-aspect-ratio\"><div class=\"wp-block-embed__wrapper\">\n<div class='embed-container'><iframe loading=\"lazy\" title=\"A Escola da Obedi\u00eancia - Cap\u00edtulo 01 - Andrew Murray\" width=\"1920\" height=\"1080\" src=\"https:\/\/www.youtube.com\/embed\/VYmYp61ZRhw?start=9&#038;feature=oembed\" frameborder=\"0\" allow=\"accelerometer; autoplay; clipboard-write; encrypted-media; gyroscope; picture-in-picture; web-share\" allowfullscreen><\/iframe><\/div>\n<\/div><figcaption class=\"wp-element-caption\"><a href=\"http:\/\/pontocomapalavra.com\/wp-content\/uploads\/2024\/01\/A-Escola-da-Obediencia.pdf\" title=\"\">Clique aqui para acompanhar a leitura.<\/a><\/figcaption><\/figure>\n\n\n\n<h2 class=\"wp-block-heading\">Cap\u00edtulo Dois<\/h2>\n\n\n\n<figure class=\"wp-block-embed is-type-video is-provider-youtube wp-block-embed-youtube wp-embed-aspect-16-9 wp-has-aspect-ratio\"><div class=\"wp-block-embed__wrapper\">\n<div class='embed-container'><iframe loading=\"lazy\" title=\"A Escola da Obedi\u00eancia - Cap\u00edtulo 02 - Andrew Murray\" width=\"1920\" height=\"1080\" src=\"https:\/\/www.youtube.com\/embed\/cANnIp7TkW4?start=61&#038;feature=oembed\" frameborder=\"0\" allow=\"accelerometer; autoplay; clipboard-write; encrypted-media; gyroscope; picture-in-picture; web-share\" allowfullscreen><\/iframe><\/div>\n<\/div><figcaption class=\"wp-element-caption\"><a href=\"http:\/\/pontocomapalavra.com\/wp-content\/uploads\/2024\/01\/A-Escola-da-Obediencia.pdf\" title=\"\">Clique aqui para acompanhar a leitura.<\/a><\/figcaption><\/figure>\n\n\n\n<h2 class=\"wp-block-heading\">Cap\u00edtulo Tr\u00eas <\/h2>\n\n\n\n<figure class=\"wp-block-embed is-type-video is-provider-youtube wp-block-embed-youtube wp-embed-aspect-16-9 wp-has-aspect-ratio\"><div class=\"wp-block-embed__wrapper\">\n<div class='embed-container'><iframe loading=\"lazy\" title=\"A Escola da Obedi\u00eancia - Cap\u00edtulo 03 - Andrew Murray\" width=\"1920\" height=\"1080\" src=\"https:\/\/www.youtube.com\/embed\/32DKtyfQAw0?start=5&#038;feature=oembed\" frameborder=\"0\" allow=\"accelerometer; autoplay; clipboard-write; encrypted-media; gyroscope; picture-in-picture; web-share\" allowfullscreen><\/iframe><\/div>\n<\/div><figcaption class=\"wp-element-caption\"><a href=\"http:\/\/pontocomapalavra.com\/wp-content\/uploads\/2024\/01\/A-Escola-da-Obediencia.pdf\" title=\"\">Clique aqui para acompanhar a leitura.<\/a><\/figcaption><\/figure>\n\n\n\n<h2 class=\"wp-block-heading\">Cap\u00edtulo Quatro<\/h2>\n\n\n\n<figure class=\"wp-block-embed is-type-video is-provider-youtube wp-block-embed-youtube wp-embed-aspect-16-9 wp-has-aspect-ratio\"><div class=\"wp-block-embed__wrapper\">\n<div class='embed-container'><iframe loading=\"lazy\" title=\"A Escola da Obedi\u00eancia - Cap\u00edtulo 04 - Andrew Murray\" width=\"1920\" height=\"1080\" src=\"https:\/\/www.youtube.com\/embed\/xF_00oK0gfs?start=6&#038;feature=oembed\" frameborder=\"0\" allow=\"accelerometer; autoplay; clipboard-write; encrypted-media; gyroscope; picture-in-picture; web-share\" allowfullscreen><\/iframe><\/div>\n<\/div><figcaption class=\"wp-element-caption\"><a href=\"http:\/\/pontocomapalavra.com\/wp-content\/uploads\/2024\/01\/A-Escola-da-Obediencia.pdf\" title=\"\">Clique aqui para acompanhar a leitura.<\/a><\/figcaption><\/figure>\n\n\n\n<h2 class=\"wp-block-heading\">Cap\u00edtulo Cinco<\/h2>\n\n\n\n<figure class=\"wp-block-embed is-type-video is-provider-youtube wp-block-embed-youtube wp-embed-aspect-16-9 wp-has-aspect-ratio\"><div class=\"wp-block-embed__wrapper\">\n<div class='embed-container'><iframe loading=\"lazy\" title=\"A Escola da Obedi\u00eancia - Cap\u00edtulo 05 - Andrew Murray\" width=\"1920\" height=\"1080\" src=\"https:\/\/www.youtube.com\/embed\/-y5do4rRyig?start=5&#038;feature=oembed\" frameborder=\"0\" allow=\"accelerometer; autoplay; clipboard-write; encrypted-media; gyroscope; picture-in-picture; web-share\" allowfullscreen><\/iframe><\/div>\n<\/div><figcaption class=\"wp-element-caption\"><a href=\"http:\/\/pontocomapalavra.com\/wp-content\/uploads\/2024\/01\/A-Escola-da-Obediencia.pdf\" title=\"\">Clique aqui para acompanhar a leitura.<\/a><\/figcaption><\/figure>\n\n\n\n<h2 class=\"wp-block-heading\">Cap\u00edtulo Seis<\/h2>\n\n\n\n<figure class=\"wp-block-embed is-type-video is-provider-youtube wp-block-embed-youtube wp-embed-aspect-16-9 wp-has-aspect-ratio\"><div class=\"wp-block-embed__wrapper\">\n<div class='embed-container'><iframe loading=\"lazy\" title=\"A Escola da Obedi\u00eancia - Cap\u00edtulo 06 - Andrew Murray\" width=\"1920\" height=\"1080\" src=\"https:\/\/www.youtube.com\/embed\/Jrxz6kq8hZU?start=6&#038;feature=oembed\" frameborder=\"0\" allow=\"accelerometer; autoplay; clipboard-write; encrypted-media; gyroscope; picture-in-picture; web-share\" allowfullscreen><\/iframe><\/div>\n<\/div><figcaption class=\"wp-element-caption\"><a href=\"http:\/\/pontocomapalavra.com\/wp-content\/uploads\/2024\/01\/A-Escola-da-Obediencia.pdf\" title=\"\">Clique aqui para acompanhar a leitura.<\/a><\/figcaption><\/figure>\n\n\n\n<h2 class=\"wp-block-heading\">Cap\u00edtulo Seis<\/h2>\n\n\n\n<figure class=\"wp-block-embed is-type-video is-provider-youtube wp-block-embed-youtube wp-embed-aspect-16-9 wp-has-aspect-ratio\"><div class=\"wp-block-embed__wrapper\">\n<div class='embed-container'><iframe loading=\"lazy\" title=\"A Escola da Obedi\u00eancia - Cap\u00edtulo 06 - Andrew Murray\" width=\"1920\" height=\"1080\" src=\"https:\/\/www.youtube.com\/embed\/Jrxz6kq8hZU?start=6&#038;feature=oembed\" frameborder=\"0\" allow=\"accelerometer; autoplay; clipboard-write; encrypted-media; gyroscope; picture-in-picture; web-share\" allowfullscreen><\/iframe><\/div>\n<\/div><figcaption class=\"wp-element-caption\"><a href=\"http:\/\/pontocomapalavra.com\/wp-content\/uploads\/2024\/01\/A-Escola-da-Obediencia.pdf\" title=\"\">Clique aqui para acompanhar a leitura.<\/a><\/figcaption><\/figure>\n\n\n\n<h2 class=\"wp-block-heading\">Cap\u00edtulo Sete<\/h2>\n\n\n\n<figure class=\"wp-block-embed is-type-video is-provider-youtube wp-block-embed-youtube wp-embed-aspect-16-9 wp-has-aspect-ratio\"><div class=\"wp-block-embed__wrapper\">\n<div class='embed-container'><iframe loading=\"lazy\" title=\"A Escola da Obedi\u00eancia - Cap\u00edtulo 07 - Andrew Murray\" width=\"1920\" height=\"1080\" src=\"https:\/\/www.youtube.com\/embed\/JLKHEmK4UK0?start=23&#038;feature=oembed\" frameborder=\"0\" allow=\"accelerometer; autoplay; clipboard-write; encrypted-media; gyroscope; picture-in-picture; web-share\" allowfullscreen><\/iframe><\/div>\n<\/div><figcaption class=\"wp-element-caption\"><a href=\"http:\/\/pontocomapalavra.com\/wp-content\/uploads\/2024\/01\/A-Escola-da-Obediencia.pdf\" title=\"\">Clique aqui para acompanhar a leitura.<\/a><\/figcaption><\/figure>\n\n\n\n<h2 class=\"wp-block-heading\">Cap\u00edtulo Oito<\/h2>\n\n\n\n<figure class=\"wp-block-embed is-type-video is-provider-youtube wp-block-embed-youtube wp-embed-aspect-16-9 wp-has-aspect-ratio\"><div class=\"wp-block-embed__wrapper\">\n<div class='embed-container'><iframe loading=\"lazy\" title=\"A Escola da Obedi\u00eancia - Cap\u00edtulo 08 - Andrew Murray\" width=\"1920\" height=\"1080\" src=\"https:\/\/www.youtube.com\/embed\/r5DuYUi0zKY?start=7&#038;feature=oembed\" frameborder=\"0\" allow=\"accelerometer; autoplay; clipboard-write; encrypted-media; gyroscope; picture-in-picture; web-share\" allowfullscreen><\/iframe><\/div>\n<\/div><figcaption class=\"wp-element-caption\"><a href=\"http:\/\/pontocomapalavra.com\/wp-content\/uploads\/2024\/01\/A-Escola-da-Obediencia.pdf\" title=\"\">Clique aqui para acompanhar a leitura.<\/a><\/figcaption><\/figure>\n","protected":false},"excerpt":{"rendered":"<p>Cap\u00edtulo Um Cap\u00edtulo Dois Cap\u00edtulo Tr\u00eas Cap\u00edtulo Quatro Cap\u00edtulo Cinco Cap\u00edtulo Seis Cap\u00edtulo Seis Cap\u00edtulo Sete Cap\u00edtulo Oito<\/p>\n","protected":false},"author":1,"featured_media":0,"parent":13,"menu_order":0,"comment_status":"closed","ping_status":"closed","template":"","meta":{"_monsterinsights_skip_tracking":false,"_monsterinsights_sitenote_active":false,"_monsterinsights_sitenote_note":"","_monsterinsights_sitenote_category":0,"footnotes":""},"aioseo_notices":[],"_links":{"self":[{"href":"https:\/\/pontocomapalavra.com\/index.php\/wp-json\/wp\/v2\/pages\/2512"}],"collection":[{"href":"https:\/\/pontocomapalavra.com\/index.php\/wp-json\/wp\/v2\/pages"}],"about":[{"href":"https:\/\/pontocomapalavra.com\/index.php\/wp-json\/wp\/v2\/types\/page"}],"author":[{"embeddable":true,"href":"https:\/\/pontocomapalavra.com\/index.php\/wp-json\/wp\/v2\/users\/1"}],"replies":[{"embeddable":true,"href":"https:\/\/pontocomapalavra.com\/index.php\/wp-json\/wp\/v2\/comments?post=2512"}],"version-history":[{"count":1,"href":"https:\/\/pontocomapalavra.com\/index.php\/wp-json\/wp\/v2\/pages\/2512\/revisions"}],"predecessor-version":[{"id":3606,"href":"https:\/\/pontocomapalavra.com\/index.php\/wp-json\/wp\/v2\/pages\/2512\/revisions\/3606"}],"up":[{"embeddable":true,"href":"https:\/\/pontocomapalavra.com\/index.php\/wp-json\/wp\/v2\/pages\/13"}],"wp:attachment":[{"href":"https:\/\/pontocomapalavra.com\/index.php\/wp-json\/wp\/v2\/media?parent=2512"}],"curies":[{"name":"wp","href":"https:\/\/api.w.org\/{rel}","templated":true}]}}