{"id":2471,"date":"2023-09-15T12:12:27","date_gmt":"2023-09-15T15:12:27","guid":{"rendered":"https:\/\/pontocomapalavradotcom.wordpress.com\/?page_id=2471"},"modified":"2024-01-18T11:13:55","modified_gmt":"2024-01-18T14:13:55","slug":"o-plano-de-deus-para-os-vencedores","status":"publish","type":"page","link":"https:\/\/pontocomapalavra.com\/index.php\/audiolivros\/watchman-nee\/o-plano-de-deus-para-os-vencedores\/","title":{"rendered":"O Plano de Deus e os Vencedores"},"content":{"rendered":"\n<h4 class=\"wp-block-heading\">Introdu\u00e7\u00e3o<\/h4>\n\n\n\n<figure class=\"wp-block-embed is-type-video is-provider-youtube wp-block-embed-youtube wp-embed-aspect-16-9 wp-has-aspect-ratio\"><div class=\"wp-block-embed__wrapper\">\n<div class='embed-container'><iframe loading=\"lazy\" title=\"O Plano de Deus e os Vencedores - Introdu\u00e7\u00e3o - Watchman Nee\" width=\"1920\" height=\"1080\" src=\"https:\/\/www.youtube.com\/embed\/b6stfYNIHeU?feature=oembed\" frameborder=\"0\" allow=\"accelerometer; autoplay; clipboard-write; encrypted-media; gyroscope; picture-in-picture; web-share\" allowfullscreen><\/iframe><\/div>\n<\/div><figcaption class=\"wp-element-caption\"><a href=\"http:\/\/pontocomapalavra.com\/wp-content\/uploads\/2024\/01\/O-Plano-de-Deus-e-os-Vencedores.pdf\" title=\"\">Clique aqui para acompanhar a leitura. <\/a><\/figcaption><\/figure>\n\n\n\n<h4 class=\"wp-block-heading\">Cap\u00edtulo Um<\/h4>\n\n\n\n<figure class=\"wp-block-embed is-type-video is-provider-youtube wp-block-embed-youtube wp-embed-aspect-16-9 wp-has-aspect-ratio\"><div class=\"wp-block-embed__wrapper\">\n<div class='embed-container'><iframe loading=\"lazy\" title=\"O Plano de Deus e os Vencedores - Cap\u00edtulo 01 - Watchman Nee\" width=\"1920\" height=\"1080\" src=\"https:\/\/www.youtube.com\/embed\/yepFy3fkYwQ?feature=oembed\" frameborder=\"0\" allow=\"accelerometer; autoplay; clipboard-write; encrypted-media; gyroscope; picture-in-picture; web-share\" allowfullscreen><\/iframe><\/div>\n<\/div><figcaption class=\"wp-element-caption\"><a href=\"http:\/\/pontocomapalavra.com\/wp-content\/uploads\/2024\/01\/O-Plano-de-Deus-e-os-Vencedores.pdf\" title=\"\">Clique aqui para acompanhar a leitura. <\/a><\/figcaption><\/figure>\n\n\n\n<h4 class=\"wp-block-heading\">Cap\u00edtulo Dois <\/h4>\n\n\n\n<figure class=\"wp-block-embed is-type-video is-provider-youtube wp-block-embed-youtube wp-embed-aspect-16-9 wp-has-aspect-ratio\"><div class=\"wp-block-embed__wrapper\">\n<div class='embed-container'><iframe loading=\"lazy\" title=\"O Plano de Deus e os Vencedores - Cap\u00edtulo 02 - Watchman Nee\" width=\"1920\" height=\"1080\" src=\"https:\/\/www.youtube.com\/embed\/FExXMenbRY8?feature=oembed\" frameborder=\"0\" allow=\"accelerometer; autoplay; clipboard-write; encrypted-media; gyroscope; picture-in-picture; web-share\" allowfullscreen><\/iframe><\/div>\n<\/div><figcaption class=\"wp-element-caption\"><a href=\"http:\/\/pontocomapalavra.com\/wp-content\/uploads\/2024\/01\/O-Plano-de-Deus-e-os-Vencedores.pdf\" title=\"\">Clique aqui para acompanhar a leitura. <\/a><\/figcaption><\/figure>\n\n\n\n<h4 class=\"wp-block-heading\">Cap\u00edtulo Tr\u00eas<\/h4>\n\n\n\n<figure class=\"wp-block-embed is-type-video is-provider-youtube wp-block-embed-youtube wp-embed-aspect-16-9 wp-has-aspect-ratio\"><div class=\"wp-block-embed__wrapper\">\n<div class='embed-container'><iframe loading=\"lazy\" title=\"O Plano de Deus e os Vencedores - Cap\u00edtulo 03 - Watchman Nee\" width=\"1920\" height=\"1080\" src=\"https:\/\/www.youtube.com\/embed\/kDb2mrdwg0g?feature=oembed\" frameborder=\"0\" allow=\"accelerometer; autoplay; clipboard-write; encrypted-media; gyroscope; picture-in-picture; web-share\" allowfullscreen><\/iframe><\/div>\n<\/div><figcaption class=\"wp-element-caption\"><a href=\"http:\/\/pontocomapalavra.com\/wp-content\/uploads\/2024\/01\/O-Plano-de-Deus-e-os-Vencedores.pdf\" title=\"\">Clique aqui para acompanhar a leitura.<\/a><\/figcaption><\/figure>\n\n\n\n<h4 class=\"wp-block-heading\">Cap\u00edtulo Quatro<\/h4>\n\n\n\n<figure class=\"wp-block-embed is-type-video is-provider-youtube wp-block-embed-youtube wp-embed-aspect-16-9 wp-has-aspect-ratio\"><div class=\"wp-block-embed__wrapper\">\n<div class='embed-container'><iframe loading=\"lazy\" title=\"O Plano de Deus e os Vencedores - Cap\u00edtulo 04 - Watchman Nee\" width=\"1920\" height=\"1080\" src=\"https:\/\/www.youtube.com\/embed\/80tGo3R1L9s?feature=oembed\" frameborder=\"0\" allow=\"accelerometer; autoplay; clipboard-write; encrypted-media; gyroscope; picture-in-picture; web-share\" allowfullscreen><\/iframe><\/div>\n<\/div><figcaption class=\"wp-element-caption\"><a href=\"http:\/\/pontocomapalavra.com\/wp-content\/uploads\/2024\/01\/O-Plano-de-Deus-e-os-Vencedores.pdf\" title=\"\">Clique aqui para acompanhar a leitura.<\/a><\/figcaption><\/figure>\n\n\n\n<h4 class=\"wp-block-heading\">Cap\u00edtulo Cinco<\/h4>\n\n\n\n<figure class=\"wp-block-embed is-type-video is-provider-youtube wp-block-embed-youtube wp-embed-aspect-16-9 wp-has-aspect-ratio\"><div class=\"wp-block-embed__wrapper\">\n<div class='embed-container'><iframe loading=\"lazy\" title=\"O Plano de Deus e os Vencedores - Cap\u00edtulo 05 - Watchman Nee\" width=\"1920\" height=\"1080\" src=\"https:\/\/www.youtube.com\/embed\/DN_yyUHd71s?feature=oembed\" frameborder=\"0\" allow=\"accelerometer; autoplay; clipboard-write; encrypted-media; gyroscope; picture-in-picture; web-share\" allowfullscreen><\/iframe><\/div>\n<\/div><figcaption class=\"wp-element-caption\"><a href=\"http:\/\/pontocomapalavra.com\/wp-content\/uploads\/2024\/01\/O-Plano-de-Deus-e-os-Vencedores.pdf\" title=\"\">Clique aqui para acompanhar a leitura.<\/a><\/figcaption><\/figure>\n\n\n\n<h4 class=\"wp-block-heading\">Cap\u00edtulo Seis <\/h4>\n\n\n\n<figure class=\"wp-block-embed is-type-video is-provider-youtube wp-block-embed-youtube wp-embed-aspect-16-9 wp-has-aspect-ratio\"><div class=\"wp-block-embed__wrapper\">\n<div class='embed-container'><iframe loading=\"lazy\" title=\"O Plano de Deus e os Vencedores - Cap\u00edtulo 06 - Watchman Nee\" width=\"1920\" height=\"1080\" src=\"https:\/\/www.youtube.com\/embed\/omVplSkN-T0?feature=oembed\" frameborder=\"0\" allow=\"accelerometer; autoplay; clipboard-write; encrypted-media; gyroscope; picture-in-picture; web-share\" allowfullscreen><\/iframe><\/div>\n<\/div><figcaption class=\"wp-element-caption\"><a href=\"http:\/\/pontocomapalavra.com\/wp-content\/uploads\/2024\/01\/O-Plano-de-Deus-e-os-Vencedores.pdf\" title=\"\">Clique aqui para acompanhar a leitura.<\/a><\/figcaption><\/figure>\n\n\n\n<h4 class=\"wp-block-heading\">Cap\u00edtulo Sete <\/h4>\n\n\n\n<figure class=\"wp-block-embed is-type-video is-provider-youtube wp-block-embed-youtube wp-embed-aspect-16-9 wp-has-aspect-ratio\"><div class=\"wp-block-embed__wrapper\">\n<div class='embed-container'><iframe loading=\"lazy\" title=\"O Plano de Deus e os Vencedores - Cap\u00edtulo 07 - Watchman Nee\" width=\"1920\" height=\"1080\" src=\"https:\/\/www.youtube.com\/embed\/KwVmPlNcSNU?feature=oembed\" frameborder=\"0\" allow=\"accelerometer; autoplay; clipboard-write; encrypted-media; gyroscope; picture-in-picture; web-share\" allowfullscreen><\/iframe><\/div>\n<\/div><figcaption class=\"wp-element-caption\"><a href=\"http:\/\/pontocomapalavra.com\/wp-content\/uploads\/2024\/01\/O-Plano-de-Deus-e-os-Vencedores.pdf\" title=\"\">Clique aqui para acompanhar a leitura.<\/a><\/figcaption><\/figure>\n\n\n\n<h4 class=\"wp-block-heading\">Cap\u00edtulo Oito <\/h4>\n\n\n\n<figure class=\"wp-block-embed is-type-video is-provider-youtube wp-block-embed-youtube wp-embed-aspect-16-9 wp-has-aspect-ratio\"><div class=\"wp-block-embed__wrapper\">\n<div class='embed-container'><iframe loading=\"lazy\" title=\"O Plano de Deus e os Vencedores - Cap\u00edtulo 08 - Watchman Nee\" width=\"1920\" height=\"1080\" src=\"https:\/\/www.youtube.com\/embed\/prabJKfoYrA?feature=oembed\" frameborder=\"0\" allow=\"accelerometer; autoplay; clipboard-write; encrypted-media; gyroscope; picture-in-picture; web-share\" allowfullscreen><\/iframe><\/div>\n<\/div><figcaption class=\"wp-element-caption\"><a href=\"http:\/\/pontocomapalavra.com\/wp-content\/uploads\/2024\/01\/O-Plano-de-Deus-e-os-Vencedores.pdf\" title=\"\">Clique aqui para acompanhar a leitura.<\/a><\/figcaption><\/figure>\n","protected":false},"excerpt":{"rendered":"<p>Introdu\u00e7\u00e3o Cap\u00edtulo Um Cap\u00edtulo Dois Cap\u00edtulo Tr\u00eas Cap\u00edtulo Quatro Cap\u00edtulo Cinco Cap\u00edtulo Seis Cap\u00edtulo Sete Cap\u00edtulo Oito<\/p>\n","protected":false},"author":1,"featured_media":0,"parent":48,"menu_order":0,"comment_status":"closed","ping_status":"closed","template":"","meta":{"_monsterinsights_skip_tracking":false,"_monsterinsights_sitenote_active":false,"_monsterinsights_sitenote_note":"","_monsterinsights_sitenote_category":0,"footnotes":""},"aioseo_notices":[],"_links":{"self":[{"href":"https:\/\/pontocomapalavra.com\/index.php\/wp-json\/wp\/v2\/pages\/2471"}],"collection":[{"href":"https:\/\/pontocomapalavra.com\/index.php\/wp-json\/wp\/v2\/pages"}],"about":[{"href":"https:\/\/pontocomapalavra.com\/index.php\/wp-json\/wp\/v2\/types\/page"}],"author":[{"embeddable":true,"href":"https:\/\/pontocomapalavra.com\/index.php\/wp-json\/wp\/v2\/users\/1"}],"replies":[{"embeddable":true,"href":"https:\/\/pontocomapalavra.com\/index.php\/wp-json\/wp\/v2\/comments?post=2471"}],"version-history":[{"count":8,"href":"https:\/\/pontocomapalavra.com\/index.php\/wp-json\/wp\/v2\/pages\/2471\/revisions"}],"predecessor-version":[{"id":3405,"href":"https:\/\/pontocomapalavra.com\/index.php\/wp-json\/wp\/v2\/pages\/2471\/revisions\/3405"}],"up":[{"embeddable":true,"href":"https:\/\/pontocomapalavra.com\/index.php\/wp-json\/wp\/v2\/pages\/48"}],"wp:attachment":[{"href":"https:\/\/pontocomapalavra.com\/index.php\/wp-json\/wp\/v2\/media?parent=2471"}],"curies":[{"name":"wp","href":"https:\/\/api.w.org\/{rel}","templated":true}]}}