{"id":2388,"date":"2023-07-01T12:22:00","date_gmt":"2023-07-01T15:22:00","guid":{"rendered":"https:\/\/pontocomapalavradotcom.wordpress.com\/?page_id=2388"},"modified":"2026-02-27T09:48:13","modified_gmt":"2026-02-27T12:48:13","slug":"a-cruz-do-calvario","status":"publish","type":"page","link":"https:\/\/pontocomapalavra.com\/index.php\/audiolivros\/jesse-penn-lewis\/a-cruz-do-calvario\/","title":{"rendered":"A Cruz do Calv\u00e1rio"},"content":{"rendered":"\n<h2 class=\"wp-block-heading\">Cap\u00edtulo Um<\/h2>\n\n\n\n<figure class=\"wp-block-embed is-type-video is-provider-youtube wp-block-embed-youtube wp-embed-aspect-16-9 wp-has-aspect-ratio\"><div class=\"wp-block-embed__wrapper\">\n<div class='embed-container'><iframe loading=\"lazy\" title=\"A Cruz do Calv\u00e1rio - Cap\u00edtulo 01 - J. Penn-Lewis\" width=\"1920\" height=\"1080\" src=\"https:\/\/www.youtube.com\/embed\/u93Vk8mT_mk?start=7&#038;feature=oembed\" frameborder=\"0\" allow=\"accelerometer; autoplay; clipboard-write; encrypted-media; gyroscope; picture-in-picture; web-share\" allowfullscreen><\/iframe><\/div>\n<\/div><figcaption class=\"wp-element-caption\"><a href=\"http:\/\/pontocomapalavra.com\/wp-content\/uploads\/2024\/01\/A-Cruz-do-Calvario.pdf\" title=\"\">Clique aqui para acompanhar a leitura.<\/a><\/figcaption><\/figure>\n\n\n\n<h2 class=\"wp-block-heading\">Cap\u00edtulo Dois<\/h2>\n\n\n\n<figure class=\"wp-block-embed is-type-video is-provider-youtube wp-block-embed-youtube wp-embed-aspect-16-9 wp-has-aspect-ratio\"><div class=\"wp-block-embed__wrapper\">\n<div class='embed-container'><iframe loading=\"lazy\" title=\"A Cruz do Calv\u00e1rio - Cap\u00edtulo 02 - J. Penn-Lewis\" width=\"1920\" height=\"1080\" src=\"https:\/\/www.youtube.com\/embed\/-5xyiOCBjUk?start=10&#038;feature=oembed\" frameborder=\"0\" allow=\"accelerometer; autoplay; clipboard-write; encrypted-media; gyroscope; picture-in-picture; web-share\" allowfullscreen><\/iframe><\/div>\n<\/div><figcaption class=\"wp-element-caption\"><a href=\"http:\/\/pontocomapalavra.com\/wp-content\/uploads\/2024\/01\/A-Cruz-do-Calvario.pdf\" title=\"\">Clique aqui para acompanhar a leitura.<\/a><\/figcaption><\/figure>\n\n\n\n<h2 class=\"wp-block-heading\">Cap\u00edtulo Tr\u00eas<\/h2>\n\n\n\n<figure class=\"wp-block-embed is-type-video is-provider-youtube wp-block-embed-youtube wp-embed-aspect-16-9 wp-has-aspect-ratio\"><div class=\"wp-block-embed__wrapper\">\n<div class='embed-container'><iframe loading=\"lazy\" title=\"A Cruz do Calv\u00e1rio - Cap\u00edtulo 03 - J. Penn-Lewis\" width=\"1920\" height=\"1080\" src=\"https:\/\/www.youtube.com\/embed\/jk9xj6z6H_8?start=9&#038;feature=oembed\" frameborder=\"0\" allow=\"accelerometer; autoplay; clipboard-write; encrypted-media; gyroscope; picture-in-picture; web-share\" allowfullscreen><\/iframe><\/div>\n<\/div><figcaption class=\"wp-element-caption\"><a href=\"http:\/\/pontocomapalavra.com\/wp-content\/uploads\/2024\/01\/A-Cruz-do-Calvario.pdf\" title=\"\">Clique aqui para acompanhar a leitura.<\/a><\/figcaption><\/figure>\n\n\n\n<h2 class=\"wp-block-heading\">Cap\u00edtulo Quatro<\/h2>\n\n\n\n<figure class=\"wp-block-embed is-type-video is-provider-youtube wp-block-embed-youtube wp-embed-aspect-16-9 wp-has-aspect-ratio\"><div class=\"wp-block-embed__wrapper\">\n<div class='embed-container'><iframe loading=\"lazy\" title=\"A Cruz do Calv\u00e1rio - Cap\u00edtulo 04 - J. Penn-Lewis\" width=\"1920\" height=\"1080\" src=\"https:\/\/www.youtube.com\/embed\/MD7cjIA2EZE?start=9&#038;feature=oembed\" frameborder=\"0\" allow=\"accelerometer; autoplay; clipboard-write; encrypted-media; gyroscope; picture-in-picture; web-share\" allowfullscreen><\/iframe><\/div>\n<\/div><figcaption class=\"wp-element-caption\"><a href=\"http:\/\/pontocomapalavra.com\/wp-content\/uploads\/2024\/01\/A-Cruz-do-Calvario.pdf\" title=\"\">Clique aqui para acompanhar a leitura.<\/a><\/figcaption><\/figure>\n\n\n\n<h2 class=\"wp-block-heading\">Cap\u00edtulo Cinco<\/h2>\n\n\n\n<figure class=\"wp-block-embed is-type-video is-provider-youtube wp-block-embed-youtube wp-embed-aspect-16-9 wp-has-aspect-ratio\"><div class=\"wp-block-embed__wrapper\">\n<div class='embed-container'><iframe loading=\"lazy\" title=\"A Cruz do Calv\u00e1rio - Cap\u00edtulo 05 - J. Penn-Lewis\" width=\"1920\" height=\"1080\" src=\"https:\/\/www.youtube.com\/embed\/wIAYNGKksXY?start=3&#038;feature=oembed\" frameborder=\"0\" allow=\"accelerometer; autoplay; clipboard-write; encrypted-media; gyroscope; picture-in-picture; web-share\" allowfullscreen><\/iframe><\/div>\n<\/div><figcaption class=\"wp-element-caption\"><a href=\"http:\/\/pontocomapalavra.com\/wp-content\/uploads\/2024\/01\/A-Cruz-do-Calvario.pdf\" title=\"\">Clique aqui para acompanhar a leitura.<\/a><\/figcaption><\/figure>\n\n\n\n<h2 class=\"wp-block-heading\">Cap\u00edtulo Seis<\/h2>\n\n\n\n<figure class=\"wp-block-embed is-type-video is-provider-youtube wp-block-embed-youtube wp-embed-aspect-16-9 wp-has-aspect-ratio\"><div class=\"wp-block-embed__wrapper\">\n<div class='embed-container'><iframe loading=\"lazy\" title=\"A Cruz do Calv\u00e1rio - Cap\u00edtulo 06 - J. Penn-Lewis\" width=\"1920\" height=\"1080\" src=\"https:\/\/www.youtube.com\/embed\/_3lEqam5i2s?start=4&#038;feature=oembed\" frameborder=\"0\" allow=\"accelerometer; autoplay; clipboard-write; encrypted-media; gyroscope; picture-in-picture; web-share\" allowfullscreen><\/iframe><\/div>\n<\/div><figcaption class=\"wp-element-caption\"><a href=\"http:\/\/pontocomapalavra.com\/wp-content\/uploads\/2024\/01\/A-Cruz-do-Calvario.pdf\" title=\"\">Clique aqui para acompanhar a leitura.<\/a><\/figcaption><\/figure>\n\n\n\n<h4 class=\"wp-block-heading\">Cap\u00edtulo Sete<\/h4>\n\n\n\n<figure class=\"wp-block-embed is-type-video is-provider-youtube wp-block-embed-youtube wp-embed-aspect-16-9 wp-has-aspect-ratio\"><div class=\"wp-block-embed__wrapper\">\n<div class='embed-container'><iframe loading=\"lazy\" title=\"A Cruz do Calv\u00e1rio - Cap\u00edtulo 07 - J. Penn-Lewis\" width=\"1920\" height=\"1080\" src=\"https:\/\/www.youtube.com\/embed\/rnOPxUr1TpA?start=13&#038;feature=oembed\" frameborder=\"0\" allow=\"accelerometer; autoplay; clipboard-write; encrypted-media; gyroscope; picture-in-picture; web-share\" allowfullscreen><\/iframe><\/div>\n<\/div><figcaption class=\"wp-element-caption\"><a href=\"http:\/\/pontocomapalavra.com\/wp-content\/uploads\/2024\/01\/A-Cruz-do-Calvario.pdf\" title=\"\">Clique aqui para acompanhar a leitura.<\/a><\/figcaption><\/figure>\n\n\n\n<h2 class=\"wp-block-heading\">Cap\u00edtulo Oito<\/h2>\n\n\n\n<figure class=\"wp-block-embed is-type-video is-provider-youtube wp-block-embed-youtube wp-embed-aspect-16-9 wp-has-aspect-ratio\"><div class=\"wp-block-embed__wrapper\">\n<div class='embed-container'><iframe loading=\"lazy\" title=\"A Cruz do Calv\u00e1rio - Cap\u00edtulo 08 - J. Penn-Lewis\" width=\"1920\" height=\"1080\" src=\"https:\/\/www.youtube.com\/embed\/h05GoKoYASw?start=3&#038;feature=oembed\" frameborder=\"0\" allow=\"accelerometer; autoplay; clipboard-write; encrypted-media; gyroscope; picture-in-picture; web-share\" allowfullscreen><\/iframe><\/div>\n<\/div><figcaption class=\"wp-element-caption\"><a href=\"http:\/\/pontocomapalavra.com\/wp-content\/uploads\/2024\/01\/A-Cruz-do-Calvario.pdf\" title=\"\">Clique aqui para acompanhar a leitura.<\/a><\/figcaption><\/figure>\n\n\n\n<h2 class=\"wp-block-heading\">Cap\u00edtulo Nove<\/h2>\n\n\n\n<figure class=\"wp-block-embed is-type-video is-provider-youtube wp-block-embed-youtube wp-embed-aspect-16-9 wp-has-aspect-ratio\"><div class=\"wp-block-embed__wrapper\">\n<div class='embed-container'><iframe loading=\"lazy\" title=\"A Cruz do Calv\u00e1rio - Cap\u00edtulo 09 - J. Penn-Lewis\" width=\"1920\" height=\"1080\" src=\"https:\/\/www.youtube.com\/embed\/zgQ3SLqgbj0?start=4&#038;feature=oembed\" frameborder=\"0\" allow=\"accelerometer; autoplay; clipboard-write; encrypted-media; gyroscope; picture-in-picture; web-share\" allowfullscreen><\/iframe><\/div>\n<\/div><figcaption class=\"wp-element-caption\"><a href=\"http:\/\/pontocomapalavra.com\/wp-content\/uploads\/2024\/01\/A-Cruz-do-Calvario.pdf\" title=\"\">Clique aqui para acompanhar a leitura.<\/a><\/figcaption><\/figure>\n\n\n\n<h2 class=\"wp-block-heading\">Cap\u00edtulo Dez<\/h2>\n\n\n\n<figure class=\"wp-block-embed is-type-video is-provider-youtube wp-block-embed-youtube wp-embed-aspect-16-9 wp-has-aspect-ratio\"><div class=\"wp-block-embed__wrapper\">\n<div class='embed-container'><iframe loading=\"lazy\" title=\"A Cruz do Calv\u00e1rio - Cap\u00edtulo 10 - J. Penn-Lewis\" width=\"1920\" height=\"1080\" src=\"https:\/\/www.youtube.com\/embed\/mjzSdodor_A?start=16&#038;feature=oembed\" frameborder=\"0\" allow=\"accelerometer; autoplay; clipboard-write; encrypted-media; gyroscope; picture-in-picture; web-share\" allowfullscreen><\/iframe><\/div>\n<\/div><figcaption class=\"wp-element-caption\"><a href=\"http:\/\/pontocomapalavra.com\/wp-content\/uploads\/2024\/01\/A-Cruz-do-Calvario.pdf\" title=\"\">Clique aqui para acompanhar a leitura.<\/a><\/figcaption><\/figure>\n\n\n\n<h2 class=\"wp-block-heading\">Cap\u00edtulo Onze<\/h2>\n\n\n\n<figure class=\"wp-block-embed is-type-video is-provider-youtube wp-block-embed-youtube wp-embed-aspect-16-9 wp-has-aspect-ratio\"><div class=\"wp-block-embed__wrapper\">\n<div class='embed-container'><iframe loading=\"lazy\" title=\"A Cruz do Calv\u00e1rio - Cap\u00edtulo 11 - J. Penn-Lewis\" width=\"1920\" height=\"1080\" src=\"https:\/\/www.youtube.com\/embed\/6qS0r_gwEPE?start=14&#038;feature=oembed\" frameborder=\"0\" allow=\"accelerometer; autoplay; clipboard-write; encrypted-media; gyroscope; picture-in-picture; web-share\" allowfullscreen><\/iframe><\/div>\n<\/div><figcaption class=\"wp-element-caption\"><a href=\"http:\/\/pontocomapalavra.com\/wp-content\/uploads\/2024\/01\/A-Cruz-do-Calvario.pdf\" title=\"\">Clique aqui para acompanhar a leitura.<\/a><\/figcaption><\/figure>\n\n\n\n<h2 class=\"wp-block-heading\">Cap\u00edtulo Doze<\/h2>\n\n\n\n<figure class=\"wp-block-embed is-type-video is-provider-youtube wp-block-embed-youtube wp-embed-aspect-16-9 wp-has-aspect-ratio\"><div class=\"wp-block-embed__wrapper\">\n<div class='embed-container'><iframe loading=\"lazy\" title=\"A Cruz do Calv\u00e1rio - Cap\u00edtulo 12 - J. Penn-Lewis\" width=\"1920\" height=\"1080\" src=\"https:\/\/www.youtube.com\/embed\/q_21l9tMvOk?start=3&#038;feature=oembed\" frameborder=\"0\" allow=\"accelerometer; autoplay; clipboard-write; encrypted-media; gyroscope; picture-in-picture; web-share\" allowfullscreen><\/iframe><\/div>\n<\/div><figcaption class=\"wp-element-caption\"><a href=\"http:\/\/pontocomapalavra.com\/wp-content\/uploads\/2024\/01\/A-Cruz-do-Calvario.pdf\" title=\"\">Clique aqui para acompanhar a leitura.<\/a><\/figcaption><\/figure>\n\n\n\n<h2 class=\"wp-block-heading\">Cap\u00edtulo Treze<\/h2>\n\n\n\n<figure class=\"wp-block-embed is-type-video is-provider-youtube wp-block-embed-youtube wp-embed-aspect-16-9 wp-has-aspect-ratio\"><div class=\"wp-block-embed__wrapper\">\n<div class='embed-container'><iframe loading=\"lazy\" title=\"A Cruz do Calv\u00e1rio - Cap\u00edtulo 13 - J. Penn-Lewis\" width=\"1920\" height=\"1080\" src=\"https:\/\/www.youtube.com\/embed\/7VMUmMcVeSk?start=4&#038;feature=oembed\" frameborder=\"0\" allow=\"accelerometer; autoplay; clipboard-write; encrypted-media; gyroscope; picture-in-picture; web-share\" allowfullscreen><\/iframe><\/div>\n<\/div><figcaption class=\"wp-element-caption\"><a href=\"http:\/\/pontocomapalavra.com\/wp-content\/uploads\/2024\/01\/A-Cruz-do-Calvario.pdf\" title=\"\">Clique aqui para acompanhar a leitura.<\/a><\/figcaption><\/figure>\n\n\n\n<h2 class=\"wp-block-heading\">Cap\u00edtulo Catorze<\/h2>\n\n\n\n<figure class=\"wp-block-embed is-type-video is-provider-youtube wp-block-embed-youtube wp-embed-aspect-16-9 wp-has-aspect-ratio\"><div class=\"wp-block-embed__wrapper\">\n<div class='embed-container'><iframe loading=\"lazy\" title=\"A Cruz do Calv\u00e1rio - Cap\u00edtulo 14 - J. Penn-Lewis\" width=\"1920\" height=\"1080\" src=\"https:\/\/www.youtube.com\/embed\/RsgTTKEYDLM?start=3&#038;feature=oembed\" frameborder=\"0\" allow=\"accelerometer; autoplay; clipboard-write; encrypted-media; gyroscope; picture-in-picture; web-share\" allowfullscreen><\/iframe><\/div>\n<\/div><figcaption class=\"wp-element-caption\"><a href=\"http:\/\/pontocomapalavra.com\/wp-content\/uploads\/2024\/01\/A-Cruz-do-Calvario.pdf\" title=\"\">Clique aqui para acompanhar a leitura.<\/a><\/figcaption><\/figure>\n","protected":false},"excerpt":{"rendered":"<p>Cap\u00edtulo Um Cap\u00edtulo Dois Cap\u00edtulo Tr\u00eas Cap\u00edtulo Quatro Cap\u00edtulo Cinco Cap\u00edtulo Seis Cap\u00edtulo Sete Cap\u00edtulo Oito Cap\u00edtulo Nove Cap\u00edtulo Dez Cap\u00edtulo Onze Cap\u00edtulo Doze Cap\u00edtulo Treze Cap\u00edtulo Catorze<\/p>\n","protected":false},"author":1,"featured_media":0,"parent":2376,"menu_order":0,"comment_status":"closed","ping_status":"closed","template":"","meta":{"_monsterinsights_skip_tracking":false,"_monsterinsights_sitenote_active":false,"_monsterinsights_sitenote_note":"","_monsterinsights_sitenote_category":0,"footnotes":""},"aioseo_notices":[],"_links":{"self":[{"href":"https:\/\/pontocomapalavra.com\/index.php\/wp-json\/wp\/v2\/pages\/2388"}],"collection":[{"href":"https:\/\/pontocomapalavra.com\/index.php\/wp-json\/wp\/v2\/pages"}],"about":[{"href":"https:\/\/pontocomapalavra.com\/index.php\/wp-json\/wp\/v2\/types\/page"}],"author":[{"embeddable":true,"href":"https:\/\/pontocomapalavra.com\/index.php\/wp-json\/wp\/v2\/users\/1"}],"replies":[{"embeddable":true,"href":"https:\/\/pontocomapalavra.com\/index.php\/wp-json\/wp\/v2\/comments?post=2388"}],"version-history":[{"count":2,"href":"https:\/\/pontocomapalavra.com\/index.php\/wp-json\/wp\/v2\/pages\/2388\/revisions"}],"predecessor-version":[{"id":5198,"href":"https:\/\/pontocomapalavra.com\/index.php\/wp-json\/wp\/v2\/pages\/2388\/revisions\/5198"}],"up":[{"embeddable":true,"href":"https:\/\/pontocomapalavra.com\/index.php\/wp-json\/wp\/v2\/pages\/2376"}],"wp:attachment":[{"href":"https:\/\/pontocomapalavra.com\/index.php\/wp-json\/wp\/v2\/media?parent=2388"}],"curies":[{"name":"wp","href":"https:\/\/api.w.org\/{rel}","templated":true}]}}