{"id":2339,"date":"2023-06-02T14:47:26","date_gmt":"2023-06-02T17:47:26","guid":{"rendered":"https:\/\/pontocomapalavradotcom.wordpress.com\/?page_id=2339"},"modified":"2024-01-18T10:00:47","modified_gmt":"2024-01-18T13:00:47","slug":"a-salvacao-da-alma","status":"publish","type":"page","link":"https:\/\/pontocomapalavra.com\/index.php\/audiolivros\/watchman-nee\/a-salvacao-da-alma\/","title":{"rendered":"A Salva\u00e7\u00e3o da Alma"},"content":{"rendered":"\n<figure class=\"wp-block-embed is-type-video is-provider-youtube wp-block-embed-youtube wp-embed-aspect-16-9 wp-has-aspect-ratio\"><div class=\"wp-block-embed__wrapper\">\n<div class='embed-container'><iframe loading=\"lazy\" title=\"A Salva\u00e7\u00e3o da Alma - Cap\u00edtulo 01 - Watchman Nee\" width=\"1920\" height=\"1080\" src=\"https:\/\/www.youtube.com\/embed\/wIiS6L0ahJg?feature=oembed\" frameborder=\"0\" allow=\"accelerometer; autoplay; clipboard-write; encrypted-media; gyroscope; picture-in-picture; web-share\" allowfullscreen><\/iframe><\/div>\n<\/div><figcaption class=\"wp-element-caption\"><a href=\"http:\/\/pontocomapalavra.com\/wp-content\/uploads\/2024\/01\/A-Salvacao-da-Alma.pdf\" title=\"Clique aqui para acompanhar a leitura.\">Clique aqui para acompanhar a leitura.<\/a><\/figcaption><\/figure>\n\n\n\n<figure class=\"wp-block-embed is-type-video is-provider-youtube wp-block-embed-youtube wp-embed-aspect-16-9 wp-has-aspect-ratio\"><div class=\"wp-block-embed__wrapper\">\n<div class='embed-container'><iframe loading=\"lazy\" title=\"A Salva\u00e7\u00e3o da Alma - Cap\u00edtulo 02 - Watchman Nee\" width=\"1920\" height=\"1080\" src=\"https:\/\/www.youtube.com\/embed\/PmoCJ9ygTgw?feature=oembed\" frameborder=\"0\" allow=\"accelerometer; autoplay; clipboard-write; encrypted-media; gyroscope; picture-in-picture; web-share\" allowfullscreen><\/iframe><\/div>\n<\/div><figcaption class=\"wp-element-caption\"><a href=\"http:\/\/pontocomapalavra.com\/wp-content\/uploads\/2024\/01\/A-Salvacao-da-Alma.pdf\" title=\"Clique aqui para acompanhar a leitura.\">Clique aqui para acompanhar a leitura.<\/a><\/figcaption><\/figure>\n\n\n\n<figure class=\"wp-block-embed is-type-video is-provider-youtube wp-block-embed-youtube wp-embed-aspect-16-9 wp-has-aspect-ratio\"><div class=\"wp-block-embed__wrapper\">\n<div class='embed-container'><iframe loading=\"lazy\" title=\"A Salva\u00e7\u00e3o da Alma - Cap\u00edtulo 03 - Watchman Nee\" width=\"1920\" height=\"1080\" src=\"https:\/\/www.youtube.com\/embed\/Y8oYU9AGfKQ?feature=oembed\" frameborder=\"0\" allow=\"accelerometer; autoplay; clipboard-write; encrypted-media; gyroscope; picture-in-picture; web-share\" allowfullscreen><\/iframe><\/div>\n<\/div><figcaption class=\"wp-element-caption\"><a href=\"http:\/\/pontocomapalavra.com\/wp-content\/uploads\/2024\/01\/A-Salvacao-da-Alma.pdf\" title=\"Clique aqui para acompanhar a leitura.\">Clique aqui para acompanhar a leitura.<\/a><\/figcaption><\/figure>\n","protected":false},"excerpt":{"rendered":"","protected":false},"author":1,"featured_media":0,"parent":48,"menu_order":0,"comment_status":"closed","ping_status":"closed","template":"","meta":{"_monsterinsights_skip_tracking":false,"_monsterinsights_sitenote_active":false,"_monsterinsights_sitenote_note":"","_monsterinsights_sitenote_category":0,"footnotes":""},"aioseo_notices":[],"_links":{"self":[{"href":"https:\/\/pontocomapalavra.com\/index.php\/wp-json\/wp\/v2\/pages\/2339"}],"collection":[{"href":"https:\/\/pontocomapalavra.com\/index.php\/wp-json\/wp\/v2\/pages"}],"about":[{"href":"https:\/\/pontocomapalavra.com\/index.php\/wp-json\/wp\/v2\/types\/page"}],"author":[{"embeddable":true,"href":"https:\/\/pontocomapalavra.com\/index.php\/wp-json\/wp\/v2\/users\/1"}],"replies":[{"embeddable":true,"href":"https:\/\/pontocomapalavra.com\/index.php\/wp-json\/wp\/v2\/comments?post=2339"}],"version-history":[{"count":2,"href":"https:\/\/pontocomapalavra.com\/index.php\/wp-json\/wp\/v2\/pages\/2339\/revisions"}],"predecessor-version":[{"id":3258,"href":"https:\/\/pontocomapalavra.com\/index.php\/wp-json\/wp\/v2\/pages\/2339\/revisions\/3258"}],"up":[{"embeddable":true,"href":"https:\/\/pontocomapalavra.com\/index.php\/wp-json\/wp\/v2\/pages\/48"}],"wp:attachment":[{"href":"https:\/\/pontocomapalavra.com\/index.php\/wp-json\/wp\/v2\/media?parent=2339"}],"curies":[{"name":"wp","href":"https:\/\/api.w.org\/{rel}","templated":true}]}}