{"id":2228,"date":"2023-03-26T16:35:33","date_gmt":"2023-03-26T19:35:33","guid":{"rendered":"https:\/\/pontocomapalavradotcom.wordpress.com\/?page_id=2228"},"modified":"2024-01-18T19:56:22","modified_gmt":"2024-01-18T22:56:22","slug":"o-sangue-da-expiacao","status":"publish","type":"page","link":"https:\/\/pontocomapalavra.com\/index.php\/audiolivros\/george-henry-lang\/o-sangue-da-expiacao\/","title":{"rendered":"O Sangue da Expia\u00e7\u00e3o"},"content":{"rendered":"\n<h2 class=\"wp-block-heading\">Cap\u00edtulo Introdut\u00f3rio <\/h2>\n\n\n\n<figure class=\"wp-block-embed is-type-video is-provider-youtube wp-block-embed-youtube wp-embed-aspect-16-9 wp-has-aspect-ratio\"><div class=\"wp-block-embed__wrapper\">\n<div class='embed-container'><iframe loading=\"lazy\" title=\"O Sangue da Expia\u00e7\u00e3o - Cap\u00edtulo 00 - G. H. Lang\" width=\"1920\" height=\"1080\" src=\"https:\/\/www.youtube.com\/embed\/BaoQsV_0dBk?feature=oembed\" frameborder=\"0\" allow=\"accelerometer; autoplay; clipboard-write; encrypted-media; gyroscope; picture-in-picture; web-share\" allowfullscreen><\/iframe><\/div>\n<\/div><figcaption class=\"wp-element-caption\"><a href=\"http:\/\/pontocomapalavra.com\/wp-content\/uploads\/2024\/01\/O-Sangue-da-Expiacao.pdf\" title=\"Clique aqui para acompanhar a leitura.\">Clique aqui para acompanhar a leitura.<\/a><\/figcaption><\/figure>\n\n\n\n<h2 class=\"wp-block-heading\">Cap\u00edtulo Um<\/h2>\n\n\n\n<figure class=\"wp-block-embed is-type-video is-provider-youtube wp-block-embed-youtube wp-embed-aspect-16-9 wp-has-aspect-ratio\"><div class=\"wp-block-embed__wrapper\">\n<div class='embed-container'><iframe loading=\"lazy\" title=\"O Sangue da Expia\u00e7\u00e3o - Cap\u00edtulo 01 - G. H. Lang\" width=\"1920\" height=\"1080\" src=\"https:\/\/www.youtube.com\/embed\/DGOMAZTcfBw?feature=oembed\" frameborder=\"0\" allow=\"accelerometer; autoplay; clipboard-write; encrypted-media; gyroscope; picture-in-picture; web-share\" allowfullscreen><\/iframe><\/div>\n<\/div><figcaption class=\"wp-element-caption\"><a href=\"http:\/\/pontocomapalavra.com\/wp-content\/uploads\/2024\/01\/O-Sangue-da-Expiacao.pdf\" title=\"Clique aqui para acompanhar a leitura.\">Clique aqui para acompanhar a leitura.<\/a><\/figcaption><\/figure>\n\n\n\n<h2 class=\"wp-block-heading\">Cap\u00edtulo Dois <\/h2>\n\n\n\n<figure class=\"wp-block-embed is-type-video is-provider-youtube wp-block-embed-youtube wp-embed-aspect-16-9 wp-has-aspect-ratio\"><div class=\"wp-block-embed__wrapper\">\n<div class='embed-container'><iframe loading=\"lazy\" title=\"O Sangue da Expia\u00e7\u00e3o - Cap\u00edtulo 02 - G. H. Lang\" width=\"1920\" height=\"1080\" src=\"https:\/\/www.youtube.com\/embed\/OyBL7Hh9hyQ?feature=oembed\" frameborder=\"0\" allow=\"accelerometer; autoplay; clipboard-write; encrypted-media; gyroscope; picture-in-picture; web-share\" allowfullscreen><\/iframe><\/div>\n<\/div><figcaption class=\"wp-element-caption\"><a href=\"http:\/\/pontocomapalavra.com\/wp-content\/uploads\/2024\/01\/O-Sangue-da-Expiacao.pdf\" title=\"Clique aqui para acompanhar a leitura.\">Clique aqui para acompanhar a leitura.<\/a><\/figcaption><\/figure>\n\n\n\n<h2 class=\"wp-block-heading\">Cap\u00edtulo Tr\u00eas <\/h2>\n\n\n\n<figure class=\"wp-block-embed is-type-video is-provider-youtube wp-block-embed-youtube wp-embed-aspect-16-9 wp-has-aspect-ratio\"><div class=\"wp-block-embed__wrapper\">\n<div class='embed-container'><iframe loading=\"lazy\" title=\"O Sangue da Expia\u00e7\u00e3o - Cap\u00edtulo 03 - G. H. Lang\" width=\"1920\" height=\"1080\" src=\"https:\/\/www.youtube.com\/embed\/ywqDkwfehAo?feature=oembed\" frameborder=\"0\" allow=\"accelerometer; autoplay; clipboard-write; encrypted-media; gyroscope; picture-in-picture; web-share\" allowfullscreen><\/iframe><\/div>\n<\/div><figcaption class=\"wp-element-caption\"><a href=\"http:\/\/pontocomapalavra.com\/wp-content\/uploads\/2024\/01\/O-Sangue-da-Expiacao.pdf\" title=\"Clique aqui para acompanhar a leitura.\">Clique aqui para acompanhar a leitura.<\/a><\/figcaption><\/figure>\n\n\n\n<h2 class=\"wp-block-heading\">Cap\u00edtulo Quatro <\/h2>\n\n\n\n<figure class=\"wp-block-embed is-type-video is-provider-youtube wp-block-embed-youtube wp-embed-aspect-16-9 wp-has-aspect-ratio\"><div class=\"wp-block-embed__wrapper\">\n<div class='embed-container'><iframe loading=\"lazy\" title=\"O Sangue da Expia\u00e7\u00e3o - Cap\u00edtulo 04 - G. H. Lang\" width=\"1920\" height=\"1080\" src=\"https:\/\/www.youtube.com\/embed\/DBTZzu24O6I?feature=oembed\" frameborder=\"0\" allow=\"accelerometer; autoplay; clipboard-write; encrypted-media; gyroscope; picture-in-picture; web-share\" allowfullscreen><\/iframe><\/div>\n<\/div><figcaption class=\"wp-element-caption\"><a href=\"http:\/\/pontocomapalavra.com\/wp-content\/uploads\/2024\/01\/O-Sangue-da-Expiacao.pdf\" title=\"Clique aqui para acompanhar a leitura.\">Clique aqui para acompanhar a leitura.<\/a><\/figcaption><\/figure>\n\n\n\n<h2 class=\"wp-block-heading\">Cap\u00edtulo Cinco <\/h2>\n\n\n\n<figure class=\"wp-block-embed is-type-video is-provider-youtube wp-block-embed-youtube wp-embed-aspect-16-9 wp-has-aspect-ratio\"><div class=\"wp-block-embed__wrapper\">\n<div class='embed-container'><iframe loading=\"lazy\" title=\"O Sangue da Expia\u00e7\u00e3o - Cap\u00edtulo 05 - G. H. Lang\" width=\"1920\" height=\"1080\" src=\"https:\/\/www.youtube.com\/embed\/NXL2DnLAo88?feature=oembed\" frameborder=\"0\" allow=\"accelerometer; autoplay; clipboard-write; encrypted-media; gyroscope; picture-in-picture; web-share\" allowfullscreen><\/iframe><\/div>\n<\/div><figcaption class=\"wp-element-caption\"><a href=\"http:\/\/pontocomapalavra.com\/wp-content\/uploads\/2024\/01\/O-Sangue-da-Expiacao.pdf\" title=\"Clique aqui para acompanhar a leitura.\">Clique aqui para acompanhar a leitura.<\/a><\/figcaption><\/figure>\n\n\n\n<h2 class=\"wp-block-heading\">Cap\u00edtulo Seis <\/h2>\n\n\n\n<figure class=\"wp-block-embed is-type-video is-provider-youtube wp-block-embed-youtube wp-embed-aspect-16-9 wp-has-aspect-ratio\"><div class=\"wp-block-embed__wrapper\">\n<div class='embed-container'><iframe loading=\"lazy\" title=\"O Sangue da Expia\u00e7\u00e3o - Cap\u00edtulo 06 - G. H. Lang\" width=\"1920\" height=\"1080\" src=\"https:\/\/www.youtube.com\/embed\/5vRgZaV4HBs?feature=oembed\" frameborder=\"0\" allow=\"accelerometer; autoplay; clipboard-write; encrypted-media; gyroscope; picture-in-picture; web-share\" allowfullscreen><\/iframe><\/div>\n<\/div><figcaption class=\"wp-element-caption\"><a href=\"http:\/\/pontocomapalavra.com\/wp-content\/uploads\/2024\/01\/O-Sangue-da-Expiacao.pdf\" title=\"Clique aqui para acompanhar a leitura.\">Clique aqui para acompanhar a leitura.<\/a><\/figcaption><\/figure>\n\n\n\n<h2 class=\"wp-block-heading\">Cap\u00edtulo Sete<\/h2>\n\n\n\n<figure class=\"wp-block-embed is-type-video is-provider-youtube wp-block-embed-youtube wp-embed-aspect-16-9 wp-has-aspect-ratio\"><div class=\"wp-block-embed__wrapper\">\n<div class='embed-container'><iframe loading=\"lazy\" title=\"O Sangue da Expia\u00e7\u00e3o - Cap\u00edtulo 07 - G. H. Lang\" width=\"1920\" height=\"1080\" src=\"https:\/\/www.youtube.com\/embed\/hWAlP05HbU0?feature=oembed\" frameborder=\"0\" allow=\"accelerometer; autoplay; clipboard-write; encrypted-media; gyroscope; picture-in-picture; web-share\" allowfullscreen><\/iframe><\/div>\n<\/div><figcaption class=\"wp-element-caption\"><a href=\"http:\/\/pontocomapalavra.com\/wp-content\/uploads\/2024\/01\/O-Sangue-da-Expiacao.pdf\" title=\"Clique aqui para acompanhar a leitura.\">Clique aqui para acompanhar a leitura.<\/a><\/figcaption><\/figure>\n\n\n\n<h2 class=\"wp-block-heading\">Cap\u00edtulo Oito <\/h2>\n\n\n\n<figure class=\"wp-block-embed is-type-video is-provider-youtube wp-block-embed-youtube wp-embed-aspect-16-9 wp-has-aspect-ratio\"><div class=\"wp-block-embed__wrapper\">\n<div class='embed-container'><iframe loading=\"lazy\" title=\"O Sangue da Expia\u00e7\u00e3o - Cap\u00edtulo 08 - G. H. Lang\" width=\"1920\" height=\"1080\" src=\"https:\/\/www.youtube.com\/embed\/VeIYJLXqK8Y?feature=oembed\" frameborder=\"0\" allow=\"accelerometer; autoplay; clipboard-write; encrypted-media; gyroscope; picture-in-picture; web-share\" allowfullscreen><\/iframe><\/div>\n<\/div><figcaption class=\"wp-element-caption\"><a href=\"http:\/\/pontocomapalavra.com\/wp-content\/uploads\/2024\/01\/O-Sangue-da-Expiacao.pdf\" title=\"Clique aqui para acompanhar a leitura.\">Clique aqui para acompanhar a leitura.<\/a><\/figcaption><\/figure>\n\n\n\n<h2 class=\"wp-block-heading\">Cap\u00edtulo Nove <\/h2>\n\n\n\n<figure class=\"wp-block-embed is-type-video is-provider-youtube wp-block-embed-youtube wp-embed-aspect-16-9 wp-has-aspect-ratio\"><div class=\"wp-block-embed__wrapper\">\n<div class='embed-container'><iframe loading=\"lazy\" title=\"O Sangue da Expia\u00e7\u00e3o - Cap\u00edtulo 09 - G H. Lang\" width=\"1920\" height=\"1080\" src=\"https:\/\/www.youtube.com\/embed\/5mcZcnf7qyQ?feature=oembed\" frameborder=\"0\" allow=\"accelerometer; autoplay; clipboard-write; encrypted-media; gyroscope; picture-in-picture; web-share\" allowfullscreen><\/iframe><\/div>\n<\/div><figcaption class=\"wp-element-caption\"><a href=\"http:\/\/pontocomapalavra.com\/wp-content\/uploads\/2024\/01\/O-Sangue-da-Expiacao.pdf\" title=\"Clique aqui para acompanhar a leitura.\">Clique aqui para acompanhar a leitura.<\/a><\/figcaption><\/figure>\n\n\n\n<h2 class=\"wp-block-heading\">Cap\u00edtulo Dez<\/h2>\n\n\n\n<figure class=\"wp-block-embed is-type-video is-provider-youtube wp-block-embed-youtube wp-embed-aspect-16-9 wp-has-aspect-ratio\"><div class=\"wp-block-embed__wrapper\">\n<div class='embed-container'><iframe loading=\"lazy\" title=\"O Sangue da Expia\u00e7\u00e3o - Cap\u00edtulo 10 - G. H. Lang\" width=\"1920\" height=\"1080\" src=\"https:\/\/www.youtube.com\/embed\/4SK3NqpnMSQ?feature=oembed\" frameborder=\"0\" allow=\"accelerometer; autoplay; clipboard-write; encrypted-media; gyroscope; picture-in-picture; web-share\" allowfullscreen><\/iframe><\/div>\n<\/div><figcaption class=\"wp-element-caption\"><a href=\"http:\/\/pontocomapalavra.com\/wp-content\/uploads\/2024\/01\/O-Sangue-da-Expiacao.pdf\" title=\"Clique aqui para acompanhar a leitura.\">Clique aqui para acompanhar a leitura.<\/a><\/figcaption><\/figure>\n\n\n\n<h2 class=\"wp-block-heading\">Cap\u00edtulo Onze<\/h2>\n\n\n\n<figure class=\"wp-block-embed is-type-video is-provider-youtube wp-block-embed-youtube wp-embed-aspect-16-9 wp-has-aspect-ratio\"><div class=\"wp-block-embed__wrapper\">\n<div class='embed-container'><iframe loading=\"lazy\" title=\"O Sangue da Expia\u00e7\u00e3o - Cap\u00edtulo 11 - G. H. Lang\" width=\"1920\" height=\"1080\" src=\"https:\/\/www.youtube.com\/embed\/CRTb6xYrq-Y?feature=oembed\" frameborder=\"0\" allow=\"accelerometer; autoplay; clipboard-write; encrypted-media; gyroscope; picture-in-picture; web-share\" allowfullscreen><\/iframe><\/div>\n<\/div><figcaption class=\"wp-element-caption\"><a href=\"http:\/\/pontocomapalavra.com\/wp-content\/uploads\/2024\/01\/O-Sangue-da-Expiacao.pdf\" title=\"Clique aqui para acompanhar a leitura.\">Clique aqui para acompanhar a leitura.<\/a><\/figcaption><\/figure>\n\n\n\n<h2 class=\"wp-block-heading\">Cap\u00edtulo Doze<\/h2>\n\n\n\n<figure class=\"wp-block-embed is-type-video is-provider-youtube wp-block-embed-youtube wp-embed-aspect-16-9 wp-has-aspect-ratio\"><div class=\"wp-block-embed__wrapper\">\n<div class='embed-container'><iframe loading=\"lazy\" title=\"O Sangue da Expia\u00e7\u00e3o - Cap\u00edtulo 12 - G. H. Lang\" width=\"1920\" height=\"1080\" src=\"https:\/\/www.youtube.com\/embed\/UdVJHsIbkQ4?feature=oembed\" frameborder=\"0\" allow=\"accelerometer; autoplay; clipboard-write; encrypted-media; gyroscope; picture-in-picture; web-share\" allowfullscreen><\/iframe><\/div>\n<\/div><figcaption class=\"wp-element-caption\"><a href=\"http:\/\/pontocomapalavra.com\/wp-content\/uploads\/2024\/01\/O-Sangue-da-Expiacao.pdf\" title=\"Clique aqui para acompanhar a leitura.\">Clique aqui para acompanhar a leitura.<\/a><\/figcaption><\/figure>\n\n\n\n<h2 class=\"wp-block-heading\">Cap\u00edtulo Treze<\/h2>\n\n\n\n<figure class=\"wp-block-embed is-type-video is-provider-youtube wp-block-embed-youtube wp-embed-aspect-16-9 wp-has-aspect-ratio\"><div class=\"wp-block-embed__wrapper\">\n<div class='embed-container'><iframe loading=\"lazy\" title=\"O Sangue da Expia\u00e7\u00e3o - Cap\u00edtulo 13 - G. H. Lang\" width=\"1920\" height=\"1080\" src=\"https:\/\/www.youtube.com\/embed\/MVpKsFvi944?feature=oembed\" frameborder=\"0\" allow=\"accelerometer; autoplay; clipboard-write; encrypted-media; gyroscope; picture-in-picture; web-share\" allowfullscreen><\/iframe><\/div>\n<\/div><figcaption class=\"wp-element-caption\"><a href=\"http:\/\/pontocomapalavra.com\/wp-content\/uploads\/2024\/01\/O-Sangue-da-Expiacao.pdf\" title=\"Clique aqui para acompanhar a leitura.\">Clique aqui para acompanhar a leitura.<\/a><\/figcaption><\/figure>\n","protected":false},"excerpt":{"rendered":"<p>Cap\u00edtulo Introdut\u00f3rio Cap\u00edtulo Um Cap\u00edtulo Dois Cap\u00edtulo Tr\u00eas Cap\u00edtulo Quatro Cap\u00edtulo Cinco Cap\u00edtulo Seis Cap\u00edtulo Sete Cap\u00edtulo Oito Cap\u00edtulo Nove Cap\u00edtulo Dez Cap\u00edtulo Onze Cap\u00edtulo Doze Cap\u00edtulo Treze<\/p>\n","protected":false},"author":1,"featured_media":0,"parent":1810,"menu_order":0,"comment_status":"closed","ping_status":"closed","template":"","meta":{"_monsterinsights_skip_tracking":false,"_monsterinsights_sitenote_active":false,"_monsterinsights_sitenote_note":"","_monsterinsights_sitenote_category":0,"footnotes":""},"aioseo_notices":[],"_links":{"self":[{"href":"https:\/\/pontocomapalavra.com\/index.php\/wp-json\/wp\/v2\/pages\/2228"}],"collection":[{"href":"https:\/\/pontocomapalavra.com\/index.php\/wp-json\/wp\/v2\/pages"}],"about":[{"href":"https:\/\/pontocomapalavra.com\/index.php\/wp-json\/wp\/v2\/types\/page"}],"author":[{"embeddable":true,"href":"https:\/\/pontocomapalavra.com\/index.php\/wp-json\/wp\/v2\/users\/1"}],"replies":[{"embeddable":true,"href":"https:\/\/pontocomapalavra.com\/index.php\/wp-json\/wp\/v2\/comments?post=2228"}],"version-history":[{"count":1,"href":"https:\/\/pontocomapalavra.com\/index.php\/wp-json\/wp\/v2\/pages\/2228\/revisions"}],"predecessor-version":[{"id":3469,"href":"https:\/\/pontocomapalavra.com\/index.php\/wp-json\/wp\/v2\/pages\/2228\/revisions\/3469"}],"up":[{"embeddable":true,"href":"https:\/\/pontocomapalavra.com\/index.php\/wp-json\/wp\/v2\/pages\/1810"}],"wp:attachment":[{"href":"https:\/\/pontocomapalavra.com\/index.php\/wp-json\/wp\/v2\/media?parent=2228"}],"curies":[{"name":"wp","href":"https:\/\/api.w.org\/{rel}","templated":true}]}}