{"id":2176,"date":"2023-03-06T07:58:57","date_gmt":"2023-03-06T10:58:57","guid":{"rendered":"https:\/\/pontocomapalavradotcom.wordpress.com\/?page_id=2176"},"modified":"2023-03-06T07:58:57","modified_gmt":"2023-03-06T10:58:57","slug":"visao-de-cristo-o-senhor-da-gloria-no-livro-de-apocalipse","status":"publish","type":"page","link":"https:\/\/pontocomapalavra.com\/index.php\/audiolivros\/stephen-kaung\/visao-de-cristo-o-senhor-da-gloria-no-livro-de-apocalipse\/","title":{"rendered":"Vis\u00e3o de Cristo &#8211; O Senhor da Gl\u00f3ria no Livro de Apocalipse"},"content":{"rendered":"\n<h4 class=\"wp-block-heading\">Cap\u00edtulo Um<\/h4>\n\n\n\n<figure class=\"wp-block-embed is-type-video is-provider-youtube wp-block-embed-youtube wp-embed-aspect-16-9 wp-has-aspect-ratio\"><div class=\"wp-block-embed__wrapper\">\n<div class='embed-container'><iframe loading=\"lazy\" title=\"Vis\u00e3o de Cristo - Cap\u00edtulo 01 - Stephen Kaung\" width=\"1920\" height=\"1080\" src=\"https:\/\/www.youtube.com\/embed\/w_7YbYfM210?feature=oembed\" frameborder=\"0\" allow=\"accelerometer; autoplay; clipboard-write; encrypted-media; gyroscope; picture-in-picture; web-share\" allowfullscreen><\/iframe><\/div>\n<\/div><\/figure>\n\n\n\n<h4 class=\"wp-block-heading\">Cap\u00edtulo Dois<\/h4>\n\n\n\n<figure class=\"wp-block-embed is-type-video is-provider-youtube wp-block-embed-youtube wp-embed-aspect-16-9 wp-has-aspect-ratio\"><div class=\"wp-block-embed__wrapper\">\n<div class='embed-container'><iframe loading=\"lazy\" title=\"Vis\u00e3o de Cristo - Cap\u00edtulo 02 - Stephen Kaung\" width=\"1920\" height=\"1080\" src=\"https:\/\/www.youtube.com\/embed\/-fXkcd0N0fY?feature=oembed\" frameborder=\"0\" allow=\"accelerometer; autoplay; clipboard-write; encrypted-media; gyroscope; picture-in-picture; web-share\" allowfullscreen><\/iframe><\/div>\n<\/div><\/figure>\n\n\n\n<h4 class=\"wp-block-heading\">Cap\u00edtulo Tr\u00eas <\/h4>\n\n\n\n<figure class=\"wp-block-embed is-type-video is-provider-youtube wp-block-embed-youtube wp-embed-aspect-16-9 wp-has-aspect-ratio\"><div class=\"wp-block-embed__wrapper\">\n<div class='embed-container'><iframe loading=\"lazy\" title=\"Vis\u00e3o de Cristo - Cap\u00edtulo 03 - Stephen Kaung\" width=\"1920\" height=\"1080\" src=\"https:\/\/www.youtube.com\/embed\/qteFOl4cCNA?feature=oembed\" frameborder=\"0\" allow=\"accelerometer; autoplay; clipboard-write; encrypted-media; gyroscope; picture-in-picture; web-share\" allowfullscreen><\/iframe><\/div>\n<\/div><\/figure>\n\n\n\n<h4 class=\"wp-block-heading\">Cap\u00edtulo Quatro <\/h4>\n\n\n\n<figure class=\"wp-block-embed is-type-video is-provider-youtube wp-block-embed-youtube wp-embed-aspect-16-9 wp-has-aspect-ratio\"><div class=\"wp-block-embed__wrapper\">\n<div class='embed-container'><iframe loading=\"lazy\" title=\"Vis\u00e3o de Cristo - Cap\u00edtulo 04 - Stephen Kaung\" width=\"1920\" height=\"1080\" src=\"https:\/\/www.youtube.com\/embed\/A9fODKnQgoA?feature=oembed\" frameborder=\"0\" allow=\"accelerometer; autoplay; clipboard-write; encrypted-media; gyroscope; picture-in-picture; web-share\" allowfullscreen><\/iframe><\/div>\n<\/div><\/figure>\n\n\n\n<h4 class=\"wp-block-heading\">Cap\u00edtulo Cinco <\/h4>\n\n\n\n<figure class=\"wp-block-embed is-type-video is-provider-youtube wp-block-embed-youtube wp-embed-aspect-16-9 wp-has-aspect-ratio\"><div class=\"wp-block-embed__wrapper\">\n<div class='embed-container'><iframe loading=\"lazy\" title=\"Vis\u00e3o de Cristo - Cap\u00edtulo 05 - Stephen Kaung\" width=\"1920\" height=\"1080\" src=\"https:\/\/www.youtube.com\/embed\/qoOzzQg8doI?feature=oembed\" frameborder=\"0\" allow=\"accelerometer; autoplay; clipboard-write; encrypted-media; gyroscope; picture-in-picture; web-share\" allowfullscreen><\/iframe><\/div>\n<\/div><\/figure>\n\n\n\n<h4 class=\"wp-block-heading\">Cap\u00edtulo Seis<\/h4>\n\n\n\n<figure class=\"wp-block-embed is-type-video is-provider-youtube wp-block-embed-youtube wp-embed-aspect-16-9 wp-has-aspect-ratio\"><div class=\"wp-block-embed__wrapper\">\n<div class='embed-container'><iframe loading=\"lazy\" title=\"Vis\u00e3o de Cristo - Cap\u00edtulo 06 - Stephen Kaung\" width=\"1920\" height=\"1080\" src=\"https:\/\/www.youtube.com\/embed\/9FMXLwblHwg?feature=oembed\" frameborder=\"0\" allow=\"accelerometer; autoplay; clipboard-write; encrypted-media; gyroscope; picture-in-picture; web-share\" allowfullscreen><\/iframe><\/div>\n<\/div><\/figure>\n\n\n\n<h4 class=\"wp-block-heading\">Cap\u00edtulo Sete<\/h4>\n\n\n\n<figure class=\"wp-block-embed is-type-video is-provider-youtube wp-block-embed-youtube wp-embed-aspect-16-9 wp-has-aspect-ratio\"><div class=\"wp-block-embed__wrapper\">\n<div class='embed-container'><iframe loading=\"lazy\" title=\"Vis\u00e3o de Cristo - Cap\u00edtulo 07 - Stephen Kaung\" width=\"1920\" height=\"1080\" src=\"https:\/\/www.youtube.com\/embed\/aVPPaJgvphM?feature=oembed\" frameborder=\"0\" allow=\"accelerometer; autoplay; clipboard-write; encrypted-media; gyroscope; picture-in-picture; web-share\" allowfullscreen><\/iframe><\/div>\n<\/div><\/figure>\n","protected":false},"excerpt":{"rendered":"<p>Cap\u00edtulo Um Cap\u00edtulo Dois Cap\u00edtulo Tr\u00eas Cap\u00edtulo Quatro Cap\u00edtulo Cinco Cap\u00edtulo Seis Cap\u00edtulo Sete<\/p>\n","protected":false},"author":1,"featured_media":0,"parent":43,"menu_order":0,"comment_status":"closed","ping_status":"closed","template":"","meta":{"_monsterinsights_skip_tracking":false,"_monsterinsights_sitenote_active":false,"_monsterinsights_sitenote_note":"","_monsterinsights_sitenote_category":0,"footnotes":""},"aioseo_notices":[],"_links":{"self":[{"href":"https:\/\/pontocomapalavra.com\/index.php\/wp-json\/wp\/v2\/pages\/2176"}],"collection":[{"href":"https:\/\/pontocomapalavra.com\/index.php\/wp-json\/wp\/v2\/pages"}],"about":[{"href":"https:\/\/pontocomapalavra.com\/index.php\/wp-json\/wp\/v2\/types\/page"}],"author":[{"embeddable":true,"href":"https:\/\/pontocomapalavra.com\/index.php\/wp-json\/wp\/v2\/users\/1"}],"replies":[{"embeddable":true,"href":"https:\/\/pontocomapalavra.com\/index.php\/wp-json\/wp\/v2\/comments?post=2176"}],"version-history":[{"count":0,"href":"https:\/\/pontocomapalavra.com\/index.php\/wp-json\/wp\/v2\/pages\/2176\/revisions"}],"up":[{"embeddable":true,"href":"https:\/\/pontocomapalavra.com\/index.php\/wp-json\/wp\/v2\/pages\/43"}],"wp:attachment":[{"href":"https:\/\/pontocomapalavra.com\/index.php\/wp-json\/wp\/v2\/media?parent=2176"}],"curies":[{"name":"wp","href":"https:\/\/api.w.org\/{rel}","templated":true}]}}