{"id":2166,"date":"2023-03-06T07:45:20","date_gmt":"2023-03-06T10:45:20","guid":{"rendered":"https:\/\/pontocomapalavradotcom.wordpress.com\/?page_id=2166"},"modified":"2023-03-06T07:45:20","modified_gmt":"2023-03-06T10:45:20","slug":"otestemunho-do-senhor-e-a-necessidade-do-mundo","status":"publish","type":"page","link":"https:\/\/pontocomapalavra.com\/index.php\/audiolivros\/teodore-austin-sparks\/otestemunho-do-senhor-e-a-necessidade-do-mundo\/","title":{"rendered":"O Testemunho do Senhor e a Necessidade do Mundo"},"content":{"rendered":"\n<h4 class=\"wp-block-heading\">Cap\u00edtulo Um<\/h4>\n\n\n\n<figure class=\"wp-block-embed is-type-video is-provider-youtube wp-block-embed-youtube wp-embed-aspect-16-9 wp-has-aspect-ratio\"><div class=\"wp-block-embed__wrapper\">\n<div class='embed-container'><iframe loading=\"lazy\" title=\"O Testemunho do Senhor e a Necessidade do Mundo - Cap\u00edtulo 01 - T. A. Sparks\" width=\"1920\" height=\"1080\" src=\"https:\/\/www.youtube.com\/embed\/mZMXbOOlYAE?feature=oembed\" frameborder=\"0\" allow=\"accelerometer; autoplay; clipboard-write; encrypted-media; gyroscope; picture-in-picture; web-share\" allowfullscreen><\/iframe><\/div>\n<\/div><\/figure>\n\n\n\n<h4 class=\"wp-block-heading\">Cap\u00edtulo Dois<\/h4>\n\n\n\n<figure class=\"wp-block-embed is-type-video is-provider-youtube wp-block-embed-youtube wp-embed-aspect-16-9 wp-has-aspect-ratio\"><div class=\"wp-block-embed__wrapper\">\n<div class='embed-container'><iframe loading=\"lazy\" title=\"O Testemunho do Senhor e a Necessidade do Mundo - Cap\u00edtulo 02 - T. A. Sparks\" width=\"1920\" height=\"1080\" src=\"https:\/\/www.youtube.com\/embed\/4gJ-9ypWSN0?feature=oembed\" frameborder=\"0\" allow=\"accelerometer; autoplay; clipboard-write; encrypted-media; gyroscope; picture-in-picture; web-share\" allowfullscreen><\/iframe><\/div>\n<\/div><\/figure>\n\n\n\n<h4 class=\"wp-block-heading\">Cap\u00edtulo Tr\u00eas<\/h4>\n\n\n\n<figure class=\"wp-block-embed is-type-video is-provider-youtube wp-block-embed-youtube wp-embed-aspect-16-9 wp-has-aspect-ratio\"><div class=\"wp-block-embed__wrapper\">\n<div class='embed-container'><iframe loading=\"lazy\" title=\"O Testemunho do Senhor e a Necessidade do Mundo - Cap\u00edtulo 03 - T. A. Sparks\" width=\"1920\" height=\"1080\" src=\"https:\/\/www.youtube.com\/embed\/wVyw4rEGgB0?feature=oembed\" frameborder=\"0\" allow=\"accelerometer; autoplay; clipboard-write; encrypted-media; gyroscope; picture-in-picture; web-share\" allowfullscreen><\/iframe><\/div>\n<\/div><\/figure>\n","protected":false},"excerpt":{"rendered":"<p>Cap\u00edtulo Um Cap\u00edtulo Dois Cap\u00edtulo Tr\u00eas<\/p>\n","protected":false},"author":1,"featured_media":0,"parent":37,"menu_order":0,"comment_status":"closed","ping_status":"closed","template":"","meta":{"_monsterinsights_skip_tracking":false,"_monsterinsights_sitenote_active":false,"_monsterinsights_sitenote_note":"","_monsterinsights_sitenote_category":0,"footnotes":""},"aioseo_notices":[],"_links":{"self":[{"href":"https:\/\/pontocomapalavra.com\/index.php\/wp-json\/wp\/v2\/pages\/2166"}],"collection":[{"href":"https:\/\/pontocomapalavra.com\/index.php\/wp-json\/wp\/v2\/pages"}],"about":[{"href":"https:\/\/pontocomapalavra.com\/index.php\/wp-json\/wp\/v2\/types\/page"}],"author":[{"embeddable":true,"href":"https:\/\/pontocomapalavra.com\/index.php\/wp-json\/wp\/v2\/users\/1"}],"replies":[{"embeddable":true,"href":"https:\/\/pontocomapalavra.com\/index.php\/wp-json\/wp\/v2\/comments?post=2166"}],"version-history":[{"count":0,"href":"https:\/\/pontocomapalavra.com\/index.php\/wp-json\/wp\/v2\/pages\/2166\/revisions"}],"up":[{"embeddable":true,"href":"https:\/\/pontocomapalavra.com\/index.php\/wp-json\/wp\/v2\/pages\/37"}],"wp:attachment":[{"href":"https:\/\/pontocomapalavra.com\/index.php\/wp-json\/wp\/v2\/media?parent=2166"}],"curies":[{"name":"wp","href":"https:\/\/api.w.org\/{rel}","templated":true}]}}