{"id":21,"date":"2022-07-16T09:34:21","date_gmt":"2022-07-16T12:34:21","guid":{"rendered":"https:\/\/pontocomapalavradotcom.wordpress.com\/?page_id=21"},"modified":"2024-01-17T09:43:21","modified_gmt":"2024-01-17T12:43:21","slug":"christian-chen","status":"publish","type":"page","link":"https:\/\/pontocomapalavra.com\/index.php\/audiolivros\/christian-chen\/","title":{"rendered":"Christian Chen"},"content":{"rendered":"\n<p class=\"has-medium-font-size\"><a href=\"https:\/\/pontocomapalavra.com\/index.php\/audiolivros\/christian-chen\/a-vida-mais-abundante\/\" title=\"\">A Vida Mais Abundante<\/a><\/p>\n\n\n\n<p class=\"has-medium-font-size\"><a href=\"https:\/\/pontocomapalavra.com\/index.php\/audiolivros\/christian-chen\/ate-a-perfeicao\/\" title=\"\">At\u00e9 a Perfei\u00e7\u00e3o<\/a><\/p>\n\n\n\n<p class=\"has-medium-font-size\"><a href=\"https:\/\/pontocomapalavra.com\/index.php\/audiolivros\/christian-chen\/cenas-noturnas-da-biblia\/\" title=\"\">Cenas Noturnas da B\u00edblia <\/a><\/p>\n\n\n\n<p class=\"has-medium-font-size\"><a href=\"http:\/\/pontocomapalavra.com\/index.php\/audiolivros\/christian-chen\/o-duplo-chamamento\/\" title=\"\">O Duplo Chamamento <\/a><\/p>\n","protected":false},"excerpt":{"rendered":"<p>A Vida Mais Abundante At\u00e9 a Perfei\u00e7\u00e3o Cenas Noturnas da B\u00edblia O Duplo Chamamento<\/p>\n","protected":false},"author":1,"featured_media":0,"parent":1941,"menu_order":0,"comment_status":"closed","ping_status":"closed","template":"","meta":{"_monsterinsights_skip_tracking":false,"_monsterinsights_sitenote_active":false,"_monsterinsights_sitenote_note":"","_monsterinsights_sitenote_category":0,"footnotes":""},"aioseo_notices":[],"_links":{"self":[{"href":"https:\/\/pontocomapalavra.com\/index.php\/wp-json\/wp\/v2\/pages\/21"}],"collection":[{"href":"https:\/\/pontocomapalavra.com\/index.php\/wp-json\/wp\/v2\/pages"}],"about":[{"href":"https:\/\/pontocomapalavra.com\/index.php\/wp-json\/wp\/v2\/types\/page"}],"author":[{"embeddable":true,"href":"https:\/\/pontocomapalavra.com\/index.php\/wp-json\/wp\/v2\/users\/1"}],"replies":[{"embeddable":true,"href":"https:\/\/pontocomapalavra.com\/index.php\/wp-json\/wp\/v2\/comments?post=21"}],"version-history":[{"count":1,"href":"https:\/\/pontocomapalavra.com\/index.php\/wp-json\/wp\/v2\/pages\/21\/revisions"}],"predecessor-version":[{"id":3094,"href":"https:\/\/pontocomapalavra.com\/index.php\/wp-json\/wp\/v2\/pages\/21\/revisions\/3094"}],"up":[{"embeddable":true,"href":"https:\/\/pontocomapalavra.com\/index.php\/wp-json\/wp\/v2\/pages\/1941"}],"wp:attachment":[{"href":"https:\/\/pontocomapalavra.com\/index.php\/wp-json\/wp\/v2\/media?parent=21"}],"curies":[{"name":"wp","href":"https:\/\/api.w.org\/{rel}","templated":true}]}}