{"id":2018,"date":"2022-10-29T07:54:13","date_gmt":"2022-10-29T10:54:13","guid":{"rendered":"https:\/\/pontocomapalavradotcom.wordpress.com\/?page_id=2018"},"modified":"2022-10-29T07:54:13","modified_gmt":"2022-10-29T10:54:13","slug":"a-soberania-de-deus-na-restauracao","status":"publish","type":"page","link":"https:\/\/pontocomapalavra.com\/index.php\/mensagens\/dana-congdon\/a-soberania-de-deus-na-restauracao\/","title":{"rendered":"A Soberania de Deus na Restaura\u00e7\u00e3o"},"content":{"rendered":"\n<h4 class=\"wp-block-heading\">Mensagem Um <\/h4>\n\n\n\n<figure class=\"wp-block-embed is-type-video is-provider-youtube wp-block-embed-youtube wp-embed-aspect-16-9 wp-has-aspect-ratio\"><div class=\"wp-block-embed__wrapper\">\n<div class='embed-container'><iframe loading=\"lazy\" title=\"01 - A Soberania de Deus na Restaura\u00e7\u00e3o - Dana Congdon 1\u00aade4\" width=\"1920\" height=\"1080\" src=\"https:\/\/www.youtube.com\/embed\/ObfGleQzfkU?feature=oembed\" frameborder=\"0\" allow=\"accelerometer; autoplay; clipboard-write; encrypted-media; gyroscope; picture-in-picture; web-share\" allowfullscreen><\/iframe><\/div>\n<\/div><\/figure>\n\n\n\n<h4 class=\"wp-block-heading\">Mensagem Dois<\/h4>\n\n\n\n<figure class=\"wp-block-embed is-type-video is-provider-youtube wp-block-embed-youtube wp-embed-aspect-16-9 wp-has-aspect-ratio\"><div class=\"wp-block-embed__wrapper\">\n<div class='embed-container'><iframe loading=\"lazy\" title=\"02 - A Soberania de Deus na Restaura\u00e7\u00e3o - Dana Congdon 2\u00aade4\" width=\"1920\" height=\"1080\" src=\"https:\/\/www.youtube.com\/embed\/dZXlkKaQ4EM?feature=oembed\" frameborder=\"0\" allow=\"accelerometer; autoplay; clipboard-write; encrypted-media; gyroscope; picture-in-picture; web-share\" allowfullscreen><\/iframe><\/div>\n<\/div><\/figure>\n\n\n\n<h4 class=\"wp-block-heading\">Mensagem Tr\u00eas <\/h4>\n\n\n\n<figure class=\"wp-block-embed is-type-video is-provider-youtube wp-block-embed-youtube wp-embed-aspect-16-9 wp-has-aspect-ratio\"><div class=\"wp-block-embed__wrapper\">\n<div class='embed-container'><iframe loading=\"lazy\" title=\"03 - A Soberania de Deus na Restaura\u00e7\u00e3o - Dana Congdon 3\u00aade4\" width=\"1920\" height=\"1080\" src=\"https:\/\/www.youtube.com\/embed\/DQovJIrJwgA?feature=oembed\" frameborder=\"0\" allow=\"accelerometer; autoplay; clipboard-write; encrypted-media; gyroscope; picture-in-picture; web-share\" allowfullscreen><\/iframe><\/div>\n<\/div><\/figure>\n\n\n\n<h4 class=\"wp-block-heading\">Mensagem Quatro <\/h4>\n\n\n\n<figure class=\"wp-block-embed is-type-video is-provider-youtube wp-block-embed-youtube wp-embed-aspect-16-9 wp-has-aspect-ratio\"><div class=\"wp-block-embed__wrapper\">\n<div class='embed-container'><iframe loading=\"lazy\" title=\"04 - A Soberania de Deus na Restaura\u00e7\u00e3o-Comunh\u00e3o no Corpo de Cristo - Dana Congdon 4\u00aade4\" width=\"1920\" height=\"1080\" src=\"https:\/\/www.youtube.com\/embed\/btDT0BCZDJE?feature=oembed\" frameborder=\"0\" allow=\"accelerometer; autoplay; clipboard-write; encrypted-media; gyroscope; picture-in-picture; web-share\" allowfullscreen><\/iframe><\/div>\n<\/div><\/figure>\n","protected":false},"excerpt":{"rendered":"<p>Mensagem Um Mensagem Dois Mensagem Tr\u00eas Mensagem Quatro<\/p>\n","protected":false},"author":1,"featured_media":0,"parent":945,"menu_order":0,"comment_status":"closed","ping_status":"closed","template":"","meta":{"_monsterinsights_skip_tracking":false,"_monsterinsights_sitenote_active":false,"_monsterinsights_sitenote_note":"","_monsterinsights_sitenote_category":0,"footnotes":""},"aioseo_notices":[],"_links":{"self":[{"href":"https:\/\/pontocomapalavra.com\/index.php\/wp-json\/wp\/v2\/pages\/2018"}],"collection":[{"href":"https:\/\/pontocomapalavra.com\/index.php\/wp-json\/wp\/v2\/pages"}],"about":[{"href":"https:\/\/pontocomapalavra.com\/index.php\/wp-json\/wp\/v2\/types\/page"}],"author":[{"embeddable":true,"href":"https:\/\/pontocomapalavra.com\/index.php\/wp-json\/wp\/v2\/users\/1"}],"replies":[{"embeddable":true,"href":"https:\/\/pontocomapalavra.com\/index.php\/wp-json\/wp\/v2\/comments?post=2018"}],"version-history":[{"count":0,"href":"https:\/\/pontocomapalavra.com\/index.php\/wp-json\/wp\/v2\/pages\/2018\/revisions"}],"up":[{"embeddable":true,"href":"https:\/\/pontocomapalavra.com\/index.php\/wp-json\/wp\/v2\/pages\/945"}],"wp:attachment":[{"href":"https:\/\/pontocomapalavra.com\/index.php\/wp-json\/wp\/v2\/media?parent=2018"}],"curies":[{"name":"wp","href":"https:\/\/api.w.org\/{rel}","templated":true}]}}