{"id":1892,"date":"2022-10-09T15:37:28","date_gmt":"2022-10-09T18:37:28","guid":{"rendered":"https:\/\/pontocomapalavradotcom.wordpress.com\/?page_id=1892"},"modified":"2022-10-09T15:37:28","modified_gmt":"2022-10-09T18:37:28","slug":"redencao-e-propiciacao-em-cristo-jesus","status":"publish","type":"page","link":"https:\/\/pontocomapalavra.com\/index.php\/mensagens\/humberto-moraes\/redencao-e-propiciacao-em-cristo-jesus\/","title":{"rendered":"Reden\u00e7\u00e3o e Propicia\u00e7\u00e3o em Cristo Jesus"},"content":{"rendered":"\n<h4 class=\"wp-block-heading\">Mensagem Um <\/h4>\n\n\n\n<figure class=\"wp-block-embed is-type-video is-provider-youtube wp-block-embed-youtube wp-embed-aspect-16-9 wp-has-aspect-ratio\"><div class=\"wp-block-embed__wrapper\">\n<div class='embed-container'><iframe loading=\"lazy\" title=\"01 - Reden\u00e7\u00e3o e Propicia\u00e7\u00e3o em Cristo Jesus - Humberto Moraes 1\u00aade2\" width=\"1920\" height=\"1080\" src=\"https:\/\/www.youtube.com\/embed\/EXUIqW5h7Js?feature=oembed\" frameborder=\"0\" allow=\"accelerometer; autoplay; clipboard-write; encrypted-media; gyroscope; picture-in-picture; web-share\" allowfullscreen><\/iframe><\/div>\n<\/div><\/figure>\n\n\n\n<h4 class=\"wp-block-heading\">Mensagem Dois<\/h4>\n\n\n\n<figure class=\"wp-block-embed is-type-video is-provider-youtube wp-block-embed-youtube wp-embed-aspect-4-3 wp-has-aspect-ratio\"><div class=\"wp-block-embed__wrapper\">\n<div class='embed-container'><iframe loading=\"lazy\" title=\"02 - Os Cuidados da Vida Sufocam a Palavra - Humberto Moraes 2\u00aade2\" width=\"1440\" height=\"1080\" src=\"https:\/\/www.youtube.com\/embed\/OzYhAgLkwFU?feature=oembed\" frameborder=\"0\" allow=\"accelerometer; autoplay; clipboard-write; encrypted-media; gyroscope; picture-in-picture; web-share\" allowfullscreen><\/iframe><\/div>\n<\/div><\/figure>\n","protected":false},"excerpt":{"rendered":"<p>Mensagem Um Mensagem Dois<\/p>\n","protected":false},"author":1,"featured_media":0,"parent":1841,"menu_order":0,"comment_status":"closed","ping_status":"closed","template":"","meta":{"_monsterinsights_skip_tracking":false,"_monsterinsights_sitenote_active":false,"_monsterinsights_sitenote_note":"","_monsterinsights_sitenote_category":0,"footnotes":""},"aioseo_notices":[],"_links":{"self":[{"href":"https:\/\/pontocomapalavra.com\/index.php\/wp-json\/wp\/v2\/pages\/1892"}],"collection":[{"href":"https:\/\/pontocomapalavra.com\/index.php\/wp-json\/wp\/v2\/pages"}],"about":[{"href":"https:\/\/pontocomapalavra.com\/index.php\/wp-json\/wp\/v2\/types\/page"}],"author":[{"embeddable":true,"href":"https:\/\/pontocomapalavra.com\/index.php\/wp-json\/wp\/v2\/users\/1"}],"replies":[{"embeddable":true,"href":"https:\/\/pontocomapalavra.com\/index.php\/wp-json\/wp\/v2\/comments?post=1892"}],"version-history":[{"count":0,"href":"https:\/\/pontocomapalavra.com\/index.php\/wp-json\/wp\/v2\/pages\/1892\/revisions"}],"up":[{"embeddable":true,"href":"https:\/\/pontocomapalavra.com\/index.php\/wp-json\/wp\/v2\/pages\/1841"}],"wp:attachment":[{"href":"https:\/\/pontocomapalavra.com\/index.php\/wp-json\/wp\/v2\/media?parent=1892"}],"curies":[{"name":"wp","href":"https:\/\/api.w.org\/{rel}","templated":true}]}}