{"id":1470,"date":"2022-09-12T16:42:41","date_gmt":"2022-09-12T19:42:41","guid":{"rendered":"https:\/\/pontocomapalavradotcom.wordpress.com\/?page_id=1470"},"modified":"2022-09-12T16:42:41","modified_gmt":"2022-09-12T19:42:41","slug":"a-casa-de-deus","status":"publish","type":"page","link":"https:\/\/pontocomapalavra.com\/index.php\/mensagens\/romeu-bornelli\/a-casa-de-deus\/","title":{"rendered":"A Casa de Deus"},"content":{"rendered":"\n<h4 class=\"wp-block-heading\">Mensagem Um<\/h4>\n\n\n\n<figure class=\"wp-block-embed is-type-video is-provider-youtube wp-block-embed-youtube wp-embed-aspect-16-9 wp-has-aspect-ratio\"><div class=\"wp-block-embed__wrapper\">\n<div class='embed-container'><iframe loading=\"lazy\" title=\"01 - \u201cEu Amo, Senhor, a Habita\u00e7\u00e3o da Tua casa\u201c - Romeu Bornelli 1\u00aade4\" width=\"1920\" height=\"1080\" src=\"https:\/\/www.youtube.com\/embed\/npAQqTJGuXU?feature=oembed\" frameborder=\"0\" allow=\"accelerometer; autoplay; clipboard-write; encrypted-media; gyroscope; picture-in-picture; web-share\" allowfullscreen><\/iframe><\/div>\n<\/div><\/figure>\n\n\n\n<h4 class=\"wp-block-heading\">Mensagem Dois<\/h4>\n\n\n\n<figure class=\"wp-block-embed is-type-video is-provider-youtube wp-block-embed-youtube wp-embed-aspect-16-9 wp-has-aspect-ratio\"><div class=\"wp-block-embed__wrapper\">\n<div class='embed-container'><iframe loading=\"lazy\" title=\"02 - A \u00daltima Ora\u00e7\u00e3o do Profeta Isa\u00edas - Romeu Bornelli\" width=\"1920\" height=\"1080\" src=\"https:\/\/www.youtube.com\/embed\/Wng9cbk9Wyc?feature=oembed\" frameborder=\"0\" allow=\"accelerometer; autoplay; clipboard-write; encrypted-media; gyroscope; picture-in-picture; web-share\" allowfullscreen><\/iframe><\/div>\n<\/div><\/figure>\n\n\n\n<h4 class=\"wp-block-heading\">Mensagem Tr\u00eas<\/h4>\n\n\n\n<figure class=\"wp-block-embed is-type-video is-provider-youtube wp-block-embed-youtube wp-embed-aspect-16-9 wp-has-aspect-ratio\"><div class=\"wp-block-embed__wrapper\">\n<div class='embed-container'><iframe loading=\"lazy\" title=\"03 - A Casa de Deus O Novo Homem - Romeu Bornelli 3\u00aade4\" width=\"1920\" height=\"1080\" src=\"https:\/\/www.youtube.com\/embed\/ZQwHyTcPGwI?feature=oembed\" frameborder=\"0\" allow=\"accelerometer; autoplay; clipboard-write; encrypted-media; gyroscope; picture-in-picture; web-share\" allowfullscreen><\/iframe><\/div>\n<\/div><\/figure>\n\n\n\n<h4 class=\"wp-block-heading\">Mensagem Quatro<\/h4>\n\n\n\n<figure class=\"wp-block-embed is-type-video is-provider-youtube wp-block-embed-youtube wp-embed-aspect-16-9 wp-has-aspect-ratio\"><div class=\"wp-block-embed__wrapper\">\n<div class='embed-container'><iframe loading=\"lazy\" title=\"04 - \u201cQue Casa Me Edificareis V\u00f3s\u201d  Romanos 12 - Romeu Bornelli 4\u00aade4\" width=\"1920\" height=\"1080\" src=\"https:\/\/www.youtube.com\/embed\/mfC7Izh6gTo?feature=oembed\" frameborder=\"0\" allow=\"accelerometer; autoplay; clipboard-write; encrypted-media; gyroscope; picture-in-picture; web-share\" allowfullscreen><\/iframe><\/div>\n<\/div><\/figure>\n","protected":false},"excerpt":{"rendered":"<p>Mensagem Um Mensagem Dois Mensagem Tr\u00eas Mensagem Quatro<\/p>\n","protected":false},"author":1,"featured_media":0,"parent":816,"menu_order":0,"comment_status":"closed","ping_status":"closed","template":"","meta":{"_monsterinsights_skip_tracking":false,"_monsterinsights_sitenote_active":false,"_monsterinsights_sitenote_note":"","_monsterinsights_sitenote_category":0,"footnotes":""},"aioseo_notices":[],"_links":{"self":[{"href":"https:\/\/pontocomapalavra.com\/index.php\/wp-json\/wp\/v2\/pages\/1470"}],"collection":[{"href":"https:\/\/pontocomapalavra.com\/index.php\/wp-json\/wp\/v2\/pages"}],"about":[{"href":"https:\/\/pontocomapalavra.com\/index.php\/wp-json\/wp\/v2\/types\/page"}],"author":[{"embeddable":true,"href":"https:\/\/pontocomapalavra.com\/index.php\/wp-json\/wp\/v2\/users\/1"}],"replies":[{"embeddable":true,"href":"https:\/\/pontocomapalavra.com\/index.php\/wp-json\/wp\/v2\/comments?post=1470"}],"version-history":[{"count":0,"href":"https:\/\/pontocomapalavra.com\/index.php\/wp-json\/wp\/v2\/pages\/1470\/revisions"}],"up":[{"embeddable":true,"href":"https:\/\/pontocomapalavra.com\/index.php\/wp-json\/wp\/v2\/pages\/816"}],"wp:attachment":[{"href":"https:\/\/pontocomapalavra.com\/index.php\/wp-json\/wp\/v2\/media?parent=1470"}],"curies":[{"name":"wp","href":"https:\/\/api.w.org\/{rel}","templated":true}]}}