{"id":1382,"date":"2022-09-07T10:10:23","date_gmt":"2022-09-07T13:10:23","guid":{"rendered":"https:\/\/pontocomapalavradotcom.wordpress.com\/?page_id=1382"},"modified":"2022-09-07T10:10:23","modified_gmt":"2022-09-07T13:10:23","slug":"consagracao-e-sacerdocio","status":"publish","type":"page","link":"https:\/\/pontocomapalavra.com\/index.php\/mensagens\/rodrigo-abarca\/consagracao-e-sacerdocio\/","title":{"rendered":"Consagra\u00e7\u00e3o e Sacerd\u00f3cio"},"content":{"rendered":"\n<h4 class=\"wp-block-heading\">Mensagem Um<\/h4>\n\n\n\n<figure class=\"wp-block-embed is-type-video is-provider-youtube wp-block-embed-youtube wp-embed-aspect-16-9 wp-has-aspect-ratio\"><div class=\"wp-block-embed__wrapper\">\n<div class='embed-container'><iframe loading=\"lazy\" title=\"01 - Consagra\u00e7\u00e3o e Sacerd\u00f3cio - Rodrigo Abarca 1\u00aade3\" width=\"1920\" height=\"1080\" src=\"https:\/\/www.youtube.com\/embed\/mbgMAy0RJVU?feature=oembed\" frameborder=\"0\" allow=\"accelerometer; autoplay; clipboard-write; encrypted-media; gyroscope; picture-in-picture; web-share\" allowfullscreen><\/iframe><\/div>\n<\/div><\/figure>\n\n\n\n<h4 class=\"wp-block-heading\">Mensagem Dois<\/h4>\n\n\n\n<figure class=\"wp-block-embed is-type-video is-provider-youtube wp-block-embed-youtube wp-embed-aspect-16-9 wp-has-aspect-ratio\"><div class=\"wp-block-embed__wrapper\">\n<div class='embed-container'><iframe loading=\"lazy\" title=\"02 - Consagra\u00e7\u00e3o e Sacerd\u00f3cio - Rodrigo Abarca 2\u00aade3\" width=\"1920\" height=\"1080\" src=\"https:\/\/www.youtube.com\/embed\/gnger9yj5Fc?feature=oembed\" frameborder=\"0\" allow=\"accelerometer; autoplay; clipboard-write; encrypted-media; gyroscope; picture-in-picture; web-share\" allowfullscreen><\/iframe><\/div>\n<\/div><\/figure>\n\n\n\n<h4 class=\"wp-block-heading\">Mensagem Tr\u00eas<\/h4>\n\n\n\n<figure class=\"wp-block-embed is-type-video is-provider-youtube wp-block-embed-youtube wp-embed-aspect-16-9 wp-has-aspect-ratio\"><div class=\"wp-block-embed__wrapper\">\n<div class='embed-container'><iframe loading=\"lazy\" title=\"03 - Consagra\u00e7\u00e3o e Sacerd\u00f3cio - Rodrigo Abarca 3\u00aade3\" width=\"1920\" height=\"1080\" src=\"https:\/\/www.youtube.com\/embed\/b9EbUiidXgA?feature=oembed\" frameborder=\"0\" allow=\"accelerometer; autoplay; clipboard-write; encrypted-media; gyroscope; picture-in-picture; web-share\" allowfullscreen><\/iframe><\/div>\n<\/div><\/figure>\n","protected":false},"excerpt":{"rendered":"<p>Mensagem Um Mensagem Dois Mensagem Tr\u00eas<\/p>\n","protected":false},"author":1,"featured_media":0,"parent":814,"menu_order":0,"comment_status":"closed","ping_status":"closed","template":"","meta":{"_monsterinsights_skip_tracking":false,"_monsterinsights_sitenote_active":false,"_monsterinsights_sitenote_note":"","_monsterinsights_sitenote_category":0,"footnotes":""},"aioseo_notices":[],"_links":{"self":[{"href":"https:\/\/pontocomapalavra.com\/index.php\/wp-json\/wp\/v2\/pages\/1382"}],"collection":[{"href":"https:\/\/pontocomapalavra.com\/index.php\/wp-json\/wp\/v2\/pages"}],"about":[{"href":"https:\/\/pontocomapalavra.com\/index.php\/wp-json\/wp\/v2\/types\/page"}],"author":[{"embeddable":true,"href":"https:\/\/pontocomapalavra.com\/index.php\/wp-json\/wp\/v2\/users\/1"}],"replies":[{"embeddable":true,"href":"https:\/\/pontocomapalavra.com\/index.php\/wp-json\/wp\/v2\/comments?post=1382"}],"version-history":[{"count":0,"href":"https:\/\/pontocomapalavra.com\/index.php\/wp-json\/wp\/v2\/pages\/1382\/revisions"}],"up":[{"embeddable":true,"href":"https:\/\/pontocomapalavra.com\/index.php\/wp-json\/wp\/v2\/pages\/814"}],"wp:attachment":[{"href":"https:\/\/pontocomapalavra.com\/index.php\/wp-json\/wp\/v2\/media?parent=1382"}],"curies":[{"name":"wp","href":"https:\/\/api.w.org\/{rel}","templated":true}]}}