{"id":1329,"date":"2022-08-30T06:50:34","date_gmt":"2022-08-30T09:50:34","guid":{"rendered":"https:\/\/pontocomapalavradotcom.wordpress.com\/?page_id=1329"},"modified":"2024-01-19T18:25:51","modified_gmt":"2024-01-19T21:25:51","slug":"daniel-queiroz-de-moraes","status":"publish","type":"page","link":"https:\/\/pontocomapalavra.com\/index.php\/mensagens\/daniel-queiroz-de-moraes\/","title":{"rendered":"Daniel Queiroz de Moraes"},"content":{"rendered":"\n<p><a href=\"https:\/\/pontocomapalavra.com\/index.php\/mensagens\/daniel-queiroz-de-moraes\/-queiroz-de-moraes\/a-consciencia-a-vocacao-e-a-mesa-do-senhor\/\" title=\"\">A Consci\u00eancia, A Voca\u00e7\u00e3o e a Mesa do Senhor<\/a><\/p>\n\n\n\n<p><a href=\"https:\/\/pontocomapalavra.com\/index.php\/mensagens\/daniel-queiroz-de-moraes\/a-lei-os-tesouros-os-pecados-e-o-pecado-imperdoavel\/\" title=\"\">A Lei, os Tesouros, os Pecados e o Pecado Imperdo\u00e1vel<\/a><\/p>\n","protected":false},"excerpt":{"rendered":"<p>A Consci\u00eancia, A Voca\u00e7\u00e3o e a Mesa do Senhor A Lei, os Tesouros, os Pecados e o Pecado Imperdo\u00e1vel<\/p>\n","protected":false},"author":1,"featured_media":0,"parent":791,"menu_order":0,"comment_status":"closed","ping_status":"closed","template":"","meta":{"_monsterinsights_skip_tracking":false,"_monsterinsights_sitenote_active":false,"_monsterinsights_sitenote_note":"","_monsterinsights_sitenote_category":0,"footnotes":""},"aioseo_notices":[],"_links":{"self":[{"href":"https:\/\/pontocomapalavra.com\/index.php\/wp-json\/wp\/v2\/pages\/1329"}],"collection":[{"href":"https:\/\/pontocomapalavra.com\/index.php\/wp-json\/wp\/v2\/pages"}],"about":[{"href":"https:\/\/pontocomapalavra.com\/index.php\/wp-json\/wp\/v2\/types\/page"}],"author":[{"embeddable":true,"href":"https:\/\/pontocomapalavra.com\/index.php\/wp-json\/wp\/v2\/users\/1"}],"replies":[{"embeddable":true,"href":"https:\/\/pontocomapalavra.com\/index.php\/wp-json\/wp\/v2\/comments?post=1329"}],"version-history":[{"count":2,"href":"https:\/\/pontocomapalavra.com\/index.php\/wp-json\/wp\/v2\/pages\/1329\/revisions"}],"predecessor-version":[{"id":3721,"href":"https:\/\/pontocomapalavra.com\/index.php\/wp-json\/wp\/v2\/pages\/1329\/revisions\/3721"}],"up":[{"embeddable":true,"href":"https:\/\/pontocomapalavra.com\/index.php\/wp-json\/wp\/v2\/pages\/791"}],"wp:attachment":[{"href":"https:\/\/pontocomapalavra.com\/index.php\/wp-json\/wp\/v2\/media?parent=1329"}],"curies":[{"name":"wp","href":"https:\/\/api.w.org\/{rel}","templated":true}]}}