{"id":1007,"date":"2022-07-27T16:20:50","date_gmt":"2022-07-27T19:20:50","guid":{"rendered":"https:\/\/pontocomapalavradotcom.wordpress.com\/?page_id=1007"},"modified":"2022-07-27T16:20:50","modified_gmt":"2022-07-27T19:20:50","slug":"comunhao-consagracao-e-servico","status":"publish","type":"page","link":"https:\/\/pontocomapalavra.com\/index.php\/mensagens\/romeu-bornelli\/comunhao-consagracao-e-servico\/","title":{"rendered":"Comunh\u00e3o, Consagra\u00e7\u00e3o e Servi\u00e7o"},"content":{"rendered":"\n<h4 class=\"wp-block-heading\">Mensagem UM (Introdu\u00e7\u00e3o)<\/h4>\n\n\n\n<figure class=\"wp-block-embed is-type-video is-provider-youtube wp-block-embed-youtube wp-embed-aspect-16-9 wp-has-aspect-ratio\"><div class=\"wp-block-embed__wrapper\">\n<div class='embed-container'><iframe loading=\"lazy\" title=\"01 - Comunh\u00e3o, Consagra\u00e7\u00e3o e Servi\u00e7o - Claudimir Moraes 1\u00aade7\" width=\"1920\" height=\"1080\" src=\"https:\/\/www.youtube.com\/embed\/obNZ9a6DTmg?start=1990&#038;feature=oembed\" frameborder=\"0\" allow=\"accelerometer; autoplay; clipboard-write; encrypted-media; gyroscope; picture-in-picture; web-share\" allowfullscreen><\/iframe><\/div>\n<\/div><\/figure>\n\n\n\n<h4 class=\"wp-block-heading\">Mensagem Dois<\/h4>\n\n\n\n<figure class=\"wp-block-embed is-type-video is-provider-youtube wp-block-embed-youtube wp-embed-aspect-16-9 wp-has-aspect-ratio\"><div class=\"wp-block-embed__wrapper\">\n<div class='embed-container'><iframe loading=\"lazy\" title=\"02 - Nosso Triplo Chamado  Comunh\u00e3o, Consagra\u00e7\u00e3o e Servi\u00e7o - Romeu Bornelli 2\u00aade7\" width=\"1920\" height=\"1080\" src=\"https:\/\/www.youtube.com\/embed\/h69qHjDVlcI?start=1819&#038;feature=oembed\" frameborder=\"0\" allow=\"accelerometer; autoplay; clipboard-write; encrypted-media; gyroscope; picture-in-picture; web-share\" allowfullscreen><\/iframe><\/div>\n<\/div><\/figure>\n\n\n\n<figure class=\"wp-block-embed is-type-video is-provider-youtube wp-block-embed-youtube wp-embed-aspect-16-9 wp-has-aspect-ratio\"><div class=\"wp-block-embed__wrapper\">\n<div class='embed-container'><iframe loading=\"lazy\" title=\"03 - Mutualidade  Crescendo Como Corpo de Cristo - Romeu Bornelli 3\u00aade7\" width=\"1920\" height=\"1080\" src=\"https:\/\/www.youtube.com\/embed\/8vYXVo5I4VY?start=369&#038;feature=oembed\" frameborder=\"0\" allow=\"accelerometer; autoplay; clipboard-write; encrypted-media; gyroscope; picture-in-picture; web-share\" allowfullscreen><\/iframe><\/div>\n<\/div><\/figure>\n\n\n\n<h4 class=\"wp-block-heading\">Mensagem Quatro<\/h4>\n\n\n\n<figure class=\"wp-block-embed is-type-video is-provider-youtube wp-block-embed-youtube wp-embed-aspect-16-9 wp-has-aspect-ratio\"><div class=\"wp-block-embed__wrapper\">\n<div class='embed-container'><iframe loading=\"lazy\" title=\"04 - Consagra\u00e7\u00e3o  Seu Significado, Progresso e Desafios - Romeu Bornelli 4\u00aade7\" width=\"1920\" height=\"1080\" src=\"https:\/\/www.youtube.com\/embed\/L6rt8p9vmMk?start=3&#038;feature=oembed\" frameborder=\"0\" allow=\"accelerometer; autoplay; clipboard-write; encrypted-media; gyroscope; picture-in-picture; web-share\" allowfullscreen><\/iframe><\/div>\n<\/div><\/figure>\n\n\n\n<h4 class=\"wp-block-heading\">Mensagem Cinco<\/h4>\n\n\n\n<figure class=\"wp-block-embed is-type-video is-provider-youtube wp-block-embed-youtube wp-embed-aspect-16-9 wp-has-aspect-ratio\"><div class=\"wp-block-embed__wrapper\">\n<div class='embed-container'><iframe loading=\"lazy\" title=\"05 - Consagra\u00e7\u00e3o- Seu Significado, Progresso e Desafios - Romeu Bornelli 5\u00aade7\" width=\"1920\" height=\"1080\" src=\"https:\/\/www.youtube.com\/embed\/BceIqoIp1-w?start=3&#038;feature=oembed\" frameborder=\"0\" allow=\"accelerometer; autoplay; clipboard-write; encrypted-media; gyroscope; picture-in-picture; web-share\" allowfullscreen><\/iframe><\/div>\n<\/div><\/figure>\n\n\n\n<h4 class=\"wp-block-heading\">Mensagem Seis<\/h4>\n\n\n\n<figure class=\"wp-block-embed is-type-video is-provider-youtube wp-block-embed-youtube wp-embed-aspect-16-9 wp-has-aspect-ratio\"><div class=\"wp-block-embed__wrapper\">\n<div class='embed-container'><iframe loading=\"lazy\" title=\"06 - Servi\u00e7o- Os Golpes do Senhor e o Aprendizado de Paulo - Romeu Bornelli 6\u00aade7\" width=\"1920\" height=\"1080\" src=\"https:\/\/www.youtube.com\/embed\/dFvJSPK28LM?start=9&#038;feature=oembed\" frameborder=\"0\" allow=\"accelerometer; autoplay; clipboard-write; encrypted-media; gyroscope; picture-in-picture; web-share\" allowfullscreen><\/iframe><\/div>\n<\/div><\/figure>\n\n\n\n<h4 class=\"wp-block-heading\">Mensagem Sete<\/h4>\n\n\n\n<figure class=\"wp-block-embed is-type-video is-provider-youtube wp-block-embed-youtube wp-embed-aspect-16-9 wp-has-aspect-ratio\"><div class=\"wp-block-embed__wrapper\">\n<div class='embed-container'><iframe loading=\"lazy\" title=\"07  - O Modelo da Vida e Servi\u00e7o de Paulo - Romeu Bornelli 7\u00aade7\" width=\"1920\" height=\"1080\" src=\"https:\/\/www.youtube.com\/embed\/EvFt8OCPRMc?start=6&#038;feature=oembed\" frameborder=\"0\" allow=\"accelerometer; autoplay; clipboard-write; encrypted-media; gyroscope; picture-in-picture; web-share\" allowfullscreen><\/iframe><\/div>\n<\/div><\/figure>\n","protected":false},"excerpt":{"rendered":"<p>Mensagem UM (Introdu\u00e7\u00e3o) Mensagem Dois Mensagem Quatro Mensagem Cinco Mensagem Seis Mensagem Sete<\/p>\n","protected":false},"author":1,"featured_media":0,"parent":816,"menu_order":0,"comment_status":"closed","ping_status":"closed","template":"","meta":{"_monsterinsights_skip_tracking":false,"_monsterinsights_sitenote_active":false,"_monsterinsights_sitenote_note":"","_monsterinsights_sitenote_category":0,"footnotes":""},"aioseo_notices":[],"_links":{"self":[{"href":"https:\/\/pontocomapalavra.com\/index.php\/wp-json\/wp\/v2\/pages\/1007"}],"collection":[{"href":"https:\/\/pontocomapalavra.com\/index.php\/wp-json\/wp\/v2\/pages"}],"about":[{"href":"https:\/\/pontocomapalavra.com\/index.php\/wp-json\/wp\/v2\/types\/page"}],"author":[{"embeddable":true,"href":"https:\/\/pontocomapalavra.com\/index.php\/wp-json\/wp\/v2\/users\/1"}],"replies":[{"embeddable":true,"href":"https:\/\/pontocomapalavra.com\/index.php\/wp-json\/wp\/v2\/comments?post=1007"}],"version-history":[{"count":0,"href":"https:\/\/pontocomapalavra.com\/index.php\/wp-json\/wp\/v2\/pages\/1007\/revisions"}],"up":[{"embeddable":true,"href":"https:\/\/pontocomapalavra.com\/index.php\/wp-json\/wp\/v2\/pages\/816"}],"wp:attachment":[{"href":"https:\/\/pontocomapalavra.com\/index.php\/wp-json\/wp\/v2\/media?parent=1007"}],"curies":[{"name":"wp","href":"https:\/\/api.w.org\/{rel}","templated":true}]}}